{"id":537,"date":"2016-07-22T10:08:29","date_gmt":"2016-07-22T10:08:29","guid":{"rendered":"http:\/\/demo.yolotheme.com\/dummy\/begreen\/home-4-2\/"},"modified":"2016-07-22T10:08:29","modified_gmt":"2016-07-22T10:08:29","slug":"blog-home","status":"publish","type":"page","link":"https:\/\/inspiratsiooniaiad.ee\/uus\/blog-home\/","title":{"rendered":"Blog Home"},"content":{"rendered":"<div class=\"wpb-content-wrapper\"><p>[vc_row layout=&#8221;wide&#8221; css=&#8221;.vc_custom_1469528109310{padding-bottom: 5% !important;}&#8221;][vc_column css=&#8221;.vc_custom_1469525123751{padding-right: 0px !important;padding-left: 0px !important;}&#8221;]  \r\n                    <div class=\"row recent-news-home_5 \" >\r\n                <div class=\"recent-news-container\">\r\n  <div id=\"recent-news-list\" class=\"slick-slider\"\r\n    data-autoplay=\"true\"\r\n    data-duration=\"3000\"\r\n    data-rtl=\"\"\r\n  >\r\n          <div class=\"recent-news-item\">\r\n        <div class=\"post-thumbnail\">\r\n          <a href=\"https:\/\/inspiratsiooniaiad.ee\/uus\/inspiratsiooni-loov-koolitusreis-inglismaale\/\"><\/a>\r\n        <\/div>\r\n        <div class=\"post-information\">\r\n          <div class=\"category\">\r\n            <a href=\"https:\/\/inspiratsiooniaiad.ee\/uus\/category\/uudised\/\" rel=\"category tag\">Uudised<\/a>          <\/div>\r\n          <h3 class=\"post-title\"><a href=\"https:\/\/inspiratsiooniaiad.ee\/uus\/inspiratsiooni-loov-koolitusreis-inglismaale\/\">Inspiratsiooni loov koolitusreis Inglismaale &#8211; mai 2025<\/a><\/h3>\r\n          <div class=\"post-meta\">\r\n            <span class=\"post-date\"><i class=\"fa fa-calendar\"><\/i>24. Aug 2025 <\/span>\r\n            <span class=\"post-count-comments\"><i class=\"fa fa-comments\"><\/i>0 Comments<\/span>\r\n          <\/div>\r\n          <a href=\"https:\/\/inspiratsiooniaiad.ee\/uus\/inspiratsiooni-loov-koolitusreis-inglismaale\/\" class=\"btn-readmore\"><span class=\"span-text\">Read More<\/span><\/a>\r\n        <\/div>\r\n      <\/div>\r\n          <div class=\"recent-news-item\">\r\n        <div class=\"post-thumbnail\">\r\n          <a href=\"https:\/\/inspiratsiooniaiad.ee\/uus\/topiaaride-koolitus\/\"><img loading=\"lazy\" decoding=\"async\" width=\"1024\" height=\"684\" src=\"https:\/\/inspiratsiooniaiad.ee\/uus\/wp-content\/uploads\/2025\/03\/DSC_8589-1024x684.jpg\" class=\"attachment-large size-large wp-post-image\" alt=\"\" srcset=\"https:\/\/inspiratsiooniaiad.ee\/uus\/wp-content\/uploads\/2025\/03\/DSC_8589-1024x684.jpg 1024w, https:\/\/inspiratsiooniaiad.ee\/uus\/wp-content\/uploads\/2025\/03\/DSC_8589.jpg 2048w\" sizes=\"auto, (max-width: 1024px) 100vw, 1024px\" \/><\/a>\r\n        <\/div>\r\n        <div class=\"post-information\">\r\n          <div class=\"category\">\r\n            <a href=\"https:\/\/inspiratsiooniaiad.ee\/uus\/category\/sundmused\/\" rel=\"category tag\">S\u00fcndmused<\/a> \/ <a href=\"https:\/\/inspiratsiooniaiad.ee\/uus\/category\/uudised\/\" rel=\"category tag\">Uudised<\/a>          <\/div>\r\n          <h3 class=\"post-title\"><a href=\"https:\/\/inspiratsiooniaiad.ee\/uus\/topiaaride-koolitus\/\">Topiaarpuude l\u00f5ikamise koolitus T\u00fcril 04.09.2025 kell 18.00<\/a><\/h3>\r\n          <div class=\"post-meta\">\r\n            <span class=\"post-date\"><i class=\"fa fa-calendar\"><\/i>19. Jun 2025 <\/span>\r\n            <span class=\"post-count-comments\"><i class=\"fa fa-comments\"><\/i>0 Comments<\/span>\r\n          <\/div>\r\n          <a href=\"https:\/\/inspiratsiooniaiad.ee\/uus\/topiaaride-koolitus\/\" class=\"btn-readmore\"><span class=\"span-text\">Read More<\/span><\/a>\r\n        <\/div>\r\n      <\/div>\r\n          <div class=\"recent-news-item\">\r\n        <div class=\"post-thumbnail\">\r\n          <a href=\"https:\/\/inspiratsiooniaiad.ee\/uus\/tule-avastama-turi-kauneid-koduaedu\/\"><img loading=\"lazy\" decoding=\"async\" width=\"1024\" height=\"684\" src=\"https:\/\/inspiratsiooniaiad.ee\/uus\/wp-content\/uploads\/2025\/03\/DSC_8587-1024x684.jpg\" class=\"attachment-large size-large wp-post-image\" alt=\"\" srcset=\"https:\/\/inspiratsiooniaiad.ee\/uus\/wp-content\/uploads\/2025\/03\/DSC_8587-1024x684.jpg 1024w, https:\/\/inspiratsiooniaiad.ee\/uus\/wp-content\/uploads\/2025\/03\/DSC_8587.jpg 2048w\" sizes=\"auto, (max-width: 1024px) 100vw, 1024px\" \/><\/a>\r\n        <\/div>\r\n        <div class=\"post-information\">\r\n          <div class=\"category\">\r\n            <a href=\"https:\/\/inspiratsiooniaiad.ee\/uus\/category\/sundmused\/\" rel=\"category tag\">S\u00fcndmused<\/a> \/ <a href=\"https:\/\/inspiratsiooniaiad.ee\/uus\/category\/uudised\/\" rel=\"category tag\">Uudised<\/a>          <\/div>\r\n          <h3 class=\"post-title\"><a href=\"https:\/\/inspiratsiooniaiad.ee\/uus\/tule-avastama-turi-kauneid-koduaedu\/\">Tule avastama T\u00fcri kauneid koduaedu!<\/a><\/h3>\r\n          <div class=\"post-meta\">\r\n            <span class=\"post-date\"><i class=\"fa fa-calendar\"><\/i>27. Mar 2025 <\/span>\r\n            <span class=\"post-count-comments\"><i class=\"fa fa-comments\"><\/i>0 Comments<\/span>\r\n          <\/div>\r\n          <a href=\"https:\/\/inspiratsiooniaiad.ee\/uus\/tule-avastama-turi-kauneid-koduaedu\/\" class=\"btn-readmore\"><span class=\"span-text\">Read More<\/span><\/a>\r\n        <\/div>\r\n      <\/div>\r\n      <\/div>\r\n  <div class=\"recent-news-control\">\r\n    <div class=\"news-nav nav-prev\"><i class=\"fa fa-chevron-left\"><\/i><\/div>\r\n    <div class=\"news-nav nav-next\"><i class=\"fa fa-chevron-right\"><\/i><\/div>\r\n  <\/div>\r\n<\/div> \r\n\r\n\r\n            <\/div>\r\n            \r\n                [\/vc_column][\/vc_row][vc_row css=&#8221;.vc_custom_1474268180528{padding-bottom: 5% !important;}&#8221;][vc_column width=&#8221;3\/4&#8243; css=&#8221;.vc_custom_1469583659659{padding-right: 0px !important;padding-left: 0px !important;}&#8221;]            <div class=\"shortcode-blog-wrap   hide_author\" >\n                <div class=\"blog-wrap masonry\">\n                    <div class=\"blog-inner clearfix blog-style-masonry blog-paging-load-more blog-col-2\">\n                        <article id=\"post-23342\" class=\"clearfix post-23342 post type-post status-publish format-standard hentry category-uudised\" style=\"padding: 0 15px 30px 15px;\">\n    <div class=\"post-item lightGallery-js\">\n        <div class=\"entry-wrap\">\n                        <div class=\"entry-content-wrap\">\n                <div class=\"entry-detail\">\n                    <h3 class=\"entry-title\">\n                        <a href=\"https:\/\/inspiratsiooniaiad.ee\/uus\/inspiratsiooni-loov-koolitusreis-inglismaale\/\" rel=\"bookmark\" title=\"Inspiratsiooni loov koolitusreis Inglismaale &#8211; mai 2025\">Inspiratsiooni loov koolitusreis Inglismaale &#8211; mai 2025<\/a>\n                    <\/h3>\n                    <div class=\"entry-post-meta-wrap\">\n                        <ul class=\"entry-meta\">\n    <li class=\"entry-meta-author\">\n        <i class=\"fa fa-pencil-square-o p-color\"><\/i> <a href=\"https:\/\/inspiratsiooniaiad.ee\/uus\/author\/admin\/\">admin<\/a>    <\/li>\n\n     <li class=\"entry-meta-date\">\n         <i class=\"fa fa-clock-o p-color\"><\/i> <a href=\"https:\/\/inspiratsiooniaiad.ee\/uus\/inspiratsiooni-loov-koolitusreis-inglismaale\/\" rel=\"bookmark\" title=\"Inspiratsiooni loov koolitusreis Inglismaale &#8211; mai 2025\"> 24. Aug 2025 <\/a>\n     <\/li>\n\n            <li class=\"entry-meta-category\">\n            <i class=\"fa fa-folder-open p-color\"><\/i> <a href=\"https:\/\/inspiratsiooniaiad.ee\/uus\/category\/uudised\/\" rel=\"category tag\">Uudised<\/a>        <\/li>\n    \n            <li class=\"entry-meta-comment\">\n            <a href=\"https:\/\/inspiratsiooniaiad.ee\/uus\/inspiratsiooni-loov-koolitusreis-inglismaale\/#respond\"><i class=\"fa fa-comments-o p-color\"><\/i> 0 Comment<\/a>        <\/li>\n    <\/ul>                    <\/div>\n                    <div class=\"entry-excerpt\">\n                        <p>K\u00e4isime inspiratsiooni ammutamas Londonis - maailmakuulsal Chelsea Flower Show\u2019l, mida sageli kutsutakse aianduse ol\u00fcmpiam\u00e4ngudeks, ning mitmetes teistes lummavates aedades ja parkides. Esimesel p\u00e4eval k\u00fclastussihtkoht oli RHS Garden Wisley - \u00fcks...<\/p>                    <\/div>\n                                        <a href=\"https:\/\/inspiratsiooniaiad.ee\/uus\/inspiratsiooni-loov-koolitusreis-inglismaale\/\" class=\"btn-readmore\"><span class=\"span-text\">Loe edasi<\/span><\/a>\n                <\/div>\n            <\/div>\n        <\/div>\n    <\/div>\n<\/article><article id=\"post-23231\" class=\"clearfix post-23231 post type-post status-publish format-standard has-post-thumbnail hentry category-sundmused category-uudised\" style=\"padding: 0 15px 30px 15px;\">\n    <div class=\"post-item lightGallery-js\">\n        <div class=\"entry-wrap\">\n                            <div class=\"entry-thumbnail-wrap\">\n                    <div class=\"entry-thumbnail\">\n                                <a title=\"Topiaarpuude l\u00f5ikamise koolitus T\u00fcril 04.09.2025 kell 18.00\" class=\"entry-thumbnail_overlay\" href=\"https:\/\/inspiratsiooniaiad.ee\/uus\/topiaaride-koolitus\/\">\n                                    <img decoding=\"async\" class=\"img-responsive\" src=\"https:\/\/inspiratsiooniaiad.ee\/uus\/wp-content\/uploads\/2025\/03\/DSC_8589-420x280.jpg\" alt=\"Topiaarpuude l\u00f5ikamise koolitus T\u00fcril 04.09.2025 kell 18.00\" \/>\n                                <\/a>\n                                <a class=\"item\" data-src=\"https:\/\/inspiratsiooniaiad.ee\/uus\/wp-content\/uploads\/2025\/03\/DSC_8589.jpg\"><i class=\"fa fa-arrows-alt\"><\/i><\/a>\n                            <\/div>                <\/div>\n                        <div class=\"entry-content-wrap\">\n                <div class=\"entry-detail\">\n                    <h3 class=\"entry-title\">\n                        <a href=\"https:\/\/inspiratsiooniaiad.ee\/uus\/topiaaride-koolitus\/\" rel=\"bookmark\" title=\"Topiaarpuude l\u00f5ikamise koolitus T\u00fcril 04.09.2025 kell 18.00\">Topiaarpuude l\u00f5ikamise koolitus T\u00fcril 04.09.2025 kell 18.00<\/a>\n                    <\/h3>\n                    <div class=\"entry-post-meta-wrap\">\n                        <ul class=\"entry-meta\">\n    <li class=\"entry-meta-author\">\n        <i class=\"fa fa-pencil-square-o p-color\"><\/i> <a href=\"https:\/\/inspiratsiooniaiad.ee\/uus\/author\/reelika-marrandi\/\">Reelika Marrandi<\/a>    <\/li>\n\n     <li class=\"entry-meta-date\">\n         <i class=\"fa fa-clock-o p-color\"><\/i> <a href=\"https:\/\/inspiratsiooniaiad.ee\/uus\/topiaaride-koolitus\/\" rel=\"bookmark\" title=\"Topiaarpuude l\u00f5ikamise koolitus T\u00fcril 04.09.2025 kell 18.00\"> 19. Jun 2025 <\/a>\n     <\/li>\n\n            <li class=\"entry-meta-category\">\n            <i class=\"fa fa-folder-open p-color\"><\/i> <a href=\"https:\/\/inspiratsiooniaiad.ee\/uus\/category\/sundmused\/\" rel=\"category tag\">S\u00fcndmused<\/a>, <a href=\"https:\/\/inspiratsiooniaiad.ee\/uus\/category\/uudised\/\" rel=\"category tag\">Uudised<\/a>        <\/li>\n    \n            <li class=\"entry-meta-comment\">\n            <a href=\"https:\/\/inspiratsiooniaiad.ee\/uus\/topiaaride-koolitus\/#respond\"><i class=\"fa fa-comments-o p-color\"><\/i> 0 Comment<\/a>        <\/li>\n    <\/ul>                    <\/div>\n                    <div class=\"entry-excerpt\">\n                        <p>Kutse koolitusele: Topiaarid - vormi ilu aias\ud83d\udcc5 4. september kell 18.00, T\u00fcri Kutsume aiandushuvilisi osalema praktilisele koolitusele, kus tutvume topiaaride loomise p\u00f5him\u00f5tetega ja proovime k\u00e4tt taimede p\u00fcgamisel! \u00d5pime, kuidas anda...<\/p>                    <\/div>\n                                        <a href=\"https:\/\/inspiratsiooniaiad.ee\/uus\/topiaaride-koolitus\/\" class=\"btn-readmore\"><span class=\"span-text\">Loe edasi<\/span><\/a>\n                <\/div>\n            <\/div>\n        <\/div>\n    <\/div>\n<\/article><article id=\"post-22915\" class=\"clearfix post-22915 post type-post status-publish format-standard has-post-thumbnail hentry category-sundmused category-uudised\" style=\"padding: 0 15px 30px 15px;\">\n    <div class=\"post-item lightGallery-js\">\n        <div class=\"entry-wrap\">\n                            <div class=\"entry-thumbnail-wrap\">\n                    <div class=\"entry-thumbnail\">\n                                <a title=\"Tule avastama T\u00fcri kauneid koduaedu!\" class=\"entry-thumbnail_overlay\" href=\"https:\/\/inspiratsiooniaiad.ee\/uus\/tule-avastama-turi-kauneid-koduaedu\/\">\n                                    <img decoding=\"async\" class=\"img-responsive\" src=\"https:\/\/inspiratsiooniaiad.ee\/uus\/wp-content\/uploads\/2025\/03\/DSC_8587-420x280.jpg\" alt=\"Tule avastama T\u00fcri kauneid koduaedu!\" \/>\n                                <\/a>\n                                <a class=\"item\" data-src=\"https:\/\/inspiratsiooniaiad.ee\/uus\/wp-content\/uploads\/2025\/03\/DSC_8587.jpg\"><i class=\"fa fa-arrows-alt\"><\/i><\/a>\n                            <\/div>                <\/div>\n                        <div class=\"entry-content-wrap\">\n                <div class=\"entry-detail\">\n                    <h3 class=\"entry-title\">\n                        <a href=\"https:\/\/inspiratsiooniaiad.ee\/uus\/tule-avastama-turi-kauneid-koduaedu\/\" rel=\"bookmark\" title=\"Tule avastama T\u00fcri kauneid koduaedu!\">Tule avastama T\u00fcri kauneid koduaedu!<\/a>\n                    <\/h3>\n                    <div class=\"entry-post-meta-wrap\">\n                        <ul class=\"entry-meta\">\n    <li class=\"entry-meta-author\">\n        <i class=\"fa fa-pencil-square-o p-color\"><\/i> <a href=\"https:\/\/inspiratsiooniaiad.ee\/uus\/author\/admin\/\">admin<\/a>    <\/li>\n\n     <li class=\"entry-meta-date\">\n         <i class=\"fa fa-clock-o p-color\"><\/i> <a href=\"https:\/\/inspiratsiooniaiad.ee\/uus\/tule-avastama-turi-kauneid-koduaedu\/\" rel=\"bookmark\" title=\"Tule avastama T\u00fcri kauneid koduaedu!\"> 27. Mar 2025 <\/a>\n     <\/li>\n\n            <li class=\"entry-meta-category\">\n            <i class=\"fa fa-folder-open p-color\"><\/i> <a href=\"https:\/\/inspiratsiooniaiad.ee\/uus\/category\/sundmused\/\" rel=\"category tag\">S\u00fcndmused<\/a>, <a href=\"https:\/\/inspiratsiooniaiad.ee\/uus\/category\/uudised\/\" rel=\"category tag\">Uudised<\/a>        <\/li>\n    \n    <\/ul>                    <\/div>\n                    <div class=\"entry-excerpt\">\n                        <p>Registreeru siin<\/p>                    <\/div>\n                                        <a href=\"https:\/\/inspiratsiooniaiad.ee\/uus\/tule-avastama-turi-kauneid-koduaedu\/\" class=\"btn-readmore\"><span class=\"span-text\">Loe edasi<\/span><\/a>\n                <\/div>\n            <\/div>\n        <\/div>\n    <\/div>\n<\/article>                    <\/div>\n\n                    \n                <\/div>\n            <\/div>\n            [\/vc_column][vc_column width=&#8221;1\/4&#8243;][vc_widget_sidebar sidebar_id=&#8221;sidebar-1&#8243;][\/vc_column][\/vc_row]<\/p>\n<\/div>","protected":false},"excerpt":{"rendered":"<p>[vc_row layout=&#8221;wide&#8221; css=&#8221;.vc_custom_1469528109310{padding-bottom: 5% !important;}&#8221;][vc_column css=&#8221;.vc_custom_1469525123751{padding-right: 0px !important;padding-left: 0px !important;}&#8221;][\/vc_column][\/vc_row][vc_row css=&#8221;.vc_custom_1474268180528{padding-bottom: 5% !important;}&#8221;][vc_column width=&#8221;3\/4&#8243; css=&#8221;.vc_custom_1469583659659{padding-right: 0px !important;padding-left: 0px !important;}&#8221;][\/vc_column][vc_column width=&#8221;1\/4&#8243;][vc_widget_sidebar sidebar_id=&#8221;sidebar-1&#8243;][\/vc_column][\/vc_row]<\/p>\n","protected":false},"author":1,"featured_media":0,"parent":0,"menu_order":21,"comment_status":"closed","ping_status":"closed","template":"","meta":{"_acf_changed":false,"footnotes":""},"class_list":["post-537","page","type-page","status-publish","hentry"],"acf":[],"yoast_head":"<!-- This site is optimized with the Yoast SEO plugin v25.1 - https:\/\/yoast.com\/wordpress\/plugins\/seo\/ -->\n<title>Blog Home | Inspiratsiooniaiad<\/title>\n<meta name=\"description\" content=\"Puukool, kus taimed on hoitud, hoolitsetud ja Eesti kliimas vastupidavad. Rikkalik valik taimegurmaanidele. Tule j\u00e4rgi v\u00f5i telli kaup mugavalt koju.\" \/>\n<meta name=\"robots\" content=\"index, follow, max-snippet:-1, max-image-preview:large, max-video-preview:-1\" \/>\n<link rel=\"canonical\" href=\"https:\/\/inspiratsiooniaiad.ee\/uus\/blog-home\/\" \/>\n<meta property=\"og:locale\" content=\"et_EE\" \/>\n<meta property=\"og:type\" content=\"article\" \/>\n<meta property=\"og:title\" content=\"Blog Home | Inspiratsiooniaiad\" \/>\n<meta property=\"og:description\" content=\"Puukool, kus taimed on hoitud, hoolitsetud ja Eesti kliimas vastupidavad. Rikkalik valik taimegurmaanidele. Tule j\u00e4rgi v\u00f5i telli kaup mugavalt koju.\" \/>\n<meta property=\"og:url\" content=\"https:\/\/inspiratsiooniaiad.ee\/uus\/blog-home\/\" \/>\n<meta property=\"og:site_name\" content=\"Inspiratsiooniaiad\" \/>\n<meta property=\"article:publisher\" content=\"https:\/\/www.facebook.com\/Inspiratsiooniaedadepark\" \/>\n<meta name=\"twitter:card\" content=\"summary_large_image\" \/>\n<script type=\"application\/ld+json\" class=\"yoast-schema-graph\">{\"@context\":\"https:\/\/schema.org\",\"@graph\":[{\"@type\":\"WebPage\",\"@id\":\"https:\/\/inspiratsiooniaiad.ee\/uus\/blog-home\/\",\"url\":\"https:\/\/inspiratsiooniaiad.ee\/uus\/blog-home\/\",\"name\":\"Blog Home | Inspiratsiooniaiad\",\"isPartOf\":{\"@id\":\"https:\/\/inspiratsiooniaiad.ee\/uus\/#website\"},\"datePublished\":\"2016-07-22T10:08:29+00:00\",\"description\":\"Puukool, kus taimed on hoitud, hoolitsetud ja Eesti kliimas vastupidavad. Rikkalik valik taimegurmaanidele. Tule j\u00e4rgi v\u00f5i telli kaup mugavalt koju.\",\"breadcrumb\":{\"@id\":\"https:\/\/inspiratsiooniaiad.ee\/uus\/blog-home\/#breadcrumb\"},\"inLanguage\":\"et\",\"potentialAction\":[{\"@type\":\"ReadAction\",\"target\":[\"https:\/\/inspiratsiooniaiad.ee\/uus\/blog-home\/\"]}]},{\"@type\":\"BreadcrumbList\",\"@id\":\"https:\/\/inspiratsiooniaiad.ee\/uus\/blog-home\/#breadcrumb\",\"itemListElement\":[{\"@type\":\"ListItem\",\"position\":1,\"name\":\"Home\",\"item\":\"https:\/\/inspiratsiooniaiad.ee\/uus\/\"},{\"@type\":\"ListItem\",\"position\":2,\"name\":\"Blog Home\"}]},{\"@type\":\"WebSite\",\"@id\":\"https:\/\/inspiratsiooniaiad.ee\/uus\/#website\",\"url\":\"https:\/\/inspiratsiooniaiad.ee\/uus\/\",\"name\":\"Inspiratsiooniaiad\",\"description\":\"Inspiratsiooniaedade park T&uuml;ril\",\"publisher\":{\"@id\":\"https:\/\/inspiratsiooniaiad.ee\/uus\/#organization\"},\"potentialAction\":[{\"@type\":\"SearchAction\",\"target\":{\"@type\":\"EntryPoint\",\"urlTemplate\":\"https:\/\/inspiratsiooniaiad.ee\/uus\/?s={search_term_string}\"},\"query-input\":{\"@type\":\"PropertyValueSpecification\",\"valueRequired\":true,\"valueName\":\"search_term_string\"}}],\"inLanguage\":\"et\"},{\"@type\":\"Organization\",\"@id\":\"https:\/\/inspiratsiooniaiad.ee\/uus\/#organization\",\"name\":\"Inspiratsiooniaedade Park\",\"alternateName\":\"Inspiratsiooniaiad\",\"url\":\"https:\/\/inspiratsiooniaiad.ee\/uus\/\",\"logo\":{\"@type\":\"ImageObject\",\"inLanguage\":\"et\",\"@id\":\"https:\/\/inspiratsiooniaiad.ee\/uus\/#\/schema\/logo\/image\/\",\"url\":\"https:\/\/inspiratsiooniaiad.ee\/uus\/wp-content\/uploads\/2025\/04\/Inspiratsiooni-500-x-235-px.png\",\"contentUrl\":\"https:\/\/inspiratsiooniaiad.ee\/uus\/wp-content\/uploads\/2025\/04\/Inspiratsiooni-500-x-235-px.png\",\"width\":500,\"height\":235,\"caption\":\"Inspiratsiooniaedade Park\"},\"image\":{\"@id\":\"https:\/\/inspiratsiooniaiad.ee\/uus\/#\/schema\/logo\/image\/\"},\"sameAs\":[\"https:\/\/www.facebook.com\/Inspiratsiooniaedadepark\",\"https:\/\/www.instagram.com\/inspiratsiooniaiad\/\"]}]}<\/script>\n<!-- \/ Yoast SEO plugin. -->","yoast_head_json":{"title":"Blog Home | Inspiratsiooniaiad","description":"Puukool, kus taimed on hoitud, hoolitsetud ja Eesti kliimas vastupidavad. Rikkalik valik taimegurmaanidele. Tule j\u00e4rgi v\u00f5i telli kaup mugavalt koju.","robots":{"index":"index","follow":"follow","max-snippet":"max-snippet:-1","max-image-preview":"max-image-preview:large","max-video-preview":"max-video-preview:-1"},"canonical":"https:\/\/inspiratsiooniaiad.ee\/uus\/blog-home\/","og_locale":"et_EE","og_type":"article","og_title":"Blog Home | Inspiratsiooniaiad","og_description":"Puukool, kus taimed on hoitud, hoolitsetud ja Eesti kliimas vastupidavad. Rikkalik valik taimegurmaanidele. Tule j\u00e4rgi v\u00f5i telli kaup mugavalt koju.","og_url":"https:\/\/inspiratsiooniaiad.ee\/uus\/blog-home\/","og_site_name":"Inspiratsiooniaiad","article_publisher":"https:\/\/www.facebook.com\/Inspiratsiooniaedadepark","twitter_card":"summary_large_image","schema":{"@context":"https:\/\/schema.org","@graph":[{"@type":"WebPage","@id":"https:\/\/inspiratsiooniaiad.ee\/uus\/blog-home\/","url":"https:\/\/inspiratsiooniaiad.ee\/uus\/blog-home\/","name":"Blog Home | Inspiratsiooniaiad","isPartOf":{"@id":"https:\/\/inspiratsiooniaiad.ee\/uus\/#website"},"datePublished":"2016-07-22T10:08:29+00:00","description":"Puukool, kus taimed on hoitud, hoolitsetud ja Eesti kliimas vastupidavad. Rikkalik valik taimegurmaanidele. Tule j\u00e4rgi v\u00f5i telli kaup mugavalt koju.","breadcrumb":{"@id":"https:\/\/inspiratsiooniaiad.ee\/uus\/blog-home\/#breadcrumb"},"inLanguage":"et","potentialAction":[{"@type":"ReadAction","target":["https:\/\/inspiratsiooniaiad.ee\/uus\/blog-home\/"]}]},{"@type":"BreadcrumbList","@id":"https:\/\/inspiratsiooniaiad.ee\/uus\/blog-home\/#breadcrumb","itemListElement":[{"@type":"ListItem","position":1,"name":"Home","item":"https:\/\/inspiratsiooniaiad.ee\/uus\/"},{"@type":"ListItem","position":2,"name":"Blog Home"}]},{"@type":"WebSite","@id":"https:\/\/inspiratsiooniaiad.ee\/uus\/#website","url":"https:\/\/inspiratsiooniaiad.ee\/uus\/","name":"Inspiratsiooniaiad","description":"Inspiratsiooniaedade park T&uuml;ril","publisher":{"@id":"https:\/\/inspiratsiooniaiad.ee\/uus\/#organization"},"potentialAction":[{"@type":"SearchAction","target":{"@type":"EntryPoint","urlTemplate":"https:\/\/inspiratsiooniaiad.ee\/uus\/?s={search_term_string}"},"query-input":{"@type":"PropertyValueSpecification","valueRequired":true,"valueName":"search_term_string"}}],"inLanguage":"et"},{"@type":"Organization","@id":"https:\/\/inspiratsiooniaiad.ee\/uus\/#organization","name":"Inspiratsiooniaedade Park","alternateName":"Inspiratsiooniaiad","url":"https:\/\/inspiratsiooniaiad.ee\/uus\/","logo":{"@type":"ImageObject","inLanguage":"et","@id":"https:\/\/inspiratsiooniaiad.ee\/uus\/#\/schema\/logo\/image\/","url":"https:\/\/inspiratsiooniaiad.ee\/uus\/wp-content\/uploads\/2025\/04\/Inspiratsiooni-500-x-235-px.png","contentUrl":"https:\/\/inspiratsiooniaiad.ee\/uus\/wp-content\/uploads\/2025\/04\/Inspiratsiooni-500-x-235-px.png","width":500,"height":235,"caption":"Inspiratsiooniaedade Park"},"image":{"@id":"https:\/\/inspiratsiooniaiad.ee\/uus\/#\/schema\/logo\/image\/"},"sameAs":["https:\/\/www.facebook.com\/Inspiratsiooniaedadepark","https:\/\/www.instagram.com\/inspiratsiooniaiad\/"]}]}},"_links":{"self":[{"href":"https:\/\/inspiratsiooniaiad.ee\/uus\/wp-json\/wp\/v2\/pages\/537","targetHints":{"allow":["GET"]}}],"collection":[{"href":"https:\/\/inspiratsiooniaiad.ee\/uus\/wp-json\/wp\/v2\/pages"}],"about":[{"href":"https:\/\/inspiratsiooniaiad.ee\/uus\/wp-json\/wp\/v2\/types\/page"}],"author":[{"embeddable":true,"href":"https:\/\/inspiratsiooniaiad.ee\/uus\/wp-json\/wp\/v2\/users\/1"}],"replies":[{"embeddable":true,"href":"https:\/\/inspiratsiooniaiad.ee\/uus\/wp-json\/wp\/v2\/comments?post=537"}],"version-history":[{"count":0,"href":"https:\/\/inspiratsiooniaiad.ee\/uus\/wp-json\/wp\/v2\/pages\/537\/revisions"}],"wp:attachment":[{"href":"https:\/\/inspiratsiooniaiad.ee\/uus\/wp-json\/wp\/v2\/media?parent=537"}],"curies":[{"name":"wp","href":"https:\/\/api.w.org\/{rel}","templated":true}]}}