{"id":69,"date":"2016-07-15T06:52:08","date_gmt":"2016-07-15T06:52:08","guid":{"rendered":"http:\/\/demo.yolotheme.com\/dummy\/begreen\/?page_id=69"},"modified":"2025-06-19T22:30:34","modified_gmt":"2025-06-19T19:30:34","slug":"tehtud-tood-2","status":"publish","type":"page","link":"https:\/\/inspiratsiooniaiad.ee\/uus\/tehtud-tood-2\/","title":{"rendered":"Tehtud t\u00f6\u00f6d"},"content":{"rendered":"<div class=\"wpb-content-wrapper\"><p>[vc_row][vc_column]<div class=\"portfolio-container\">\r\n  <div class=\"portfolio overflow-hidden   paging\" id=\"portfolio-69db91649d7fb\" >\r\n      <!-- Portfolio Filter -->\r\n            <div class=\"portfolio-tabs clearfix category filter_style1 container\">\r\n            <div class=\"tab-wrapper line-height-1 center\">\r\n      <ul>\r\n        <li class=\"active\">\r\n          <a  class=\"isotope-portfolio ladda-button begreen-button style2 button-dark button-2x active\"\r\n              data-section-id    =\"69db91649d7fb\"\r\n              data-category      =\"\"\r\n              data-overlay-style =\"icon\"\r\n              data-source        =\"\"\r\n              data-portfolio-ids =\"\"\r\n              data-group         =\"all\" \r\n              data-filter        =\"*\"\r\n              data-thumbnail     =\"squared\"\r\n              data-tag           =\"\"\r\n              data-current-page  =\"1\"\r\n              data-offset        =\"0\"\r\n              data-post-per-page =\"8\"\r\n              data-order         =\"DESC\"\r\n              data-column        =\"4\"\r\n              data-show-paging   =\"1\"\r\n              data-style         =\"zoom-out\" \r\n              data-spinner-color =\"#fff\"\r\n              href               =\"javascript:;\">\r\n              K\u00f5ik          <\/a>\r\n        <\/li>\r\n                <li class=\"last\">\r\n          <a  class=\"isotope-portfolio ladda-button begreen-button style2 button-dark button-2x \"\r\n              href               =\"javascript:;\" \r\n              data-section-id    =\"69db91649d7fb\"\r\n              data-category      =\"tehtud-tood\"\r\n              data-overlay-style =\"icon\"\r\n              data-source        =\"\"\r\n              data-portfolio-ids =\"\"\r\n              data-group         =\"tehtud-tood\"\r\n              data-filter        =\".tehtud-tood\"\r\n              data-thumbnail     =\"squared\"\r\n              data-tag           =\"\"\r\n              data-current-page  =\"1\"\r\n              data-offset        =\"0\"\r\n              data-post-per-page =\"8\"\r\n              data-order         =\"DESC\"\r\n              data-column        =\"4\"\r\n              data-show-paging   =\"1\"\r\n              data-style         =\"zoom-out\"\r\n              data-spinner-color =\"#fff\">\r\n              Tehtud t\u00f6\u00f6d          <\/a>\r\n        <\/li>\r\n              <\/ul>\r\n    <\/div>\r\n        <\/div>\r\n            <!-- End Portfolio Filter -->\r\n\r\n      <!-- Portfolio Wrapper -->\r\n      <div class=\"portfolio-wrapper begreen-col-md-4 col-padding-10 squared $s\"\r\n          data-section-id=\"69db91649d7fb\"\r\n          id=\"portfolio-container-69db91649d7fb\"\r\n          data-columns=\"4\">\r\n          \r\n          \n<div class=\"lightGallery-js portfolio-item hover-dir tehtud-tood  hover-align-center\">\n    <!-- Title top -->\n    \n    <div class=\"entry-thumbnail icon-only effect_1\">\n    <img loading=\"lazy\" decoding=\"async\" width=\"500\" height=\"500\" src=\"https:\/\/inspiratsiooniaiad.ee\/uus\/wp-content\/uploads\/2025\/04\/REE7454-Edit-500x500.jpg\" alt=\"Aed &#8211; 13\"\/>\n    <div class=\"entry-thumbnail-hover p-bg-rgba-color\">\n        <div class=\"entry-hover-wrapper\">\n            <div class=\"entry-hover-inner\">\n                                    <a class=\"item\" data-src=\"https:\/\/inspiratsiooniaiad.ee\/uus\/wp-content\/uploads\/2025\/04\/REE7454-Edit.jpg\" title=\"23046\">                        <i class=\"fa fa-search fc-white\"><\/i>                    <\/a>\n                            <\/div>\n        <\/div>\n    <\/div>\n\n<\/div>\n\n    <!-- Title bottom -->\n        <div class=\"portfolio-title-wrap bottom\">\n        <a href=\"https:\/\/inspiratsiooniaiad.ee\/uus\/portfolio\/guis-aute-irure\/\" class=\"portfolio-title\">Aed &#8211; 13<\/a>\n        <div class=\"portfolio-tag\"><span>P\u00fcsikupeenar<\/span><\/div>\n    <\/div>\n    \n    <!-- @TODO: process media type -->\n        <div style=\"display: none\">\n            <\/div>\n\n<\/div>\r\n          \r\n          \n<div class=\"lightGallery-js portfolio-item hover-dir tehtud-tood  hover-align-center\">\n    <!-- Title top -->\n    \n    <div class=\"entry-thumbnail icon-only effect_1\">\n    <img loading=\"lazy\" decoding=\"async\" width=\"500\" height=\"500\" src=\"https:\/\/inspiratsiooniaiad.ee\/uus\/wp-content\/uploads\/2025\/04\/REE_0868-scaled.jpg\" alt=\"Aed &#8211; 16\"\/>\n    <div class=\"entry-thumbnail-hover p-bg-rgba-color\">\n        <div class=\"entry-hover-wrapper\">\n            <div class=\"entry-hover-inner\">\n                                    <a class=\"item\" data-src=\"https:\/\/inspiratsiooniaiad.ee\/uus\/wp-content\/uploads\/2025\/04\/REE_0868-scaled.jpg\" title=\"23045\">                        <i class=\"fa fa-search fc-white\"><\/i>                    <\/a>\n                            <\/div>\n        <\/div>\n    <\/div>\n\n<\/div>\n\n    <!-- Title bottom -->\n        <div class=\"portfolio-title-wrap bottom\">\n        <a href=\"https:\/\/inspiratsiooniaiad.ee\/uus\/portfolio\/aliquip-ex-ea\/\" class=\"portfolio-title\">Aed &#8211; 16<\/a>\n        <div class=\"portfolio-tag\"><span>P\u00fcsikupeenar<\/span><\/div>\n    <\/div>\n    \n    <!-- @TODO: process media type -->\n        <div style=\"display: none\">\n            <\/div>\n\n<\/div>\r\n          \r\n          \n<div class=\"lightGallery-js portfolio-item hover-dir tehtud-tood  hover-align-center\">\n    <!-- Title top -->\n    \n    <div class=\"entry-thumbnail icon-only effect_1\">\n    <img loading=\"lazy\" decoding=\"async\" width=\"500\" height=\"500\" src=\"https:\/\/inspiratsiooniaiad.ee\/uus\/wp-content\/uploads\/2025\/04\/REE_6117-500x500.jpg\" alt=\"K\u00f5rgete p\u00fcsikutega peenar maja seina \u00e4\u00e4rde\"\/>\n    <div class=\"entry-thumbnail-hover p-bg-rgba-color\">\n        <div class=\"entry-hover-wrapper\">\n            <div class=\"entry-hover-inner\">\n                                    <a class=\"item\" data-src=\"https:\/\/inspiratsiooniaiad.ee\/uus\/wp-content\/uploads\/2025\/04\/REE_6117.jpg\" title=\"23059\">                        <i class=\"fa fa-search fc-white\"><\/i>                    <\/a>\n                            <\/div>\n        <\/div>\n    <\/div>\n\n<\/div>\n\n    <!-- Title bottom -->\n        <div class=\"portfolio-title-wrap bottom\">\n        <a href=\"https:\/\/inspiratsiooniaiad.ee\/uus\/portfolio\/facere-possimus\/\" class=\"portfolio-title\">K\u00f5rgete p\u00fcsikutega peenar maja seina \u00e4\u00e4rde<\/a>\n        <div class=\"portfolio-tag\"><span>P\u00fcsikupeenar<\/span><\/div>\n    <\/div>\n    \n    <!-- @TODO: process media type -->\n        <div style=\"display: none\">\n            <\/div>\n\n<\/div>\r\n          \r\n          \n<div class=\"lightGallery-js portfolio-item hover-dir tehtud-tood  hover-align-center\">\n    <!-- Title top -->\n    \n    <div class=\"entry-thumbnail icon-only effect_1\">\n    <img loading=\"lazy\" decoding=\"async\" width=\"500\" height=\"500\" src=\"https:\/\/inspiratsiooniaiad.ee\/uus\/wp-content\/uploads\/2025\/04\/REE_4956-scaled.jpg\" alt=\"Pallipeenar lillas-kuldses v\u00e4rvigammas\"\/>\n    <div class=\"entry-thumbnail-hover p-bg-rgba-color\">\n        <div class=\"entry-hover-wrapper\">\n            <div class=\"entry-hover-inner\">\n                                    <a class=\"item\" data-src=\"https:\/\/inspiratsiooniaiad.ee\/uus\/wp-content\/uploads\/2025\/04\/REE_4956-scaled.jpg\" title=\"23055\">                        <i class=\"fa fa-search fc-white\"><\/i>                    <\/a>\n                            <\/div>\n        <\/div>\n    <\/div>\n\n<\/div>\n\n    <!-- Title bottom -->\n        <div class=\"portfolio-title-wrap bottom\">\n        <a href=\"https:\/\/inspiratsiooniaiad.ee\/uus\/portfolio\/facilis-et-expedita\/\" class=\"portfolio-title\">Pallipeenar lillas-kuldses v\u00e4rvigammas<\/a>\n        <div class=\"portfolio-tag\"><span>P\u00fcsikupeenar<\/span><\/div>\n    <\/div>\n    \n    <!-- @TODO: process media type -->\n        <div style=\"display: none\">\n            <\/div>\n\n<\/div>\r\n          \r\n          \n<div class=\"lightGallery-js portfolio-item hover-dir tehtud-tood  hover-align-center\">\n    <!-- Title top -->\n    \n    <div class=\"entry-thumbnail icon-only effect_1\">\n    <img loading=\"lazy\" decoding=\"async\" width=\"500\" height=\"500\" src=\"https:\/\/inspiratsiooniaiad.ee\/uus\/wp-content\/uploads\/2025\/04\/DSC_8750-500x500.jpg\" alt=\"Peenar tiigi kaldal\"\/>\n    <div class=\"entry-thumbnail-hover p-bg-rgba-color\">\n        <div class=\"entry-hover-wrapper\">\n            <div class=\"entry-hover-inner\">\n                                    <a class=\"item\" data-src=\"https:\/\/inspiratsiooniaiad.ee\/uus\/wp-content\/uploads\/2025\/04\/DSC_8750.jpg\" title=\"1452\">                        <i class=\"fa fa-search fc-white\"><\/i>                    <\/a>\n                            <\/div>\n        <\/div>\n    <\/div>\n\n<\/div>\n\n    <!-- Title bottom -->\n        <div class=\"portfolio-title-wrap bottom\">\n        <a href=\"https:\/\/inspiratsiooniaiad.ee\/uus\/portfolio\/ad-minima-veniam\/\" class=\"portfolio-title\">Peenar tiigi kaldal<\/a>\n        <div class=\"portfolio-tag\"><span>P\u00fcsikupeenar<\/span><\/div>\n    <\/div>\n    \n    <!-- @TODO: process media type -->\n        <div style=\"display: none\">\n            <\/div>\n\n<\/div>\r\n                <\/div>\r\n      <!-- End Portfolio Wrap -->\r\n\r\n      <!-- Portfolio Paging -->\r\n        <\/div>\r\n<\/div>\r\n\r\n<script type=\"text\/javascript\">\r\n  (function ($) {\r\n    \"use strict\";\r\n    $(document).ready(function () {\r\n      var $tab_container = jQuery('#portfolio-69db91649d7fb');\r\n      $('.portfolio-tabs .isotope-portfolio', $tab_container).off();\r\n      $('.portfolio-tabs .isotope-portfolio', $tab_container).click(function () {\r\n        $('.portfolio-tabs .isotope-portfolio', $tab_container).removeClass('active');\r\n        $('.portfolio-tabs li', $tab_container).removeClass('active');\r\n        $(this).addClass('active');\r\n        $(this).parent().addClass('active');\r\n        var dataSectionId = $(this).attr('data-section-id');\r\n        var filter        = $(this).attr('data-filter');\r\n        var $container    = jQuery('div[data-section-id=\"' + dataSectionId + '\"]').isotope({ filter: filter});\r\n        $container.imagesLoaded(function () {\r\n          $container.isotope('layout');\r\n        });\r\n      });\r\n      var $container = jQuery('div[data-section-id=\"69db91649d7fb\"]');\r\n      $container.imagesLoaded(function () {\r\n        $container.isotope({\r\n          itemSelector: '.portfolio-item',\r\n          layoutMode: 'fitRows' \/\/ grid layout\r\n        }).isotope('layout');\r\n      });\r\n    });\r\n\r\n    $(document).ready(function () {\r\n            $('.portfolio-item.hover-dir > div.entry-thumbnail').hoverdir();\r\n            \r\n      PortfolioAjaxAction.init('https:\/\/inspiratsiooniaiad.ee\/uus\/wp-admin\/admin-ajax.php', '69db91649d7fb');\r\n    })\r\n\r\n  })(jQuery);\r\n<\/script>[\/vc_column][\/vc_row]<\/p>\n<\/div>","protected":false},"excerpt":{"rendered":"<p>[vc_row][vc_column][\/vc_column][\/vc_row]<\/p>\n","protected":false},"author":1,"featured_media":0,"parent":0,"menu_order":24,"comment_status":"closed","ping_status":"closed","template":"","meta":{"_acf_changed":false,"footnotes":""},"class_list":["post-69","page","type-page","status-publish","hentry"],"acf":[],"yoast_head":"<!-- This site is optimized with the Yoast SEO plugin v25.1 - https:\/\/yoast.com\/wordpress\/plugins\/seo\/ -->\n<title>Tehtud t\u00f6\u00f6d | Inspiratsiooniaiad<\/title>\n<meta name=\"description\" content=\"Puukool, kus taimed on hoitud, hoolitsetud ja Eesti kliimas vastupidavad. Rikkalik valik taimegurmaanidele. Tule j\u00e4rgi v\u00f5i telli kaup mugavalt koju.\" \/>\n<meta name=\"robots\" content=\"index, follow, max-snippet:-1, max-image-preview:large, max-video-preview:-1\" \/>\n<link rel=\"canonical\" href=\"https:\/\/inspiratsiooniaiad.ee\/uus\/tehtud-tood-2\/\" \/>\n<meta property=\"og:locale\" content=\"et_EE\" \/>\n<meta property=\"og:type\" content=\"article\" \/>\n<meta property=\"og:title\" content=\"Tehtud t\u00f6\u00f6d | Inspiratsiooniaiad\" \/>\n<meta property=\"og:description\" content=\"Puukool, kus taimed on hoitud, hoolitsetud ja Eesti kliimas vastupidavad. Rikkalik valik taimegurmaanidele. Tule j\u00e4rgi v\u00f5i telli kaup mugavalt koju.\" \/>\n<meta property=\"og:url\" content=\"https:\/\/inspiratsiooniaiad.ee\/uus\/tehtud-tood-2\/\" \/>\n<meta property=\"og:site_name\" content=\"Inspiratsiooniaiad\" \/>\n<meta property=\"article:publisher\" content=\"https:\/\/www.facebook.com\/Inspiratsiooniaedadepark\" \/>\n<meta property=\"article:modified_time\" content=\"2025-06-19T19:30:34+00:00\" \/>\n<meta name=\"twitter:card\" content=\"summary_large_image\" \/>\n<meta name=\"twitter:label1\" content=\"Est. reading time\" \/>\n\t<meta name=\"twitter:data1\" content=\"1 minute\" \/>\n<script type=\"application\/ld+json\" class=\"yoast-schema-graph\">{\"@context\":\"https:\/\/schema.org\",\"@graph\":[{\"@type\":\"WebPage\",\"@id\":\"https:\/\/inspiratsiooniaiad.ee\/uus\/tehtud-tood-2\/\",\"url\":\"https:\/\/inspiratsiooniaiad.ee\/uus\/tehtud-tood-2\/\",\"name\":\"Tehtud t\u00f6\u00f6d | Inspiratsiooniaiad\",\"isPartOf\":{\"@id\":\"https:\/\/inspiratsiooniaiad.ee\/uus\/#website\"},\"datePublished\":\"2016-07-15T06:52:08+00:00\",\"dateModified\":\"2025-06-19T19:30:34+00:00\",\"description\":\"Puukool, kus taimed on hoitud, hoolitsetud ja Eesti kliimas vastupidavad. Rikkalik valik taimegurmaanidele. Tule j\u00e4rgi v\u00f5i telli kaup mugavalt koju.\",\"breadcrumb\":{\"@id\":\"https:\/\/inspiratsiooniaiad.ee\/uus\/tehtud-tood-2\/#breadcrumb\"},\"inLanguage\":\"et\",\"potentialAction\":[{\"@type\":\"ReadAction\",\"target\":[\"https:\/\/inspiratsiooniaiad.ee\/uus\/tehtud-tood-2\/\"]}]},{\"@type\":\"BreadcrumbList\",\"@id\":\"https:\/\/inspiratsiooniaiad.ee\/uus\/tehtud-tood-2\/#breadcrumb\",\"itemListElement\":[{\"@type\":\"ListItem\",\"position\":1,\"name\":\"Home\",\"item\":\"https:\/\/inspiratsiooniaiad.ee\/uus\/\"},{\"@type\":\"ListItem\",\"position\":2,\"name\":\"Tehtud t\u00f6\u00f6d\"}]},{\"@type\":\"WebSite\",\"@id\":\"https:\/\/inspiratsiooniaiad.ee\/uus\/#website\",\"url\":\"https:\/\/inspiratsiooniaiad.ee\/uus\/\",\"name\":\"Inspiratsiooniaiad\",\"description\":\"Inspiratsiooniaedade park T&uuml;ril\",\"publisher\":{\"@id\":\"https:\/\/inspiratsiooniaiad.ee\/uus\/#organization\"},\"potentialAction\":[{\"@type\":\"SearchAction\",\"target\":{\"@type\":\"EntryPoint\",\"urlTemplate\":\"https:\/\/inspiratsiooniaiad.ee\/uus\/?s={search_term_string}\"},\"query-input\":{\"@type\":\"PropertyValueSpecification\",\"valueRequired\":true,\"valueName\":\"search_term_string\"}}],\"inLanguage\":\"et\"},{\"@type\":\"Organization\",\"@id\":\"https:\/\/inspiratsiooniaiad.ee\/uus\/#organization\",\"name\":\"Inspiratsiooniaedade Park\",\"alternateName\":\"Inspiratsiooniaiad\",\"url\":\"https:\/\/inspiratsiooniaiad.ee\/uus\/\",\"logo\":{\"@type\":\"ImageObject\",\"inLanguage\":\"et\",\"@id\":\"https:\/\/inspiratsiooniaiad.ee\/uus\/#\/schema\/logo\/image\/\",\"url\":\"https:\/\/inspiratsiooniaiad.ee\/uus\/wp-content\/uploads\/2025\/04\/Inspiratsiooni-500-x-235-px.png\",\"contentUrl\":\"https:\/\/inspiratsiooniaiad.ee\/uus\/wp-content\/uploads\/2025\/04\/Inspiratsiooni-500-x-235-px.png\",\"width\":500,\"height\":235,\"caption\":\"Inspiratsiooniaedade Park\"},\"image\":{\"@id\":\"https:\/\/inspiratsiooniaiad.ee\/uus\/#\/schema\/logo\/image\/\"},\"sameAs\":[\"https:\/\/www.facebook.com\/Inspiratsiooniaedadepark\",\"https:\/\/www.instagram.com\/inspiratsiooniaiad\/\"]}]}<\/script>\n<!-- \/ Yoast SEO plugin. -->","yoast_head_json":{"title":"Tehtud t\u00f6\u00f6d | Inspiratsiooniaiad","description":"Puukool, kus taimed on hoitud, hoolitsetud ja Eesti kliimas vastupidavad. Rikkalik valik taimegurmaanidele. Tule j\u00e4rgi v\u00f5i telli kaup mugavalt koju.","robots":{"index":"index","follow":"follow","max-snippet":"max-snippet:-1","max-image-preview":"max-image-preview:large","max-video-preview":"max-video-preview:-1"},"canonical":"https:\/\/inspiratsiooniaiad.ee\/uus\/tehtud-tood-2\/","og_locale":"et_EE","og_type":"article","og_title":"Tehtud t\u00f6\u00f6d | Inspiratsiooniaiad","og_description":"Puukool, kus taimed on hoitud, hoolitsetud ja Eesti kliimas vastupidavad. Rikkalik valik taimegurmaanidele. Tule j\u00e4rgi v\u00f5i telli kaup mugavalt koju.","og_url":"https:\/\/inspiratsiooniaiad.ee\/uus\/tehtud-tood-2\/","og_site_name":"Inspiratsiooniaiad","article_publisher":"https:\/\/www.facebook.com\/Inspiratsiooniaedadepark","article_modified_time":"2025-06-19T19:30:34+00:00","twitter_card":"summary_large_image","twitter_misc":{"Est. reading time":"1 minute"},"schema":{"@context":"https:\/\/schema.org","@graph":[{"@type":"WebPage","@id":"https:\/\/inspiratsiooniaiad.ee\/uus\/tehtud-tood-2\/","url":"https:\/\/inspiratsiooniaiad.ee\/uus\/tehtud-tood-2\/","name":"Tehtud t\u00f6\u00f6d | Inspiratsiooniaiad","isPartOf":{"@id":"https:\/\/inspiratsiooniaiad.ee\/uus\/#website"},"datePublished":"2016-07-15T06:52:08+00:00","dateModified":"2025-06-19T19:30:34+00:00","description":"Puukool, kus taimed on hoitud, hoolitsetud ja Eesti kliimas vastupidavad. Rikkalik valik taimegurmaanidele. Tule j\u00e4rgi v\u00f5i telli kaup mugavalt koju.","breadcrumb":{"@id":"https:\/\/inspiratsiooniaiad.ee\/uus\/tehtud-tood-2\/#breadcrumb"},"inLanguage":"et","potentialAction":[{"@type":"ReadAction","target":["https:\/\/inspiratsiooniaiad.ee\/uus\/tehtud-tood-2\/"]}]},{"@type":"BreadcrumbList","@id":"https:\/\/inspiratsiooniaiad.ee\/uus\/tehtud-tood-2\/#breadcrumb","itemListElement":[{"@type":"ListItem","position":1,"name":"Home","item":"https:\/\/inspiratsiooniaiad.ee\/uus\/"},{"@type":"ListItem","position":2,"name":"Tehtud t\u00f6\u00f6d"}]},{"@type":"WebSite","@id":"https:\/\/inspiratsiooniaiad.ee\/uus\/#website","url":"https:\/\/inspiratsiooniaiad.ee\/uus\/","name":"Inspiratsiooniaiad","description":"Inspiratsiooniaedade park T&uuml;ril","publisher":{"@id":"https:\/\/inspiratsiooniaiad.ee\/uus\/#organization"},"potentialAction":[{"@type":"SearchAction","target":{"@type":"EntryPoint","urlTemplate":"https:\/\/inspiratsiooniaiad.ee\/uus\/?s={search_term_string}"},"query-input":{"@type":"PropertyValueSpecification","valueRequired":true,"valueName":"search_term_string"}}],"inLanguage":"et"},{"@type":"Organization","@id":"https:\/\/inspiratsiooniaiad.ee\/uus\/#organization","name":"Inspiratsiooniaedade Park","alternateName":"Inspiratsiooniaiad","url":"https:\/\/inspiratsiooniaiad.ee\/uus\/","logo":{"@type":"ImageObject","inLanguage":"et","@id":"https:\/\/inspiratsiooniaiad.ee\/uus\/#\/schema\/logo\/image\/","url":"https:\/\/inspiratsiooniaiad.ee\/uus\/wp-content\/uploads\/2025\/04\/Inspiratsiooni-500-x-235-px.png","contentUrl":"https:\/\/inspiratsiooniaiad.ee\/uus\/wp-content\/uploads\/2025\/04\/Inspiratsiooni-500-x-235-px.png","width":500,"height":235,"caption":"Inspiratsiooniaedade Park"},"image":{"@id":"https:\/\/inspiratsiooniaiad.ee\/uus\/#\/schema\/logo\/image\/"},"sameAs":["https:\/\/www.facebook.com\/Inspiratsiooniaedadepark","https:\/\/www.instagram.com\/inspiratsiooniaiad\/"]}]}},"_links":{"self":[{"href":"https:\/\/inspiratsiooniaiad.ee\/uus\/wp-json\/wp\/v2\/pages\/69","targetHints":{"allow":["GET"]}}],"collection":[{"href":"https:\/\/inspiratsiooniaiad.ee\/uus\/wp-json\/wp\/v2\/pages"}],"about":[{"href":"https:\/\/inspiratsiooniaiad.ee\/uus\/wp-json\/wp\/v2\/types\/page"}],"author":[{"embeddable":true,"href":"https:\/\/inspiratsiooniaiad.ee\/uus\/wp-json\/wp\/v2\/users\/1"}],"replies":[{"embeddable":true,"href":"https:\/\/inspiratsiooniaiad.ee\/uus\/wp-json\/wp\/v2\/comments?post=69"}],"version-history":[{"count":2,"href":"https:\/\/inspiratsiooniaiad.ee\/uus\/wp-json\/wp\/v2\/pages\/69\/revisions"}],"predecessor-version":[{"id":23188,"href":"https:\/\/inspiratsiooniaiad.ee\/uus\/wp-json\/wp\/v2\/pages\/69\/revisions\/23188"}],"wp:attachment":[{"href":"https:\/\/inspiratsiooniaiad.ee\/uus\/wp-json\/wp\/v2\/media?parent=69"}],"curies":[{"name":"wp","href":"https:\/\/api.w.org\/{rel}","templated":true}]}}