{"id":7,"date":"2021-03-17T11:42:50","date_gmt":"2021-03-17T09:42:50","guid":{"rendered":"https:\/\/eliseaed-ee.vserver.zonevs.eu\/?page_id=7"},"modified":"2025-04-13T13:22:49","modified_gmt":"2025-04-13T10:22:49","slug":"ostukorv","status":"publish","type":"page","link":"https:\/\/inspiratsiooniaiad.ee\/uus\/ostukorv\/","title":{"rendered":"Ostukorv"},"content":{"rendered":"","protected":false},"excerpt":{"rendered":"","protected":false},"author":1,"featured_media":0,"parent":0,"menu_order":49,"comment_status":"closed","ping_status":"closed","template":"page-templates\/tpl-cart.php","meta":{"_acf_changed":false,"footnotes":""},"class_list":["post-7","page","type-page","status-publish","hentry"],"acf":[],"yoast_head":"<!-- This site is optimized with the Yoast SEO plugin v25.1 - https:\/\/yoast.com\/wordpress\/plugins\/seo\/ -->\n<title>Ostukorv | Inspiratsiooniaiad<\/title>\n<meta name=\"description\" content=\"Ideid ja lahendusi inspireerivate aedade loomiseks. Kogemusp\u00f5hine, aega ja kulusid s\u00e4\u00e4stev aiakujundusteenus\" \/>\n<meta name=\"robots\" content=\"index, follow, max-snippet:-1, max-image-preview:large, max-video-preview:-1\" \/>\n<link rel=\"canonical\" href=\"https:\/\/inspiratsiooniaiad.ee\/uus\/ostukorv\/\" \/>\n<meta property=\"og:locale\" content=\"et_EE\" \/>\n<meta property=\"og:type\" content=\"article\" \/>\n<meta property=\"og:title\" content=\"Ostukorv | Inspiratsiooniaiad\" \/>\n<meta property=\"og:description\" content=\"Ideid ja lahendusi inspireerivate aedade loomiseks. Kogemusp\u00f5hine, aega ja kulusid s\u00e4\u00e4stev aiakujundusteenus\" \/>\n<meta property=\"og:url\" content=\"https:\/\/inspiratsiooniaiad.ee\/uus\/ostukorv\/\" \/>\n<meta property=\"og:site_name\" content=\"Inspiratsiooniaiad\" \/>\n<meta property=\"article:publisher\" content=\"https:\/\/www.facebook.com\/Inspiratsiooniaedadepark\" \/>\n<meta property=\"article:modified_time\" content=\"2025-04-13T10:22:49+00:00\" \/>\n<meta name=\"twitter:card\" content=\"summary_large_image\" \/>\n<meta name=\"twitter:label1\" content=\"Est. reading time\" \/>\n\t<meta name=\"twitter:data1\" content=\"1 minute\" \/>\n<script type=\"application\/ld+json\" class=\"yoast-schema-graph\">{\"@context\":\"https:\/\/schema.org\",\"@graph\":[{\"@type\":\"WebPage\",\"@id\":\"https:\/\/inspiratsiooniaiad.ee\/uus\/ostukorv\/\",\"url\":\"https:\/\/inspiratsiooniaiad.ee\/uus\/ostukorv\/\",\"name\":\"Ostukorv | Inspiratsiooniaiad\",\"isPartOf\":{\"@id\":\"https:\/\/inspiratsiooniaiad.ee\/uus\/#website\"},\"datePublished\":\"2021-03-17T09:42:50+00:00\",\"dateModified\":\"2025-04-13T10:22:49+00:00\",\"description\":\"Ideid ja lahendusi inspireerivate aedade loomiseks. Kogemusp\u00f5hine, aega ja kulusid s\u00e4\u00e4stev aiakujundusteenus\",\"breadcrumb\":{\"@id\":\"https:\/\/inspiratsiooniaiad.ee\/uus\/ostukorv\/#breadcrumb\"},\"inLanguage\":\"et\",\"potentialAction\":[{\"@type\":\"ReadAction\",\"target\":[\"https:\/\/inspiratsiooniaiad.ee\/uus\/ostukorv\/\"]}]},{\"@type\":\"BreadcrumbList\",\"@id\":\"https:\/\/inspiratsiooniaiad.ee\/uus\/ostukorv\/#breadcrumb\",\"itemListElement\":[{\"@type\":\"ListItem\",\"position\":1,\"name\":\"Home\",\"item\":\"https:\/\/inspiratsiooniaiad.ee\/uus\/\"},{\"@type\":\"ListItem\",\"position\":2,\"name\":\"Ostukorv\"}]},{\"@type\":\"WebSite\",\"@id\":\"https:\/\/inspiratsiooniaiad.ee\/uus\/#website\",\"url\":\"https:\/\/inspiratsiooniaiad.ee\/uus\/\",\"name\":\"Inspiratsiooniaiad\",\"description\":\"Inspiratsiooniaedade park T&uuml;ril\",\"publisher\":{\"@id\":\"https:\/\/inspiratsiooniaiad.ee\/uus\/#organization\"},\"potentialAction\":[{\"@type\":\"SearchAction\",\"target\":{\"@type\":\"EntryPoint\",\"urlTemplate\":\"https:\/\/inspiratsiooniaiad.ee\/uus\/?s={search_term_string}\"},\"query-input\":{\"@type\":\"PropertyValueSpecification\",\"valueRequired\":true,\"valueName\":\"search_term_string\"}}],\"inLanguage\":\"et\"},{\"@type\":\"Organization\",\"@id\":\"https:\/\/inspiratsiooniaiad.ee\/uus\/#organization\",\"name\":\"Inspiratsiooniaedade Park\",\"alternateName\":\"Inspiratsiooniaiad\",\"url\":\"https:\/\/inspiratsiooniaiad.ee\/uus\/\",\"logo\":{\"@type\":\"ImageObject\",\"inLanguage\":\"et\",\"@id\":\"https:\/\/inspiratsiooniaiad.ee\/uus\/#\/schema\/logo\/image\/\",\"url\":\"https:\/\/inspiratsiooniaiad.ee\/uus\/wp-content\/uploads\/2025\/04\/Inspiratsiooni-500-x-235-px.png\",\"contentUrl\":\"https:\/\/inspiratsiooniaiad.ee\/uus\/wp-content\/uploads\/2025\/04\/Inspiratsiooni-500-x-235-px.png\",\"width\":500,\"height\":235,\"caption\":\"Inspiratsiooniaedade Park\"},\"image\":{\"@id\":\"https:\/\/inspiratsiooniaiad.ee\/uus\/#\/schema\/logo\/image\/\"},\"sameAs\":[\"https:\/\/www.facebook.com\/Inspiratsiooniaedadepark\",\"https:\/\/www.instagram.com\/inspiratsiooniaiad\/\"]}]}<\/script>\n<!-- \/ Yoast SEO plugin. -->","yoast_head_json":{"title":"Ostukorv | Inspiratsiooniaiad","description":"Ideid ja lahendusi inspireerivate aedade loomiseks. Kogemusp\u00f5hine, aega ja kulusid s\u00e4\u00e4stev aiakujundusteenus","robots":{"index":"index","follow":"follow","max-snippet":"max-snippet:-1","max-image-preview":"max-image-preview:large","max-video-preview":"max-video-preview:-1"},"canonical":"https:\/\/inspiratsiooniaiad.ee\/uus\/ostukorv\/","og_locale":"et_EE","og_type":"article","og_title":"Ostukorv | Inspiratsiooniaiad","og_description":"Ideid ja lahendusi inspireerivate aedade loomiseks. Kogemusp\u00f5hine, aega ja kulusid s\u00e4\u00e4stev aiakujundusteenus","og_url":"https:\/\/inspiratsiooniaiad.ee\/uus\/ostukorv\/","og_site_name":"Inspiratsiooniaiad","article_publisher":"https:\/\/www.facebook.com\/Inspiratsiooniaedadepark","article_modified_time":"2025-04-13T10:22:49+00:00","twitter_card":"summary_large_image","twitter_misc":{"Est. reading time":"1 minute"},"schema":{"@context":"https:\/\/schema.org","@graph":[{"@type":"WebPage","@id":"https:\/\/inspiratsiooniaiad.ee\/uus\/ostukorv\/","url":"https:\/\/inspiratsiooniaiad.ee\/uus\/ostukorv\/","name":"Ostukorv | Inspiratsiooniaiad","isPartOf":{"@id":"https:\/\/inspiratsiooniaiad.ee\/uus\/#website"},"datePublished":"2021-03-17T09:42:50+00:00","dateModified":"2025-04-13T10:22:49+00:00","description":"Ideid ja lahendusi inspireerivate aedade loomiseks. Kogemusp\u00f5hine, aega ja kulusid s\u00e4\u00e4stev aiakujundusteenus","breadcrumb":{"@id":"https:\/\/inspiratsiooniaiad.ee\/uus\/ostukorv\/#breadcrumb"},"inLanguage":"et","potentialAction":[{"@type":"ReadAction","target":["https:\/\/inspiratsiooniaiad.ee\/uus\/ostukorv\/"]}]},{"@type":"BreadcrumbList","@id":"https:\/\/inspiratsiooniaiad.ee\/uus\/ostukorv\/#breadcrumb","itemListElement":[{"@type":"ListItem","position":1,"name":"Home","item":"https:\/\/inspiratsiooniaiad.ee\/uus\/"},{"@type":"ListItem","position":2,"name":"Ostukorv"}]},{"@type":"WebSite","@id":"https:\/\/inspiratsiooniaiad.ee\/uus\/#website","url":"https:\/\/inspiratsiooniaiad.ee\/uus\/","name":"Inspiratsiooniaiad","description":"Inspiratsiooniaedade park T&uuml;ril","publisher":{"@id":"https:\/\/inspiratsiooniaiad.ee\/uus\/#organization"},"potentialAction":[{"@type":"SearchAction","target":{"@type":"EntryPoint","urlTemplate":"https:\/\/inspiratsiooniaiad.ee\/uus\/?s={search_term_string}"},"query-input":{"@type":"PropertyValueSpecification","valueRequired":true,"valueName":"search_term_string"}}],"inLanguage":"et"},{"@type":"Organization","@id":"https:\/\/inspiratsiooniaiad.ee\/uus\/#organization","name":"Inspiratsiooniaedade Park","alternateName":"Inspiratsiooniaiad","url":"https:\/\/inspiratsiooniaiad.ee\/uus\/","logo":{"@type":"ImageObject","inLanguage":"et","@id":"https:\/\/inspiratsiooniaiad.ee\/uus\/#\/schema\/logo\/image\/","url":"https:\/\/inspiratsiooniaiad.ee\/uus\/wp-content\/uploads\/2025\/04\/Inspiratsiooni-500-x-235-px.png","contentUrl":"https:\/\/inspiratsiooniaiad.ee\/uus\/wp-content\/uploads\/2025\/04\/Inspiratsiooni-500-x-235-px.png","width":500,"height":235,"caption":"Inspiratsiooniaedade Park"},"image":{"@id":"https:\/\/inspiratsiooniaiad.ee\/uus\/#\/schema\/logo\/image\/"},"sameAs":["https:\/\/www.facebook.com\/Inspiratsiooniaedadepark","https:\/\/www.instagram.com\/inspiratsiooniaiad\/"]}]}},"_links":{"self":[{"href":"https:\/\/inspiratsiooniaiad.ee\/uus\/wp-json\/wp\/v2\/pages\/7","targetHints":{"allow":["GET"]}}],"collection":[{"href":"https:\/\/inspiratsiooniaiad.ee\/uus\/wp-json\/wp\/v2\/pages"}],"about":[{"href":"https:\/\/inspiratsiooniaiad.ee\/uus\/wp-json\/wp\/v2\/types\/page"}],"author":[{"embeddable":true,"href":"https:\/\/inspiratsiooniaiad.ee\/uus\/wp-json\/wp\/v2\/users\/1"}],"replies":[{"embeddable":true,"href":"https:\/\/inspiratsiooniaiad.ee\/uus\/wp-json\/wp\/v2\/comments?post=7"}],"version-history":[{"count":1,"href":"https:\/\/inspiratsiooniaiad.ee\/uus\/wp-json\/wp\/v2\/pages\/7\/revisions"}],"predecessor-version":[{"id":12,"href":"https:\/\/inspiratsiooniaiad.ee\/uus\/wp-json\/wp\/v2\/pages\/7\/revisions\/12"}],"wp:attachment":[{"href":"https:\/\/inspiratsiooniaiad.ee\/uus\/wp-json\/wp\/v2\/media?parent=7"}],"curies":[{"name":"wp","href":"https:\/\/api.w.org\/{rel}","templated":true}]}}