{"id":928,"date":"2016-08-04T02:24:34","date_gmt":"2016-08-04T02:24:34","guid":{"rendered":"http:\/\/demo.yolotheme.com\/dummy\/begreen\/?page_id=928"},"modified":"2026-01-30T15:45:19","modified_gmt":"2026-01-30T13:45:19","slug":"aiatuurid","status":"publish","type":"page","link":"https:\/\/inspiratsiooniaiad.ee\/uus\/aiatuurid\/","title":{"rendered":"Aiatuurid"},"content":{"rendered":"<div class=\"wpb-content-wrapper\"><p>[vc_row][vc_column]\n                            <div class=\"shortcode-product-wrap grid  \" >\n                    \r\n\r\n<div class=\"product-wrap grid\">\r\n    <div class=\"product-inner clearfix product-style-grid product-paging-default product-col-2\">\r\n        <div class=\"woocommerce product-listing clearfix columns-2\">\n                    <div class=\"product-item-wrap button-has-tooltip product-style_1 post-23224 product type-product status-publish has-post-thumbnail product_cat-aiatuurid first instock shipping-taxable product-type-simple\">\r\n    <div class=\"product-item-inner\">\r\n        <div class=\"product-thumb\">\r\n            <div class=\"product-flash-wrap\">\n\n\n<\/div>\n                <div class=\"product-thumb-one\">\n                    <img loading=\"lazy\" decoding=\"async\" width=\"300\" height=\"300\" src=\"https:\/\/inspiratsiooniaiad.ee\/uus\/wp-content\/uploads\/2025\/04\/REE_0868-scaled-300x300.jpg\" class=\"attachment-woocommerce_thumbnail size-woocommerce_thumbnail\" alt=\"Hooajalised Lillev\u00e4ljad\" \/>                <\/div>\n        <a class=\"product-link\" href=\"https:\/\/inspiratsiooniaiad.ee\/uus\/toode\/hooajalised-lillevaljad\/\">\n\t<div class=\"product-hover-sign\">\n\t\t<hr>\n\t\t<hr>\n\t<\/div>\n<\/a>            \r\n        <\/div>\r\n        <div class=\"product-info\">\r\n            <div class=\"product-actions\">\r\n                \t<a data-toggle=\"\" data-placement=\"top\" title=\"V\u00f5rdle\" href=\"https:\/\/inspiratsiooniaiad.ee\/uus\/toode\/hooajalised-lillevaljad\/?action=yith-woocompare-add-product&amp;id=23224\"\n\t   class=\"compare add_to_compare\" data-product_id=\"23224\"><i class=\"fa fa-signal\"><\/i>V\u00f5rdle <\/a>\n<div class=\"add-to-cart-wrap\" data-toggle=\"tooltip\" data-placement=\"top\" title=\"Loe edasi\"><a rel=\"nofollow\" href=\"https:\/\/inspiratsiooniaiad.ee\/uus\/toode\/hooajalised-lillevaljad\/\" data-quantity=\"1\" data-product_id=\"23224\" data-product_sku=\"\" class=\" product_type_simple button product_type_simple\"><i class=\"fa fa-cart-plus\"><\/i> Loe edasi<\/a><\/div><a data-toggle=\"\" data-placement=\"top\" title=\"Quick view\" class=\"product-quick-view\" data-product_id=\"23224\" href=\"https:\/\/inspiratsiooniaiad.ee\/uus\/toode\/hooajalised-lillevaljad\/\"><i class=\"fa fa-search\"><\/i>Quick view<\/a>            <\/div>\r\n            <a href=\"https:\/\/inspiratsiooniaiad.ee\/uus\/toode\/hooajalised-lillevaljad\/\"><h3>Hooajalised Lillev\u00e4ljad<\/h3><\/a>\n        <\/div>\r\n\r\n    <\/div>\r\n<\/div>                    <div class=\"product-item-wrap button-has-tooltip product-style_1 post-23228 product type-product status-publish has-post-thumbnail product_cat-aiatuurid last instock shipping-taxable purchasable product-type-simple\">\r\n    <div class=\"product-item-inner\">\r\n        <div class=\"product-thumb\">\r\n            <div class=\"product-flash-wrap\">\n\n\n<\/div>\n                <div class=\"product-thumb-primary\">\n                    <img loading=\"lazy\" decoding=\"async\" width=\"300\" height=\"300\" src=\"https:\/\/inspiratsiooniaiad.ee\/uus\/wp-content\/uploads\/2025\/03\/DSC_8589-300x300.jpg\" class=\"attachment-woocommerce_thumbnail size-woocommerce_thumbnail\" alt=\"Eksklusiivne aiatuur T\u00fcri kaunites koduaedades\" srcset=\"https:\/\/inspiratsiooniaiad.ee\/uus\/wp-content\/uploads\/2025\/03\/DSC_8589-300x300.jpg 300w, https:\/\/inspiratsiooniaiad.ee\/uus\/wp-content\/uploads\/2025\/03\/DSC_8589-150x150.jpg 150w\" sizes=\"auto, (max-width: 300px) 100vw, 300px\" \/>                <\/div>\n        <a class=\"product-link\" href=\"https:\/\/inspiratsiooniaiad.ee\/uus\/toode\/aiad-ja-naidisaiad\/\">\n\t<div class=\"product-hover-sign\">\n\t\t<hr>\n\t\t<hr>\n\t<\/div>\n<\/a>            \r\n        <\/div>\r\n        <div class=\"product-info\">\r\n            <div class=\"product-actions\">\r\n                \t<a data-toggle=\"\" data-placement=\"top\" title=\"V\u00f5rdle\" href=\"https:\/\/inspiratsiooniaiad.ee\/uus\/toode\/aiad-ja-naidisaiad\/?action=yith-woocompare-add-product&amp;id=23228\"\n\t   class=\"compare add_to_compare\" data-product_id=\"23228\"><i class=\"fa fa-signal\"><\/i>V\u00f5rdle <\/a>\n<div class=\"add-to-cart-wrap\" data-toggle=\"tooltip\" data-placement=\"top\" title=\"Lisa korvi\"><a rel=\"nofollow\" href=\"?add-to-cart=23228\" data-quantity=\"1\" data-product_id=\"23228\" data-product_sku=\"\" class=\"add_to_cart_button product_type_simple button product_type_simple add_to_cart_button ajax_add_to_cart\"><i class=\"fa fa-cart-plus\"><\/i> Lisa korvi<\/a><\/div><a data-toggle=\"\" data-placement=\"top\" title=\"Quick view\" class=\"product-quick-view\" data-product_id=\"23228\" href=\"https:\/\/inspiratsiooniaiad.ee\/uus\/toode\/aiad-ja-naidisaiad\/\"><i class=\"fa fa-search\"><\/i>Quick view<\/a>            <\/div>\r\n            <a href=\"https:\/\/inspiratsiooniaiad.ee\/uus\/toode\/aiad-ja-naidisaiad\/\"><h3>Eksklusiivne aiatuur T\u00fcri kaunites koduaedades<\/h3><\/a>\n\t<span class=\"price\"><span class=\"woocommerce-Price-amount amount\"><bdi>20.00<span class=\"woocommerce-Price-currencySymbol\">&euro;<\/span><\/bdi><\/span><\/span>\n        <\/div>\r\n\r\n    <\/div>\r\n<\/div>                <\/div>\n    <\/div>\r\n<\/div>\r\n\r\n<!-- @TODO: need move it to main.js file -->\r\n<script type=\"text\/javascript\">\r\n    jQuery(document).ready(function ($) {\r\n        var currency_symbol = '\u20ac';\r\n        var sorting = false;\r\n\r\n        \/*Click filter*\/\r\n        $('.bt-order').click(function(){\r\n            $('.product-sort').slideToggle(300);\r\n            $(this).toggleClass('active');\r\n        });\r\n\r\n        \/\/ init Isotope\r\n        var $container = $('.product-listing').isotope({ \/\/ parent element of .item\r\n            itemSelector: '.product-item-wrap',\r\n            layoutMode: 'fitRows',\r\n            getSortData: {                \r\n                title: function (itemElem) {\r\n                    var title = $(itemElem).find('.product-info h3').text();\r\n                    return title;\r\n                },\r\n                price: function (itemElem) {\r\n                    var weight = $(itemElem).find('.price ins .amount').text();\r\n                    var weight2 = $(itemElem).find('.price .amount').text();\r\n                    var weight3 = $(itemElem).find('.price ins .amount').first().text();\r\n                    if(weight3){\r\n                        weight = parseFloat(weight3.replace(currency_symbol, ''));\r\n                    } else if (weight) {\r\n                        weight = parseFloat(weight.replace(currency_symbol, ''));\r\n                    } else if (weight2) {\r\n                        weight = parseFloat(weight2.replace(currency_symbol, ''));\r\n                    } else {\r\n                        weight = 0;\r\n                    }\r\n                    return weight;\r\n                },\r\n                onsale: function (itemElem) {\r\n                    var onsale = $(itemElem).find('.product-flash-wrap span:nth-child(2)').text();\r\n                    return onsale;\r\n                }\r\n            }\r\n        });\r\n\r\n        if(sorting == true) {\r\n            var sortByValue = '';\r\n            \/\/ bind sort button click\r\n            $('.product-sort .list-sort li').click(function () {\r\n                var selected = $('.select-asc-desc option[selected=\"selected\"]').val();\r\n                if(selected == 'false') {\r\n                    selected = false;\r\n                }\r\n                sortByValue = $(this).attr('data-sort-by');\r\n                \r\n                $('.list-sort li').removeClass('active');\r\n                $(this).addClass('active');\r\n                $container.isotope({\r\n                    sortBy: sortByValue,\r\n                    sortAscending: selected\r\n                });\r\n            });\r\n            \/* select asc or desc*\/\r\n            $('.select-asc-desc').change(function(){\r\n                var selected = $(this).val();\r\n                $(this).find('option').removeAttr('selected');\r\n                $('.select-asc-desc option').each(function(){\r\n                    if(selected == $(this).val()){\r\n                        $(this).attr('selected','selected');\r\n                    }\r\n                });\r\n                if(selected == 'false'){\r\n                    selected = false;\r\n                }\r\n                $container.isotope({\r\n                    sortBy: sortByValue,\r\n                    sortAscending: selected\r\n                });\r\n            });\r\n\r\n            \/* default*\/\r\n            var default_selected = $('.select-asc-desc option[selected=\"selected\"]').val();\r\n            if(default_selected == 'false'){\r\n                default_selected = false;\r\n            }\r\n            $container.isotope({\r\n                sortAscending: default_selected\r\n            });\r\n        }\r\n    });\r\n<\/script>                <\/div>\n            \n            [\/vc_column][\/vc_row]<\/p>\n<\/div>","protected":false},"excerpt":{"rendered":"<p>[vc_row][vc_column][\/vc_column][\/vc_row]<\/p>\n","protected":false},"author":1,"featured_media":0,"parent":0,"menu_order":18,"comment_status":"closed","ping_status":"closed","template":"","meta":{"_acf_changed":false,"footnotes":""},"class_list":["post-928","page","type-page","status-publish","hentry"],"acf":[],"yoast_head":"<!-- This site is optimized with the Yoast SEO plugin v25.1 - https:\/\/yoast.com\/wordpress\/plugins\/seo\/ -->\n<title>Aiatuurid | Inspiratsiooniaiad<\/title>\n<meta name=\"description\" content=\"T\u00fcri koduaedade tuurid \u2013 positiivne tagasiside nii kohalikelt kui k\u00fclalistelt \u00fcle Eesti ning kaugemaltki. Valikus \u00fcle 10 erineva koduaia.\" \/>\n<meta name=\"robots\" content=\"index, follow, max-snippet:-1, max-image-preview:large, max-video-preview:-1\" \/>\n<link rel=\"canonical\" href=\"https:\/\/inspiratsiooniaiad.ee\/uus\/aiatuurid\/\" \/>\n<meta property=\"og:locale\" content=\"et_EE\" \/>\n<meta property=\"og:type\" content=\"article\" \/>\n<meta property=\"og:title\" content=\"Aiatuurid | Inspiratsiooniaiad\" \/>\n<meta property=\"og:description\" content=\"T\u00fcri koduaedade tuurid \u2013 positiivne tagasiside nii kohalikelt kui k\u00fclalistelt \u00fcle Eesti ning kaugemaltki. Valikus \u00fcle 10 erineva koduaia.\" \/>\n<meta property=\"og:url\" content=\"https:\/\/inspiratsiooniaiad.ee\/uus\/aiatuurid\/\" \/>\n<meta property=\"og:site_name\" content=\"Inspiratsiooniaiad\" \/>\n<meta property=\"article:publisher\" content=\"https:\/\/www.facebook.com\/Inspiratsiooniaedadepark\" \/>\n<meta property=\"article:modified_time\" content=\"2026-01-30T13:45:19+00:00\" \/>\n<meta name=\"twitter:card\" content=\"summary_large_image\" \/>\n<meta name=\"twitter:label1\" content=\"Est. reading time\" \/>\n\t<meta name=\"twitter:data1\" content=\"1 minute\" \/>\n<script type=\"application\/ld+json\" class=\"yoast-schema-graph\">{\"@context\":\"https:\/\/schema.org\",\"@graph\":[{\"@type\":\"WebPage\",\"@id\":\"https:\/\/inspiratsiooniaiad.ee\/uus\/aiatuurid\/\",\"url\":\"https:\/\/inspiratsiooniaiad.ee\/uus\/aiatuurid\/\",\"name\":\"Aiatuurid | Inspiratsiooniaiad\",\"isPartOf\":{\"@id\":\"https:\/\/inspiratsiooniaiad.ee\/uus\/#website\"},\"datePublished\":\"2016-08-04T02:24:34+00:00\",\"dateModified\":\"2026-01-30T13:45:19+00:00\",\"description\":\"T\u00fcri koduaedade tuurid \u2013 positiivne tagasiside nii kohalikelt kui k\u00fclalistelt \u00fcle Eesti ning kaugemaltki. Valikus \u00fcle 10 erineva koduaia.\",\"breadcrumb\":{\"@id\":\"https:\/\/inspiratsiooniaiad.ee\/uus\/aiatuurid\/#breadcrumb\"},\"inLanguage\":\"et\",\"potentialAction\":[{\"@type\":\"ReadAction\",\"target\":[\"https:\/\/inspiratsiooniaiad.ee\/uus\/aiatuurid\/\"]}]},{\"@type\":\"BreadcrumbList\",\"@id\":\"https:\/\/inspiratsiooniaiad.ee\/uus\/aiatuurid\/#breadcrumb\",\"itemListElement\":[{\"@type\":\"ListItem\",\"position\":1,\"name\":\"Home\",\"item\":\"https:\/\/inspiratsiooniaiad.ee\/uus\/\"},{\"@type\":\"ListItem\",\"position\":2,\"name\":\"Aiatuurid\"}]},{\"@type\":\"WebSite\",\"@id\":\"https:\/\/inspiratsiooniaiad.ee\/uus\/#website\",\"url\":\"https:\/\/inspiratsiooniaiad.ee\/uus\/\",\"name\":\"Inspiratsiooniaiad\",\"description\":\"Inspiratsiooniaedade park T&uuml;ril\",\"publisher\":{\"@id\":\"https:\/\/inspiratsiooniaiad.ee\/uus\/#organization\"},\"potentialAction\":[{\"@type\":\"SearchAction\",\"target\":{\"@type\":\"EntryPoint\",\"urlTemplate\":\"https:\/\/inspiratsiooniaiad.ee\/uus\/?s={search_term_string}\"},\"query-input\":{\"@type\":\"PropertyValueSpecification\",\"valueRequired\":true,\"valueName\":\"search_term_string\"}}],\"inLanguage\":\"et\"},{\"@type\":\"Organization\",\"@id\":\"https:\/\/inspiratsiooniaiad.ee\/uus\/#organization\",\"name\":\"Inspiratsiooniaedade Park\",\"alternateName\":\"Inspiratsiooniaiad\",\"url\":\"https:\/\/inspiratsiooniaiad.ee\/uus\/\",\"logo\":{\"@type\":\"ImageObject\",\"inLanguage\":\"et\",\"@id\":\"https:\/\/inspiratsiooniaiad.ee\/uus\/#\/schema\/logo\/image\/\",\"url\":\"https:\/\/inspiratsiooniaiad.ee\/uus\/wp-content\/uploads\/2025\/04\/Inspiratsiooni-500-x-235-px.png\",\"contentUrl\":\"https:\/\/inspiratsiooniaiad.ee\/uus\/wp-content\/uploads\/2025\/04\/Inspiratsiooni-500-x-235-px.png\",\"width\":500,\"height\":235,\"caption\":\"Inspiratsiooniaedade Park\"},\"image\":{\"@id\":\"https:\/\/inspiratsiooniaiad.ee\/uus\/#\/schema\/logo\/image\/\"},\"sameAs\":[\"https:\/\/www.facebook.com\/Inspiratsiooniaedadepark\",\"https:\/\/www.instagram.com\/inspiratsiooniaiad\/\"]}]}<\/script>\n<!-- \/ Yoast SEO plugin. -->","yoast_head_json":{"title":"Aiatuurid | Inspiratsiooniaiad","description":"T\u00fcri koduaedade tuurid \u2013 positiivne tagasiside nii kohalikelt kui k\u00fclalistelt \u00fcle Eesti ning kaugemaltki. Valikus \u00fcle 10 erineva koduaia.","robots":{"index":"index","follow":"follow","max-snippet":"max-snippet:-1","max-image-preview":"max-image-preview:large","max-video-preview":"max-video-preview:-1"},"canonical":"https:\/\/inspiratsiooniaiad.ee\/uus\/aiatuurid\/","og_locale":"et_EE","og_type":"article","og_title":"Aiatuurid | Inspiratsiooniaiad","og_description":"T\u00fcri koduaedade tuurid \u2013 positiivne tagasiside nii kohalikelt kui k\u00fclalistelt \u00fcle Eesti ning kaugemaltki. Valikus \u00fcle 10 erineva koduaia.","og_url":"https:\/\/inspiratsiooniaiad.ee\/uus\/aiatuurid\/","og_site_name":"Inspiratsiooniaiad","article_publisher":"https:\/\/www.facebook.com\/Inspiratsiooniaedadepark","article_modified_time":"2026-01-30T13:45:19+00:00","twitter_card":"summary_large_image","twitter_misc":{"Est. reading time":"1 minute"},"schema":{"@context":"https:\/\/schema.org","@graph":[{"@type":"WebPage","@id":"https:\/\/inspiratsiooniaiad.ee\/uus\/aiatuurid\/","url":"https:\/\/inspiratsiooniaiad.ee\/uus\/aiatuurid\/","name":"Aiatuurid | Inspiratsiooniaiad","isPartOf":{"@id":"https:\/\/inspiratsiooniaiad.ee\/uus\/#website"},"datePublished":"2016-08-04T02:24:34+00:00","dateModified":"2026-01-30T13:45:19+00:00","description":"T\u00fcri koduaedade tuurid \u2013 positiivne tagasiside nii kohalikelt kui k\u00fclalistelt \u00fcle Eesti ning kaugemaltki. Valikus \u00fcle 10 erineva koduaia.","breadcrumb":{"@id":"https:\/\/inspiratsiooniaiad.ee\/uus\/aiatuurid\/#breadcrumb"},"inLanguage":"et","potentialAction":[{"@type":"ReadAction","target":["https:\/\/inspiratsiooniaiad.ee\/uus\/aiatuurid\/"]}]},{"@type":"BreadcrumbList","@id":"https:\/\/inspiratsiooniaiad.ee\/uus\/aiatuurid\/#breadcrumb","itemListElement":[{"@type":"ListItem","position":1,"name":"Home","item":"https:\/\/inspiratsiooniaiad.ee\/uus\/"},{"@type":"ListItem","position":2,"name":"Aiatuurid"}]},{"@type":"WebSite","@id":"https:\/\/inspiratsiooniaiad.ee\/uus\/#website","url":"https:\/\/inspiratsiooniaiad.ee\/uus\/","name":"Inspiratsiooniaiad","description":"Inspiratsiooniaedade park T&uuml;ril","publisher":{"@id":"https:\/\/inspiratsiooniaiad.ee\/uus\/#organization"},"potentialAction":[{"@type":"SearchAction","target":{"@type":"EntryPoint","urlTemplate":"https:\/\/inspiratsiooniaiad.ee\/uus\/?s={search_term_string}"},"query-input":{"@type":"PropertyValueSpecification","valueRequired":true,"valueName":"search_term_string"}}],"inLanguage":"et"},{"@type":"Organization","@id":"https:\/\/inspiratsiooniaiad.ee\/uus\/#organization","name":"Inspiratsiooniaedade Park","alternateName":"Inspiratsiooniaiad","url":"https:\/\/inspiratsiooniaiad.ee\/uus\/","logo":{"@type":"ImageObject","inLanguage":"et","@id":"https:\/\/inspiratsiooniaiad.ee\/uus\/#\/schema\/logo\/image\/","url":"https:\/\/inspiratsiooniaiad.ee\/uus\/wp-content\/uploads\/2025\/04\/Inspiratsiooni-500-x-235-px.png","contentUrl":"https:\/\/inspiratsiooniaiad.ee\/uus\/wp-content\/uploads\/2025\/04\/Inspiratsiooni-500-x-235-px.png","width":500,"height":235,"caption":"Inspiratsiooniaedade Park"},"image":{"@id":"https:\/\/inspiratsiooniaiad.ee\/uus\/#\/schema\/logo\/image\/"},"sameAs":["https:\/\/www.facebook.com\/Inspiratsiooniaedadepark","https:\/\/www.instagram.com\/inspiratsiooniaiad\/"]}]}},"_links":{"self":[{"href":"https:\/\/inspiratsiooniaiad.ee\/uus\/wp-json\/wp\/v2\/pages\/928","targetHints":{"allow":["GET"]}}],"collection":[{"href":"https:\/\/inspiratsiooniaiad.ee\/uus\/wp-json\/wp\/v2\/pages"}],"about":[{"href":"https:\/\/inspiratsiooniaiad.ee\/uus\/wp-json\/wp\/v2\/types\/page"}],"author":[{"embeddable":true,"href":"https:\/\/inspiratsiooniaiad.ee\/uus\/wp-json\/wp\/v2\/users\/1"}],"replies":[{"embeddable":true,"href":"https:\/\/inspiratsiooniaiad.ee\/uus\/wp-json\/wp\/v2\/comments?post=928"}],"version-history":[{"count":3,"href":"https:\/\/inspiratsiooniaiad.ee\/uus\/wp-json\/wp\/v2\/pages\/928\/revisions"}],"predecessor-version":[{"id":23227,"href":"https:\/\/inspiratsiooniaiad.ee\/uus\/wp-json\/wp\/v2\/pages\/928\/revisions\/23227"}],"wp:attachment":[{"href":"https:\/\/inspiratsiooniaiad.ee\/uus\/wp-json\/wp\/v2\/media?parent=928"}],"curies":[{"name":"wp","href":"https:\/\/api.w.org\/{rel}","templated":true}]}}