{"id":16020,"date":"2022-12-04T15:18:37","date_gmt":"2022-12-04T13:18:37","guid":{"rendered":"https:\/\/inspiratsiooniaiad.ee\/uus\/?post_type=product&#038;p=16020"},"modified":"2025-04-25T14:11:00","modified_gmt":"2025-04-25T11:11:00","slug":"kinkekaart-100e","status":"publish","type":"product","link":"https:\/\/inspiratsiooniaiad.ee\/uus\/toode\/kinkekaart-100e\/","title":{"rendered":"kinkekaart 100\u20ac"},"content":{"rendered":"<p>Kinkekaart 100 \u20ac v\u00e4\u00e4rtuses.<br \/>\nKinkekaart sobib saatmiseks posti teel sellisele taimes\u00f5brale, kes armastab kevadest s\u00fcgiseni aias toimetada.<\/p>\n<p>Lisa ostukorvi, seej\u00e4rel vali &#8220;Tulen ise j\u00e4rele&#8221; ja &#8220;Tasumine arve alusel&#8221; ning kinnita tellimus. Saadame Sulle arve ja kui arve tasutud, siis saadame unikaalse numbriga kinkekaardi, mille saad ise v\u00e4lja printida.<\/p>\n","protected":false},"excerpt":{"rendered":"<p>Kinkekaart 100 \u20ac v\u00e4\u00e4rtuses. Kinkekaart sobib saatmiseks posti teel sellisele taimes\u00f5brale, kes armastab kevadest s\u00fcgiseni aias toimetada. Lisa ostukorvi, seej\u00e4rel vali &#8220;Tulen ise j\u00e4rele&#8221; ja &#8220;Tasumine arve alusel&#8221; ning kinnita tellimus. Saadame Sulle arve ja kui arve tasutud, siis saadame unikaalse numbriga kinkekaardi, mille saad ise v\u00e4lja printida.<\/p>\n","protected":false},"featured_media":0,"template":"","meta":{"_acf_changed":false},"product_brand":[],"product_cat":[583,1144],"product_tag":[],"class_list":{"0":"post-16020","1":"product","2":"type-product","3":"status-publish","5":"product_cat-kogu-toodete-nimekiri","6":"product_cat-kinkekaart","8":"first","9":"outofstock","10":"shipping-taxable","11":"purchasable","12":"product-type-simple"},"acf":[],"yoast_head":"<!-- This site is optimized with the Yoast SEO plugin v25.1 - https:\/\/yoast.com\/wordpress\/plugins\/seo\/ -->\n<title>kinkekaart 100\u20ac | Inspiratsiooniaiad<\/title>\n<meta name=\"description\" content=\"kinkekaart 100 \u20ac v\u00e4\u00e4rtuses, pista j\u00f5uluvana kingikotti v\u00f5i saada postiga\" \/>\n<meta name=\"robots\" content=\"index, follow, max-snippet:-1, max-image-preview:large, max-video-preview:-1\" \/>\n<link rel=\"canonical\" href=\"https:\/\/inspiratsiooniaiad.ee\/uus\/toode\/kinkekaart-100e\/\" \/>\n<meta property=\"og:locale\" content=\"et_EE\" \/>\n<meta property=\"og:type\" content=\"article\" \/>\n<meta property=\"og:title\" content=\"kinkekaart 100\u20ac | Inspiratsiooniaiad\" \/>\n<meta property=\"og:description\" content=\"kinkekaart 100 \u20ac v\u00e4\u00e4rtuses, pista j\u00f5uluvana kingikotti v\u00f5i saada postiga\" \/>\n<meta property=\"og:url\" content=\"https:\/\/inspiratsiooniaiad.ee\/uus\/toode\/kinkekaart-100e\/\" \/>\n<meta property=\"og:site_name\" content=\"Inspiratsiooniaiad\" \/>\n<meta property=\"article:publisher\" content=\"https:\/\/www.facebook.com\/Inspiratsiooniaedadepark\" \/>\n<meta property=\"article:modified_time\" content=\"2025-04-25T11:11:00+00:00\" \/>\n<meta name=\"twitter:card\" content=\"summary_large_image\" \/>\n<meta name=\"twitter:label1\" content=\"Est. reading time\" \/>\n\t<meta name=\"twitter:data1\" content=\"1 minute\" \/>\n<script type=\"application\/ld+json\" class=\"yoast-schema-graph\">{\"@context\":\"https:\/\/schema.org\",\"@graph\":[{\"@type\":\"WebPage\",\"@id\":\"https:\/\/inspiratsiooniaiad.ee\/uus\/toode\/kinkekaart-100e\/\",\"url\":\"https:\/\/inspiratsiooniaiad.ee\/uus\/toode\/kinkekaart-100e\/\",\"name\":\"kinkekaart 100\u20ac | Inspiratsiooniaiad\",\"isPartOf\":{\"@id\":\"https:\/\/inspiratsiooniaiad.ee\/uus\/#website\"},\"datePublished\":\"2022-12-04T13:18:37+00:00\",\"dateModified\":\"2025-04-25T11:11:00+00:00\",\"description\":\"kinkekaart 100 \u20ac v\u00e4\u00e4rtuses, pista j\u00f5uluvana kingikotti v\u00f5i saada postiga\",\"breadcrumb\":{\"@id\":\"https:\/\/inspiratsiooniaiad.ee\/uus\/toode\/kinkekaart-100e\/#breadcrumb\"},\"inLanguage\":\"et\",\"potentialAction\":[{\"@type\":\"ReadAction\",\"target\":[\"https:\/\/inspiratsiooniaiad.ee\/uus\/toode\/kinkekaart-100e\/\"]}]},{\"@type\":\"BreadcrumbList\",\"@id\":\"https:\/\/inspiratsiooniaiad.ee\/uus\/toode\/kinkekaart-100e\/#breadcrumb\",\"itemListElement\":[{\"@type\":\"ListItem\",\"position\":1,\"name\":\"Home\",\"item\":\"https:\/\/inspiratsiooniaiad.ee\/uus\/\"},{\"@type\":\"ListItem\",\"position\":2,\"name\":\"Tooted\",\"item\":\"https:\/\/inspiratsiooniaiad.ee\/uus\/taimed\/\"},{\"@type\":\"ListItem\",\"position\":3,\"name\":\"kinkekaart 100\u20ac\"}]},{\"@type\":\"WebSite\",\"@id\":\"https:\/\/inspiratsiooniaiad.ee\/uus\/#website\",\"url\":\"https:\/\/inspiratsiooniaiad.ee\/uus\/\",\"name\":\"Inspiratsiooniaiad\",\"description\":\"Inspiratsiooniaedade park T&uuml;ril\",\"publisher\":{\"@id\":\"https:\/\/inspiratsiooniaiad.ee\/uus\/#organization\"},\"potentialAction\":[{\"@type\":\"SearchAction\",\"target\":{\"@type\":\"EntryPoint\",\"urlTemplate\":\"https:\/\/inspiratsiooniaiad.ee\/uus\/?s={search_term_string}\"},\"query-input\":{\"@type\":\"PropertyValueSpecification\",\"valueRequired\":true,\"valueName\":\"search_term_string\"}}],\"inLanguage\":\"et\"},{\"@type\":\"Organization\",\"@id\":\"https:\/\/inspiratsiooniaiad.ee\/uus\/#organization\",\"name\":\"Inspiratsiooniaedade Park\",\"alternateName\":\"Inspiratsiooniaiad\",\"url\":\"https:\/\/inspiratsiooniaiad.ee\/uus\/\",\"logo\":{\"@type\":\"ImageObject\",\"inLanguage\":\"et\",\"@id\":\"https:\/\/inspiratsiooniaiad.ee\/uus\/#\/schema\/logo\/image\/\",\"url\":\"https:\/\/inspiratsiooniaiad.ee\/uus\/wp-content\/uploads\/2025\/04\/Inspiratsiooni-500-x-235-px.png\",\"contentUrl\":\"https:\/\/inspiratsiooniaiad.ee\/uus\/wp-content\/uploads\/2025\/04\/Inspiratsiooni-500-x-235-px.png\",\"width\":500,\"height\":235,\"caption\":\"Inspiratsiooniaedade Park\"},\"image\":{\"@id\":\"https:\/\/inspiratsiooniaiad.ee\/uus\/#\/schema\/logo\/image\/\"},\"sameAs\":[\"https:\/\/www.facebook.com\/Inspiratsiooniaedadepark\",\"https:\/\/www.instagram.com\/inspiratsiooniaiad\/\"]}]}<\/script>\n<!-- \/ Yoast SEO plugin. -->","yoast_head_json":{"title":"kinkekaart 100\u20ac | Inspiratsiooniaiad","description":"kinkekaart 100 \u20ac v\u00e4\u00e4rtuses, pista j\u00f5uluvana kingikotti v\u00f5i saada postiga","robots":{"index":"index","follow":"follow","max-snippet":"max-snippet:-1","max-image-preview":"max-image-preview:large","max-video-preview":"max-video-preview:-1"},"canonical":"https:\/\/inspiratsiooniaiad.ee\/uus\/toode\/kinkekaart-100e\/","og_locale":"et_EE","og_type":"article","og_title":"kinkekaart 100\u20ac | Inspiratsiooniaiad","og_description":"kinkekaart 100 \u20ac v\u00e4\u00e4rtuses, pista j\u00f5uluvana kingikotti v\u00f5i saada postiga","og_url":"https:\/\/inspiratsiooniaiad.ee\/uus\/toode\/kinkekaart-100e\/","og_site_name":"Inspiratsiooniaiad","article_publisher":"https:\/\/www.facebook.com\/Inspiratsiooniaedadepark","article_modified_time":"2025-04-25T11:11:00+00:00","twitter_card":"summary_large_image","twitter_misc":{"Est. reading time":"1 minute"},"schema":{"@context":"https:\/\/schema.org","@graph":[{"@type":"WebPage","@id":"https:\/\/inspiratsiooniaiad.ee\/uus\/toode\/kinkekaart-100e\/","url":"https:\/\/inspiratsiooniaiad.ee\/uus\/toode\/kinkekaart-100e\/","name":"kinkekaart 100\u20ac | Inspiratsiooniaiad","isPartOf":{"@id":"https:\/\/inspiratsiooniaiad.ee\/uus\/#website"},"datePublished":"2022-12-04T13:18:37+00:00","dateModified":"2025-04-25T11:11:00+00:00","description":"kinkekaart 100 \u20ac v\u00e4\u00e4rtuses, pista j\u00f5uluvana kingikotti v\u00f5i saada postiga","breadcrumb":{"@id":"https:\/\/inspiratsiooniaiad.ee\/uus\/toode\/kinkekaart-100e\/#breadcrumb"},"inLanguage":"et","potentialAction":[{"@type":"ReadAction","target":["https:\/\/inspiratsiooniaiad.ee\/uus\/toode\/kinkekaart-100e\/"]}]},{"@type":"BreadcrumbList","@id":"https:\/\/inspiratsiooniaiad.ee\/uus\/toode\/kinkekaart-100e\/#breadcrumb","itemListElement":[{"@type":"ListItem","position":1,"name":"Home","item":"https:\/\/inspiratsiooniaiad.ee\/uus\/"},{"@type":"ListItem","position":2,"name":"Tooted","item":"https:\/\/inspiratsiooniaiad.ee\/uus\/taimed\/"},{"@type":"ListItem","position":3,"name":"kinkekaart 100\u20ac"}]},{"@type":"WebSite","@id":"https:\/\/inspiratsiooniaiad.ee\/uus\/#website","url":"https:\/\/inspiratsiooniaiad.ee\/uus\/","name":"Inspiratsiooniaiad","description":"Inspiratsiooniaedade park T&uuml;ril","publisher":{"@id":"https:\/\/inspiratsiooniaiad.ee\/uus\/#organization"},"potentialAction":[{"@type":"SearchAction","target":{"@type":"EntryPoint","urlTemplate":"https:\/\/inspiratsiooniaiad.ee\/uus\/?s={search_term_string}"},"query-input":{"@type":"PropertyValueSpecification","valueRequired":true,"valueName":"search_term_string"}}],"inLanguage":"et"},{"@type":"Organization","@id":"https:\/\/inspiratsiooniaiad.ee\/uus\/#organization","name":"Inspiratsiooniaedade Park","alternateName":"Inspiratsiooniaiad","url":"https:\/\/inspiratsiooniaiad.ee\/uus\/","logo":{"@type":"ImageObject","inLanguage":"et","@id":"https:\/\/inspiratsiooniaiad.ee\/uus\/#\/schema\/logo\/image\/","url":"https:\/\/inspiratsiooniaiad.ee\/uus\/wp-content\/uploads\/2025\/04\/Inspiratsiooni-500-x-235-px.png","contentUrl":"https:\/\/inspiratsiooniaiad.ee\/uus\/wp-content\/uploads\/2025\/04\/Inspiratsiooni-500-x-235-px.png","width":500,"height":235,"caption":"Inspiratsiooniaedade Park"},"image":{"@id":"https:\/\/inspiratsiooniaiad.ee\/uus\/#\/schema\/logo\/image\/"},"sameAs":["https:\/\/www.facebook.com\/Inspiratsiooniaedadepark","https:\/\/www.instagram.com\/inspiratsiooniaiad\/"]}]}},"_links":{"self":[{"href":"https:\/\/inspiratsiooniaiad.ee\/uus\/wp-json\/wp\/v2\/product\/16020","targetHints":{"allow":["GET"]}}],"collection":[{"href":"https:\/\/inspiratsiooniaiad.ee\/uus\/wp-json\/wp\/v2\/product"}],"about":[{"href":"https:\/\/inspiratsiooniaiad.ee\/uus\/wp-json\/wp\/v2\/types\/product"}],"wp:attachment":[{"href":"https:\/\/inspiratsiooniaiad.ee\/uus\/wp-json\/wp\/v2\/media?parent=16020"}],"wp:term":[{"taxonomy":"product_brand","embeddable":true,"href":"https:\/\/inspiratsiooniaiad.ee\/uus\/wp-json\/wp\/v2\/product_brand?post=16020"},{"taxonomy":"product_cat","embeddable":true,"href":"https:\/\/inspiratsiooniaiad.ee\/uus\/wp-json\/wp\/v2\/product_cat?post=16020"},{"taxonomy":"product_tag","embeddable":true,"href":"https:\/\/inspiratsiooniaiad.ee\/uus\/wp-json\/wp\/v2\/product_tag?post=16020"}],"curies":[{"name":"wp","href":"https:\/\/api.w.org\/{rel}","templated":true}]}}