{"id":16181,"date":"2023-03-06T13:38:31","date_gmt":"2023-03-06T11:38:31","guid":{"rendered":"https:\/\/inspiratsiooniaiad.ee\/uus\/?post_type=product&#038;p=16181"},"modified":"2025-09-25T11:33:08","modified_gmt":"2025-09-25T08:33:08","slug":"maa-lambavilla-graanulid-1kg","status":"publish","type":"product","link":"https:\/\/inspiratsiooniaiad.ee\/uus\/toode\/maa-lambavilla-graanulid-1kg\/","title":{"rendered":"m\u00e4\u00e4 lambavilla graanulid 1kg"},"content":{"rendered":"<p>Tegemist on lambavillast toodetud graanulitega, mis mulda segatuna eraldavad toitaineid terve kasvuperioodi. Pelletil on imeline v\u00f5ime imeda endasse vett, mis muudab mulla kohevaks ja hoiab niiskust. Kasutades pinnale laotatuna (nagu mult\u0161i) siis hoiab vill eemale ka teod ja n\u00e4ljkad.<br \/>\nKoostis: l\u00e4mmastik, kaalium, v\u00e4\u00e4vel, magneesium, fosfor.<br \/>\nKasutamine:<br \/>\n1) v\u00e4etamiseks segage graanulid pinnasesse. See laguneb seal 3-6 kuu jooksul, eritades niiviisi vajalikud toitained ja ei teki \u00fclev\u00e4etamist.\u00a0 Ideaalne konteinerite puhul, suurematel aladel lisage toodet taimejuure \u00fcmber.<br \/>\n2) niiskuse s\u00e4ilitamiseks lisage toodet mulda ja maapinnale. 1kg pakk katab 0,5m2 suuruse ala. Kastmise k\u00e4igus graanulid laienevad ja katavad pinna, hoiavad niiskust ja toetavad mikroorganismide arengut.<br \/>\n3) tigude ja n\u00e4lkjate t\u00f5rjeks tuleb graanulid laotada v\u00e4hemalt 10 cm laiuselt \u00fcmber taime. M\u00e4rjaks saades tekib viltjas kiht, kuid see peab olema lehtedest ja muust orgaanilisest ainest puhas.<\/p>\n<p>M\u00e4\u00e4 lambavilla graanulid on kohalik toode. Tootja s\u00fcdameasjaks on v\u00e4\u00e4rindada kohalike lammaste villa. Lambavill on j\u00e4\u00e4nud seoses s\u00fcnteetiliste kiudude kasutuselev\u00f5tuga tahaplaanile. Hoolimata sellest, tuleb lammast kasvatamise k\u00e4igus p\u00fcgada ja vill kipub \u00fcle j\u00e4\u00e4ma. V\u00e4ga suur osa Eesti lammaste villast on t\u00e4naseni j\u00e4\u00e4kproduk, millega midagi ei tehta. M\u00e4\u00e4 tootja tahab seda m\u00f5tteviisi muuta! Toodete arengusse on kaasatud Eesti Maa\u00fclikool.<br \/>\nToode on p\u00e4rjatud &#8220;L\u00f5una-Eesti Aasta toode 2022&#8221; auhinnaga.<\/p>\n<p>PHOTO: Villatoode O\u00dc<\/p>\n","protected":false},"excerpt":{"rendered":"<p>Tegemist on lambavillast toodetud graanulitega, mis mulda segatuna eraldavad toitaineid terve kasvuperioodi. Pelletil on imeline v\u00f5ime imeda endasse vett, mis muudab mulla kohevaks ja hoiab niiskust. Kasutades pinnale laotatuna (nagu mult\u0161i) siis hoiab vill eemale ka teod ja n\u00e4ljkad. Koostis: l\u00e4mmastik, kaalium, v\u00e4\u00e4vel, magneesium, fosfor. Kasutamine: 1) v\u00e4etamiseks segage graanulid pinnasesse. See laguneb seal 3-6&#8230;<\/p>\n","protected":false},"featured_media":23196,"template":"","meta":{"_acf_changed":false},"product_brand":[],"product_cat":[1320,501],"product_tag":[],"class_list":{"0":"post-16181","1":"product","2":"type-product","3":"status-publish","4":"has-post-thumbnail","6":"product_cat-graanulid","7":"product_cat-aiakaubad","9":"first","10":"outofstock","11":"shipping-taxable","12":"purchasable","13":"product-type-simple"},"acf":[],"yoast_head":"<!-- This site is optimized with the Yoast SEO plugin v25.1 - https:\/\/yoast.com\/wordpress\/plugins\/seo\/ -->\n<title>m\u00e4\u00e4 lambavilla graanulid 1kg | Inspiratsiooniaiad<\/title>\n<meta name=\"description\" content=\"Tegemist on lambavillast toodetud graanulitega, mis mulda segatuna eraldavad toitaineid terve kasvuperioodi.\" \/>\n<meta name=\"robots\" content=\"index, follow, max-snippet:-1, max-image-preview:large, max-video-preview:-1\" \/>\n<link rel=\"canonical\" href=\"https:\/\/inspiratsiooniaiad.ee\/uus\/toode\/maa-lambavilla-graanulid-1kg\/\" \/>\n<meta property=\"og:locale\" content=\"et_EE\" \/>\n<meta property=\"og:type\" content=\"article\" \/>\n<meta property=\"og:title\" content=\"m\u00e4\u00e4 lambavilla graanulid 1kg | Inspiratsiooniaiad\" \/>\n<meta property=\"og:description\" content=\"Tegemist on lambavillast toodetud graanulitega, mis mulda segatuna eraldavad toitaineid terve kasvuperioodi.\" \/>\n<meta property=\"og:url\" content=\"https:\/\/inspiratsiooniaiad.ee\/uus\/toode\/maa-lambavilla-graanulid-1kg\/\" \/>\n<meta property=\"og:site_name\" content=\"Inspiratsiooniaiad\" \/>\n<meta property=\"article:publisher\" content=\"https:\/\/www.facebook.com\/Inspiratsiooniaedadepark\" \/>\n<meta property=\"article:modified_time\" content=\"2025-09-25T08:33:08+00:00\" \/>\n<meta property=\"og:image\" content=\"https:\/\/inspiratsiooniaiad.ee\/uus\/wp-content\/uploads\/2023\/03\/maa-lambavilla-graanulid-1kg.webp\" \/>\n\t<meta property=\"og:image:width\" content=\"1280\" \/>\n\t<meta property=\"og:image:height\" content=\"1280\" \/>\n\t<meta property=\"og:image:type\" content=\"image\/webp\" \/>\n<meta name=\"twitter:card\" content=\"summary_large_image\" \/>\n<meta name=\"twitter:label1\" content=\"Est. reading time\" \/>\n\t<meta name=\"twitter:data1\" content=\"2 minutes\" \/>\n<script type=\"application\/ld+json\" class=\"yoast-schema-graph\">{\"@context\":\"https:\/\/schema.org\",\"@graph\":[{\"@type\":\"WebPage\",\"@id\":\"https:\/\/inspiratsiooniaiad.ee\/uus\/toode\/maa-lambavilla-graanulid-1kg\/\",\"url\":\"https:\/\/inspiratsiooniaiad.ee\/uus\/toode\/maa-lambavilla-graanulid-1kg\/\",\"name\":\"m\u00e4\u00e4 lambavilla graanulid 1kg | Inspiratsiooniaiad\",\"isPartOf\":{\"@id\":\"https:\/\/inspiratsiooniaiad.ee\/uus\/#website\"},\"primaryImageOfPage\":{\"@id\":\"https:\/\/inspiratsiooniaiad.ee\/uus\/toode\/maa-lambavilla-graanulid-1kg\/#primaryimage\"},\"image\":{\"@id\":\"https:\/\/inspiratsiooniaiad.ee\/uus\/toode\/maa-lambavilla-graanulid-1kg\/#primaryimage\"},\"thumbnailUrl\":\"https:\/\/inspiratsiooniaiad.ee\/uus\/wp-content\/uploads\/2023\/03\/maa-lambavilla-graanulid-1kg.webp\",\"datePublished\":\"2023-03-06T11:38:31+00:00\",\"dateModified\":\"2025-09-25T08:33:08+00:00\",\"description\":\"Tegemist on lambavillast toodetud graanulitega, mis mulda segatuna eraldavad toitaineid terve kasvuperioodi.\",\"breadcrumb\":{\"@id\":\"https:\/\/inspiratsiooniaiad.ee\/uus\/toode\/maa-lambavilla-graanulid-1kg\/#breadcrumb\"},\"inLanguage\":\"et\",\"potentialAction\":[{\"@type\":\"ReadAction\",\"target\":[\"https:\/\/inspiratsiooniaiad.ee\/uus\/toode\/maa-lambavilla-graanulid-1kg\/\"]}]},{\"@type\":\"ImageObject\",\"inLanguage\":\"et\",\"@id\":\"https:\/\/inspiratsiooniaiad.ee\/uus\/toode\/maa-lambavilla-graanulid-1kg\/#primaryimage\",\"url\":\"https:\/\/inspiratsiooniaiad.ee\/uus\/wp-content\/uploads\/2023\/03\/maa-lambavilla-graanulid-1kg.webp\",\"contentUrl\":\"https:\/\/inspiratsiooniaiad.ee\/uus\/wp-content\/uploads\/2023\/03\/maa-lambavilla-graanulid-1kg.webp\",\"width\":1280,\"height\":1280},{\"@type\":\"BreadcrumbList\",\"@id\":\"https:\/\/inspiratsiooniaiad.ee\/uus\/toode\/maa-lambavilla-graanulid-1kg\/#breadcrumb\",\"itemListElement\":[{\"@type\":\"ListItem\",\"position\":1,\"name\":\"Home\",\"item\":\"https:\/\/inspiratsiooniaiad.ee\/uus\/\"},{\"@type\":\"ListItem\",\"position\":2,\"name\":\"Tooted\",\"item\":\"https:\/\/inspiratsiooniaiad.ee\/uus\/taimed\/\"},{\"@type\":\"ListItem\",\"position\":3,\"name\":\"m\u00e4\u00e4 lambavilla graanulid 1kg\"}]},{\"@type\":\"WebSite\",\"@id\":\"https:\/\/inspiratsiooniaiad.ee\/uus\/#website\",\"url\":\"https:\/\/inspiratsiooniaiad.ee\/uus\/\",\"name\":\"Inspiratsiooniaiad\",\"description\":\"Inspiratsiooniaedade park T&uuml;ril\",\"publisher\":{\"@id\":\"https:\/\/inspiratsiooniaiad.ee\/uus\/#organization\"},\"potentialAction\":[{\"@type\":\"SearchAction\",\"target\":{\"@type\":\"EntryPoint\",\"urlTemplate\":\"https:\/\/inspiratsiooniaiad.ee\/uus\/?s={search_term_string}\"},\"query-input\":{\"@type\":\"PropertyValueSpecification\",\"valueRequired\":true,\"valueName\":\"search_term_string\"}}],\"inLanguage\":\"et\"},{\"@type\":\"Organization\",\"@id\":\"https:\/\/inspiratsiooniaiad.ee\/uus\/#organization\",\"name\":\"Inspiratsiooniaedade Park\",\"alternateName\":\"Inspiratsiooniaiad\",\"url\":\"https:\/\/inspiratsiooniaiad.ee\/uus\/\",\"logo\":{\"@type\":\"ImageObject\",\"inLanguage\":\"et\",\"@id\":\"https:\/\/inspiratsiooniaiad.ee\/uus\/#\/schema\/logo\/image\/\",\"url\":\"https:\/\/inspiratsiooniaiad.ee\/uus\/wp-content\/uploads\/2025\/04\/Inspiratsiooni-500-x-235-px.png\",\"contentUrl\":\"https:\/\/inspiratsiooniaiad.ee\/uus\/wp-content\/uploads\/2025\/04\/Inspiratsiooni-500-x-235-px.png\",\"width\":500,\"height\":235,\"caption\":\"Inspiratsiooniaedade Park\"},\"image\":{\"@id\":\"https:\/\/inspiratsiooniaiad.ee\/uus\/#\/schema\/logo\/image\/\"},\"sameAs\":[\"https:\/\/www.facebook.com\/Inspiratsiooniaedadepark\",\"https:\/\/www.instagram.com\/inspiratsiooniaiad\/\"]}]}<\/script>\n<!-- \/ Yoast SEO plugin. -->","yoast_head_json":{"title":"m\u00e4\u00e4 lambavilla graanulid 1kg | Inspiratsiooniaiad","description":"Tegemist on lambavillast toodetud graanulitega, mis mulda segatuna eraldavad toitaineid terve kasvuperioodi.","robots":{"index":"index","follow":"follow","max-snippet":"max-snippet:-1","max-image-preview":"max-image-preview:large","max-video-preview":"max-video-preview:-1"},"canonical":"https:\/\/inspiratsiooniaiad.ee\/uus\/toode\/maa-lambavilla-graanulid-1kg\/","og_locale":"et_EE","og_type":"article","og_title":"m\u00e4\u00e4 lambavilla graanulid 1kg | Inspiratsiooniaiad","og_description":"Tegemist on lambavillast toodetud graanulitega, mis mulda segatuna eraldavad toitaineid terve kasvuperioodi.","og_url":"https:\/\/inspiratsiooniaiad.ee\/uus\/toode\/maa-lambavilla-graanulid-1kg\/","og_site_name":"Inspiratsiooniaiad","article_publisher":"https:\/\/www.facebook.com\/Inspiratsiooniaedadepark","article_modified_time":"2025-09-25T08:33:08+00:00","og_image":[{"width":1280,"height":1280,"url":"https:\/\/inspiratsiooniaiad.ee\/uus\/wp-content\/uploads\/2023\/03\/maa-lambavilla-graanulid-1kg.webp","type":"image\/webp"}],"twitter_card":"summary_large_image","twitter_misc":{"Est. reading time":"2 minutes"},"schema":{"@context":"https:\/\/schema.org","@graph":[{"@type":"WebPage","@id":"https:\/\/inspiratsiooniaiad.ee\/uus\/toode\/maa-lambavilla-graanulid-1kg\/","url":"https:\/\/inspiratsiooniaiad.ee\/uus\/toode\/maa-lambavilla-graanulid-1kg\/","name":"m\u00e4\u00e4 lambavilla graanulid 1kg | Inspiratsiooniaiad","isPartOf":{"@id":"https:\/\/inspiratsiooniaiad.ee\/uus\/#website"},"primaryImageOfPage":{"@id":"https:\/\/inspiratsiooniaiad.ee\/uus\/toode\/maa-lambavilla-graanulid-1kg\/#primaryimage"},"image":{"@id":"https:\/\/inspiratsiooniaiad.ee\/uus\/toode\/maa-lambavilla-graanulid-1kg\/#primaryimage"},"thumbnailUrl":"https:\/\/inspiratsiooniaiad.ee\/uus\/wp-content\/uploads\/2023\/03\/maa-lambavilla-graanulid-1kg.webp","datePublished":"2023-03-06T11:38:31+00:00","dateModified":"2025-09-25T08:33:08+00:00","description":"Tegemist on lambavillast toodetud graanulitega, mis mulda segatuna eraldavad toitaineid terve kasvuperioodi.","breadcrumb":{"@id":"https:\/\/inspiratsiooniaiad.ee\/uus\/toode\/maa-lambavilla-graanulid-1kg\/#breadcrumb"},"inLanguage":"et","potentialAction":[{"@type":"ReadAction","target":["https:\/\/inspiratsiooniaiad.ee\/uus\/toode\/maa-lambavilla-graanulid-1kg\/"]}]},{"@type":"ImageObject","inLanguage":"et","@id":"https:\/\/inspiratsiooniaiad.ee\/uus\/toode\/maa-lambavilla-graanulid-1kg\/#primaryimage","url":"https:\/\/inspiratsiooniaiad.ee\/uus\/wp-content\/uploads\/2023\/03\/maa-lambavilla-graanulid-1kg.webp","contentUrl":"https:\/\/inspiratsiooniaiad.ee\/uus\/wp-content\/uploads\/2023\/03\/maa-lambavilla-graanulid-1kg.webp","width":1280,"height":1280},{"@type":"BreadcrumbList","@id":"https:\/\/inspiratsiooniaiad.ee\/uus\/toode\/maa-lambavilla-graanulid-1kg\/#breadcrumb","itemListElement":[{"@type":"ListItem","position":1,"name":"Home","item":"https:\/\/inspiratsiooniaiad.ee\/uus\/"},{"@type":"ListItem","position":2,"name":"Tooted","item":"https:\/\/inspiratsiooniaiad.ee\/uus\/taimed\/"},{"@type":"ListItem","position":3,"name":"m\u00e4\u00e4 lambavilla graanulid 1kg"}]},{"@type":"WebSite","@id":"https:\/\/inspiratsiooniaiad.ee\/uus\/#website","url":"https:\/\/inspiratsiooniaiad.ee\/uus\/","name":"Inspiratsiooniaiad","description":"Inspiratsiooniaedade park T&uuml;ril","publisher":{"@id":"https:\/\/inspiratsiooniaiad.ee\/uus\/#organization"},"potentialAction":[{"@type":"SearchAction","target":{"@type":"EntryPoint","urlTemplate":"https:\/\/inspiratsiooniaiad.ee\/uus\/?s={search_term_string}"},"query-input":{"@type":"PropertyValueSpecification","valueRequired":true,"valueName":"search_term_string"}}],"inLanguage":"et"},{"@type":"Organization","@id":"https:\/\/inspiratsiooniaiad.ee\/uus\/#organization","name":"Inspiratsiooniaedade Park","alternateName":"Inspiratsiooniaiad","url":"https:\/\/inspiratsiooniaiad.ee\/uus\/","logo":{"@type":"ImageObject","inLanguage":"et","@id":"https:\/\/inspiratsiooniaiad.ee\/uus\/#\/schema\/logo\/image\/","url":"https:\/\/inspiratsiooniaiad.ee\/uus\/wp-content\/uploads\/2025\/04\/Inspiratsiooni-500-x-235-px.png","contentUrl":"https:\/\/inspiratsiooniaiad.ee\/uus\/wp-content\/uploads\/2025\/04\/Inspiratsiooni-500-x-235-px.png","width":500,"height":235,"caption":"Inspiratsiooniaedade Park"},"image":{"@id":"https:\/\/inspiratsiooniaiad.ee\/uus\/#\/schema\/logo\/image\/"},"sameAs":["https:\/\/www.facebook.com\/Inspiratsiooniaedadepark","https:\/\/www.instagram.com\/inspiratsiooniaiad\/"]}]}},"_links":{"self":[{"href":"https:\/\/inspiratsiooniaiad.ee\/uus\/wp-json\/wp\/v2\/product\/16181","targetHints":{"allow":["GET"]}}],"collection":[{"href":"https:\/\/inspiratsiooniaiad.ee\/uus\/wp-json\/wp\/v2\/product"}],"about":[{"href":"https:\/\/inspiratsiooniaiad.ee\/uus\/wp-json\/wp\/v2\/types\/product"}],"wp:featuredmedia":[{"embeddable":true,"href":"https:\/\/inspiratsiooniaiad.ee\/uus\/wp-json\/wp\/v2\/media\/23196"}],"wp:attachment":[{"href":"https:\/\/inspiratsiooniaiad.ee\/uus\/wp-json\/wp\/v2\/media?parent=16181"}],"wp:term":[{"taxonomy":"product_brand","embeddable":true,"href":"https:\/\/inspiratsiooniaiad.ee\/uus\/wp-json\/wp\/v2\/product_brand?post=16181"},{"taxonomy":"product_cat","embeddable":true,"href":"https:\/\/inspiratsiooniaiad.ee\/uus\/wp-json\/wp\/v2\/product_cat?post=16181"},{"taxonomy":"product_tag","embeddable":true,"href":"https:\/\/inspiratsiooniaiad.ee\/uus\/wp-json\/wp\/v2\/product_tag?post=16181"}],"curies":[{"name":"wp","href":"https:\/\/api.w.org\/{rel}","templated":true}]}}