{"id":17771,"date":"2023-07-04T20:13:18","date_gmt":"2023-07-04T17:13:18","guid":{"rendered":"https:\/\/inspiratsiooniaiad.ee\/uus\/?post_type=product&#038;p=17771"},"modified":"2025-09-25T11:33:26","modified_gmt":"2025-09-25T08:33:26","slug":"kastmiskomplekt-amplisse-mona-tank-4","status":"publish","type":"product","link":"https:\/\/inspiratsiooniaiad.ee\/uus\/toode\/kastmiskomplekt-amplisse-mona-tank-4\/","title":{"rendered":"kastmiskomplekt Mona Tank 4"},"content":{"rendered":"<p>Kastmiss\u00fcsteemi komplekt, mis sobib amplisse v\u00f5i istutusanumasse.<br \/>\nVeereservuaari l\u00e4bim\u00f5\u00f5t 24 cm, k\u00f5rgus 10 cm, toru k\u00f5rgus 40 cm. Mahutab 4 liitri vett. Sobib 15-40 liitrisesse anumasse.<\/p>\n<p>PHOTO: Green-Tech<\/p>\n","protected":false},"excerpt":{"rendered":"<p>Kastmiss\u00fcsteemi komplekt, mis sobib amplisse v\u00f5i istutusanumasse. Veereservuaari l\u00e4bim\u00f5\u00f5t 24 cm, k\u00f5rgus 10 cm, toru k\u00f5rgus 40 cm. Mahutab 4 liitri vett. Sobib 15-40 liitrisesse anumasse. PHOTO: Green-Tech<\/p>\n","protected":false},"featured_media":23194,"template":"","meta":{"_acf_changed":false},"product_brand":[],"product_cat":[501],"product_tag":[],"class_list":{"0":"post-17771","1":"product","2":"type-product","3":"status-publish","4":"has-post-thumbnail","6":"product_cat-aiakaubad","8":"first","9":"onbackorder","10":"shipping-taxable","11":"purchasable","12":"product-type-simple"},"acf":[],"yoast_head":"<!-- This site is optimized with the Yoast SEO plugin v25.1 - https:\/\/yoast.com\/wordpress\/plugins\/seo\/ -->\n<title>kastmiskomplekt Mona Tank 4 | Inspiratsiooniaiad<\/title>\n<meta name=\"robots\" content=\"index, follow, max-snippet:-1, max-image-preview:large, max-video-preview:-1\" \/>\n<link rel=\"canonical\" href=\"https:\/\/inspiratsiooniaiad.ee\/uus\/toode\/kastmiskomplekt-amplisse-mona-tank-4\/\" \/>\n<meta property=\"og:locale\" content=\"et_EE\" \/>\n<meta property=\"og:type\" content=\"article\" \/>\n<meta property=\"og:title\" content=\"kastmiskomplekt Mona Tank 4 | Inspiratsiooniaiad\" \/>\n<meta property=\"og:description\" content=\"Kastmiss\u00fcsteemi komplekt, mis sobib amplisse v\u00f5i istutusanumasse. Veereservuaari l\u00e4bim\u00f5\u00f5t 24 cm, k\u00f5rgus 10 cm, toru k\u00f5rgus 40 cm. Mahutab 4 liitri vett. Sobib 15-40 liitrisesse anumasse. PHOTO: Green-Tech\" \/>\n<meta property=\"og:url\" content=\"https:\/\/inspiratsiooniaiad.ee\/uus\/toode\/kastmiskomplekt-amplisse-mona-tank-4\/\" \/>\n<meta property=\"og:site_name\" content=\"Inspiratsiooniaiad\" \/>\n<meta property=\"article:publisher\" content=\"https:\/\/www.facebook.com\/Inspiratsiooniaedadepark\" \/>\n<meta property=\"article:modified_time\" content=\"2025-09-25T08:33:26+00:00\" \/>\n<meta property=\"og:image\" content=\"https:\/\/inspiratsiooniaiad.ee\/uus\/wp-content\/uploads\/2023\/07\/kastmiskomplekt-Mona-Tank-4.jpg\" \/>\n\t<meta property=\"og:image:width\" content=\"1713\" \/>\n\t<meta property=\"og:image:height\" content=\"2560\" \/>\n\t<meta property=\"og:image:type\" content=\"image\/jpeg\" \/>\n<meta name=\"twitter:card\" content=\"summary_large_image\" \/>\n<meta name=\"twitter:label1\" content=\"Est. reading time\" \/>\n\t<meta name=\"twitter:data1\" content=\"1 minute\" \/>\n<script type=\"application\/ld+json\" class=\"yoast-schema-graph\">{\"@context\":\"https:\/\/schema.org\",\"@graph\":[{\"@type\":\"WebPage\",\"@id\":\"https:\/\/inspiratsiooniaiad.ee\/uus\/toode\/kastmiskomplekt-amplisse-mona-tank-4\/\",\"url\":\"https:\/\/inspiratsiooniaiad.ee\/uus\/toode\/kastmiskomplekt-amplisse-mona-tank-4\/\",\"name\":\"kastmiskomplekt Mona Tank 4 | Inspiratsiooniaiad\",\"isPartOf\":{\"@id\":\"https:\/\/inspiratsiooniaiad.ee\/uus\/#website\"},\"primaryImageOfPage\":{\"@id\":\"https:\/\/inspiratsiooniaiad.ee\/uus\/toode\/kastmiskomplekt-amplisse-mona-tank-4\/#primaryimage\"},\"image\":{\"@id\":\"https:\/\/inspiratsiooniaiad.ee\/uus\/toode\/kastmiskomplekt-amplisse-mona-tank-4\/#primaryimage\"},\"thumbnailUrl\":\"https:\/\/inspiratsiooniaiad.ee\/uus\/wp-content\/uploads\/2023\/07\/kastmiskomplekt-Mona-Tank-4.jpg\",\"datePublished\":\"2023-07-04T17:13:18+00:00\",\"dateModified\":\"2025-09-25T08:33:26+00:00\",\"breadcrumb\":{\"@id\":\"https:\/\/inspiratsiooniaiad.ee\/uus\/toode\/kastmiskomplekt-amplisse-mona-tank-4\/#breadcrumb\"},\"inLanguage\":\"et\",\"potentialAction\":[{\"@type\":\"ReadAction\",\"target\":[\"https:\/\/inspiratsiooniaiad.ee\/uus\/toode\/kastmiskomplekt-amplisse-mona-tank-4\/\"]}]},{\"@type\":\"ImageObject\",\"inLanguage\":\"et\",\"@id\":\"https:\/\/inspiratsiooniaiad.ee\/uus\/toode\/kastmiskomplekt-amplisse-mona-tank-4\/#primaryimage\",\"url\":\"https:\/\/inspiratsiooniaiad.ee\/uus\/wp-content\/uploads\/2023\/07\/kastmiskomplekt-Mona-Tank-4.jpg\",\"contentUrl\":\"https:\/\/inspiratsiooniaiad.ee\/uus\/wp-content\/uploads\/2023\/07\/kastmiskomplekt-Mona-Tank-4.jpg\",\"width\":1713,\"height\":2560},{\"@type\":\"BreadcrumbList\",\"@id\":\"https:\/\/inspiratsiooniaiad.ee\/uus\/toode\/kastmiskomplekt-amplisse-mona-tank-4\/#breadcrumb\",\"itemListElement\":[{\"@type\":\"ListItem\",\"position\":1,\"name\":\"Home\",\"item\":\"https:\/\/inspiratsiooniaiad.ee\/uus\/\"},{\"@type\":\"ListItem\",\"position\":2,\"name\":\"Tooted\",\"item\":\"https:\/\/inspiratsiooniaiad.ee\/uus\/taimed\/\"},{\"@type\":\"ListItem\",\"position\":3,\"name\":\"kastmiskomplekt Mona Tank 4\"}]},{\"@type\":\"WebSite\",\"@id\":\"https:\/\/inspiratsiooniaiad.ee\/uus\/#website\",\"url\":\"https:\/\/inspiratsiooniaiad.ee\/uus\/\",\"name\":\"Inspiratsiooniaiad\",\"description\":\"Inspiratsiooniaedade park T&uuml;ril\",\"publisher\":{\"@id\":\"https:\/\/inspiratsiooniaiad.ee\/uus\/#organization\"},\"potentialAction\":[{\"@type\":\"SearchAction\",\"target\":{\"@type\":\"EntryPoint\",\"urlTemplate\":\"https:\/\/inspiratsiooniaiad.ee\/uus\/?s={search_term_string}\"},\"query-input\":{\"@type\":\"PropertyValueSpecification\",\"valueRequired\":true,\"valueName\":\"search_term_string\"}}],\"inLanguage\":\"et\"},{\"@type\":\"Organization\",\"@id\":\"https:\/\/inspiratsiooniaiad.ee\/uus\/#organization\",\"name\":\"Inspiratsiooniaedade Park\",\"alternateName\":\"Inspiratsiooniaiad\",\"url\":\"https:\/\/inspiratsiooniaiad.ee\/uus\/\",\"logo\":{\"@type\":\"ImageObject\",\"inLanguage\":\"et\",\"@id\":\"https:\/\/inspiratsiooniaiad.ee\/uus\/#\/schema\/logo\/image\/\",\"url\":\"https:\/\/inspiratsiooniaiad.ee\/uus\/wp-content\/uploads\/2025\/04\/Inspiratsiooni-500-x-235-px.png\",\"contentUrl\":\"https:\/\/inspiratsiooniaiad.ee\/uus\/wp-content\/uploads\/2025\/04\/Inspiratsiooni-500-x-235-px.png\",\"width\":500,\"height\":235,\"caption\":\"Inspiratsiooniaedade Park\"},\"image\":{\"@id\":\"https:\/\/inspiratsiooniaiad.ee\/uus\/#\/schema\/logo\/image\/\"},\"sameAs\":[\"https:\/\/www.facebook.com\/Inspiratsiooniaedadepark\",\"https:\/\/www.instagram.com\/inspiratsiooniaiad\/\"]}]}<\/script>\n<!-- \/ Yoast SEO plugin. -->","yoast_head_json":{"title":"kastmiskomplekt Mona Tank 4 | Inspiratsiooniaiad","robots":{"index":"index","follow":"follow","max-snippet":"max-snippet:-1","max-image-preview":"max-image-preview:large","max-video-preview":"max-video-preview:-1"},"canonical":"https:\/\/inspiratsiooniaiad.ee\/uus\/toode\/kastmiskomplekt-amplisse-mona-tank-4\/","og_locale":"et_EE","og_type":"article","og_title":"kastmiskomplekt Mona Tank 4 | Inspiratsiooniaiad","og_description":"Kastmiss\u00fcsteemi komplekt, mis sobib amplisse v\u00f5i istutusanumasse. Veereservuaari l\u00e4bim\u00f5\u00f5t 24 cm, k\u00f5rgus 10 cm, toru k\u00f5rgus 40 cm. Mahutab 4 liitri vett. Sobib 15-40 liitrisesse anumasse. PHOTO: Green-Tech","og_url":"https:\/\/inspiratsiooniaiad.ee\/uus\/toode\/kastmiskomplekt-amplisse-mona-tank-4\/","og_site_name":"Inspiratsiooniaiad","article_publisher":"https:\/\/www.facebook.com\/Inspiratsiooniaedadepark","article_modified_time":"2025-09-25T08:33:26+00:00","og_image":[{"width":1713,"height":2560,"url":"https:\/\/inspiratsiooniaiad.ee\/uus\/wp-content\/uploads\/2023\/07\/kastmiskomplekt-Mona-Tank-4.jpg","type":"image\/jpeg"}],"twitter_card":"summary_large_image","twitter_misc":{"Est. reading time":"1 minute"},"schema":{"@context":"https:\/\/schema.org","@graph":[{"@type":"WebPage","@id":"https:\/\/inspiratsiooniaiad.ee\/uus\/toode\/kastmiskomplekt-amplisse-mona-tank-4\/","url":"https:\/\/inspiratsiooniaiad.ee\/uus\/toode\/kastmiskomplekt-amplisse-mona-tank-4\/","name":"kastmiskomplekt Mona Tank 4 | Inspiratsiooniaiad","isPartOf":{"@id":"https:\/\/inspiratsiooniaiad.ee\/uus\/#website"},"primaryImageOfPage":{"@id":"https:\/\/inspiratsiooniaiad.ee\/uus\/toode\/kastmiskomplekt-amplisse-mona-tank-4\/#primaryimage"},"image":{"@id":"https:\/\/inspiratsiooniaiad.ee\/uus\/toode\/kastmiskomplekt-amplisse-mona-tank-4\/#primaryimage"},"thumbnailUrl":"https:\/\/inspiratsiooniaiad.ee\/uus\/wp-content\/uploads\/2023\/07\/kastmiskomplekt-Mona-Tank-4.jpg","datePublished":"2023-07-04T17:13:18+00:00","dateModified":"2025-09-25T08:33:26+00:00","breadcrumb":{"@id":"https:\/\/inspiratsiooniaiad.ee\/uus\/toode\/kastmiskomplekt-amplisse-mona-tank-4\/#breadcrumb"},"inLanguage":"et","potentialAction":[{"@type":"ReadAction","target":["https:\/\/inspiratsiooniaiad.ee\/uus\/toode\/kastmiskomplekt-amplisse-mona-tank-4\/"]}]},{"@type":"ImageObject","inLanguage":"et","@id":"https:\/\/inspiratsiooniaiad.ee\/uus\/toode\/kastmiskomplekt-amplisse-mona-tank-4\/#primaryimage","url":"https:\/\/inspiratsiooniaiad.ee\/uus\/wp-content\/uploads\/2023\/07\/kastmiskomplekt-Mona-Tank-4.jpg","contentUrl":"https:\/\/inspiratsiooniaiad.ee\/uus\/wp-content\/uploads\/2023\/07\/kastmiskomplekt-Mona-Tank-4.jpg","width":1713,"height":2560},{"@type":"BreadcrumbList","@id":"https:\/\/inspiratsiooniaiad.ee\/uus\/toode\/kastmiskomplekt-amplisse-mona-tank-4\/#breadcrumb","itemListElement":[{"@type":"ListItem","position":1,"name":"Home","item":"https:\/\/inspiratsiooniaiad.ee\/uus\/"},{"@type":"ListItem","position":2,"name":"Tooted","item":"https:\/\/inspiratsiooniaiad.ee\/uus\/taimed\/"},{"@type":"ListItem","position":3,"name":"kastmiskomplekt Mona Tank 4"}]},{"@type":"WebSite","@id":"https:\/\/inspiratsiooniaiad.ee\/uus\/#website","url":"https:\/\/inspiratsiooniaiad.ee\/uus\/","name":"Inspiratsiooniaiad","description":"Inspiratsiooniaedade park T&uuml;ril","publisher":{"@id":"https:\/\/inspiratsiooniaiad.ee\/uus\/#organization"},"potentialAction":[{"@type":"SearchAction","target":{"@type":"EntryPoint","urlTemplate":"https:\/\/inspiratsiooniaiad.ee\/uus\/?s={search_term_string}"},"query-input":{"@type":"PropertyValueSpecification","valueRequired":true,"valueName":"search_term_string"}}],"inLanguage":"et"},{"@type":"Organization","@id":"https:\/\/inspiratsiooniaiad.ee\/uus\/#organization","name":"Inspiratsiooniaedade Park","alternateName":"Inspiratsiooniaiad","url":"https:\/\/inspiratsiooniaiad.ee\/uus\/","logo":{"@type":"ImageObject","inLanguage":"et","@id":"https:\/\/inspiratsiooniaiad.ee\/uus\/#\/schema\/logo\/image\/","url":"https:\/\/inspiratsiooniaiad.ee\/uus\/wp-content\/uploads\/2025\/04\/Inspiratsiooni-500-x-235-px.png","contentUrl":"https:\/\/inspiratsiooniaiad.ee\/uus\/wp-content\/uploads\/2025\/04\/Inspiratsiooni-500-x-235-px.png","width":500,"height":235,"caption":"Inspiratsiooniaedade Park"},"image":{"@id":"https:\/\/inspiratsiooniaiad.ee\/uus\/#\/schema\/logo\/image\/"},"sameAs":["https:\/\/www.facebook.com\/Inspiratsiooniaedadepark","https:\/\/www.instagram.com\/inspiratsiooniaiad\/"]}]}},"_links":{"self":[{"href":"https:\/\/inspiratsiooniaiad.ee\/uus\/wp-json\/wp\/v2\/product\/17771","targetHints":{"allow":["GET"]}}],"collection":[{"href":"https:\/\/inspiratsiooniaiad.ee\/uus\/wp-json\/wp\/v2\/product"}],"about":[{"href":"https:\/\/inspiratsiooniaiad.ee\/uus\/wp-json\/wp\/v2\/types\/product"}],"wp:featuredmedia":[{"embeddable":true,"href":"https:\/\/inspiratsiooniaiad.ee\/uus\/wp-json\/wp\/v2\/media\/23194"}],"wp:attachment":[{"href":"https:\/\/inspiratsiooniaiad.ee\/uus\/wp-json\/wp\/v2\/media?parent=17771"}],"wp:term":[{"taxonomy":"product_brand","embeddable":true,"href":"https:\/\/inspiratsiooniaiad.ee\/uus\/wp-json\/wp\/v2\/product_brand?post=17771"},{"taxonomy":"product_cat","embeddable":true,"href":"https:\/\/inspiratsiooniaiad.ee\/uus\/wp-json\/wp\/v2\/product_cat?post=17771"},{"taxonomy":"product_tag","embeddable":true,"href":"https:\/\/inspiratsiooniaiad.ee\/uus\/wp-json\/wp\/v2\/product_tag?post=17771"}],"curies":[{"name":"wp","href":"https:\/\/api.w.org\/{rel}","templated":true}]}}