{"id":23224,"date":"2025-06-19T23:20:19","date_gmt":"2025-06-19T20:20:19","guid":{"rendered":"https:\/\/inspiratsiooniaiad.ee\/uus\/?post_type=product&#038;p=23224"},"modified":"2025-06-19T23:20:19","modified_gmt":"2025-06-19T20:20:19","slug":"hooajalised-lillevaljad","status":"publish","type":"product","link":"https:\/\/inspiratsiooniaiad.ee\/uus\/toode\/hooajalised-lillevaljad\/","title":{"rendered":"Hooajalised Lillev\u00e4ljad"},"content":{"rendered":"<p><span data-slate-fragment=\"JTVCJTdCJTIydHlwZSUyMiUzQSUyMmNvZGVCbG9jayUyMiUyQyUyMmxhbmd1YWdlJTIyJTNBJTIyanNvbiUyMiUyQyUyMmNoaWxkcmVuJTIyJTNBJTVCJTdCJTIydGV4dCUyMiUzQSUyMk1laWUlMjBob29hamFsaXNlZCUyMGxpbGxldiVDMyVBNGxqYWQlMjBvbiUyMHQlQzMlQjVlbGluZSUyMHNpbG1haWx1JTJDJTIwbWlzJTIwbXV1dHViJTIwaWdhJTIwaG9vYWphZ2EuJTIwS2V2YWRlbCUyMGRvbWluZWVyaXZhZCUyMHNpYnVsbGlsbGVkJTJDJTIwc3V2ZWwlMjAlQzMlQkNoZWFhc3Rhc2VkJTIwbGlsbGVkJTIwamElMjBzJUMzJUJDZ2lzZWwlMjBrciVDMyVCQ3NhbnRlZW1pZC4lMjBWJUMzJUE0bGphZCUyMG9uJTIwcGxhbmVlcml0dWQlMjBuaWklMkMlMjBldCUyMG1pZGFnaSUyMCVDMyVCNWl0c2VrcyUyMGFsYXRpJTIwamElMjB2JUMzJUE0cnZpa29tYmluYXRzaW9vbmlkJTIwb2xla3NpZCUyMGhhcm1vb25pbGlzZWQuJTIwTGlsbGV2JUMzJUE0bGphZCUyMG9uJTIwcG9wdWxhYXJuZSUyMGtvaHQlMjBwdWxtYWZvdG9kZSUyMGphJTIwcGVyZXBpbHRpZGUlMjB0ZWdlbWlzZWtzLiUyMiU3RCU1RCU3RCU1RA==\">Meie hooajalised lillev\u00e4ljad on t\u00f5eline silmailu, mis muutub iga hooajaga. Kevadel domineerivad sibullilled, suvel \u00fcheaastased lilled ja s\u00fcgisel kr\u00fcsanteemid. V\u00e4ljad on planeeritud nii, et midagi \u00f5itseks alati ja v\u00e4rvikombinatsioonid oleksid harmoonilised. Lillev\u00e4ljad on populaarne koht pulmafotode ja perepiltide tegemiseks.<\/span><\/p>\n<p>Periood: <span data-slate-fragment=\"JTVCJTdCJTIydHlwZSUyMiUzQSUyMmNvZGVCbG9jayUyMiUyQyUyMmxhbmd1YWdlJTIyJTNBJTIyanNvbiUyMiUyQyUyMmNoaWxkcmVuJTIyJTNBJTVCJTdCJTIydGV4dCUyMiUzQSUyMk0lQzMlQTRydHMlMjAtJTIwbWFpJTVDJTIyJTIyJTdEJTVEJTdEJTVE\">M\u00e4rts &#8211; mai<\/span><\/p>\n<p><span class=\"\" data-slate-leaf=\"true\"><span data-slate-string=\"true\">&#8220;Tulbid&#8221;<\/span><\/span><span class=\"\" data-slate-leaf=\"true\"><span data-slate-string=\"true\">, <\/span><\/span><span class=\"\" data-slate-leaf=\"true\"><span data-slate-string=\"true\">&#8220;Nartsissid&#8221;<\/span><\/span><span class=\"\" data-slate-leaf=\"true\"><span data-slate-string=\"true\">, <\/span><\/span><span class=\"\" data-slate-leaf=\"true\"><span data-slate-string=\"true\">&#8220;Krookused&#8221;<\/span><\/span><span class=\"\" data-slate-leaf=\"true\"><span data-slate-string=\"true\">, <\/span><\/span><span class=\"\" data-slate-leaf=\"true\" data-slate-fragment=\"JTVCJTdCJTIydHlwZSUyMiUzQSUyMmNvZGVCbG9jayUyMiUyQyUyMmxhbmd1YWdlJTIyJTNBJTIyanNvbiUyMiUyQyUyMmNoaWxkcmVuJTIyJTNBJTVCJTdCJTIydGV4dCUyMiUzQSUyMiU1QyUyMlR1bGJpZCU1QyUyMiUyQyUyMCU1QyUyMk5hcnRzaXNzaWQlNUMlMjIlMkMlMjAlNUMlMjJLcm9va3VzZWQlNUMlMjIlMkMlMjAlNUMlMjJIJUMzJUJDYXRzaW5kaWQlNUMlMjIlMjIlN0QlNUQlN0QlNUQ=\"><span data-slate-string=\"true\">&#8220;H\u00fcatsindid&#8221;<\/span><\/span><\/p>\n<p>Periood: <span data-slate-fragment=\"JTVCJTdCJTIydHlwZSUyMiUzQSUyMmNvZGVCbG9jayUyMiUyQyUyMmxhbmd1YWdlJTIyJTNBJTIyanNvbiUyMiUyQyUyMmNoaWxkcmVuJTIyJTNBJTVCJTdCJTIydGV4dCUyMiUzQSUyMkp1dW5pJTIwLSUyMGF1Z3VzdCUyMiU3RCU1RCU3RCU1RA==\">Juuni &#8211; august<\/span><\/p>\n<p><span class=\"\" data-slate-leaf=\"true\"><span data-slate-string=\"true\">&#8220;P\u00e4evalilled&#8221;, &#8220;Tsiniad&#8221;, &#8220;Petuniad&#8221;, &#8220;Begooniad<\/span><\/span><span class=\"\" data-slate-leaf=\"true\" data-slate-fragment=\"JTVCJTdCJTIydHlwZSUyMiUzQSUyMmNvZGVCbG9jayUyMiUyQyUyMmxhbmd1YWdlJTIyJTNBJTIyanNvbiUyMiUyQyUyMmNoaWxkcmVuJTIyJTNBJTVCJTdCJTIydGV4dCUyMiUzQSUyMiU1QyUyMlR1bGJpZCU1QyUyMiUyQyUyMCU1QyUyMk5hcnRzaXNzaWQlNUMlMjIlMkMlMjAlNUMlMjJLcm9va3VzZWQlNUMlMjIlMkMlMjAlNUMlMjJIJUMzJUJDYXRzaW5kaWQlNUMlMjIlMjIlN0QlNUQlN0QlNUQ=\"><span data-slate-string=\"true\">&#8220;<\/span><\/span><\/p>\n","protected":false},"excerpt":{"rendered":"<p><span data-slate-fragment=\"JTVCJTdCJTIydHlwZSUyMiUzQSUyMmNvZGVCbG9jayUyMiUyQyUyMmxhbmd1YWdlJTIyJTNBJTIyanNvbiUyMiUyQyUyMmNoaWxkcmVuJTIyJTNBJTVCJTdCJTIydGV4dCUyMiUzQSUyMlN1dXJlZCUyMGhvb2FqYWxpc2VkJTIwbGlsbGV2JUMzJUE0bGphZCUyQyUyMG1pcyUyMG11dXR1dmFkJTIwaWdhJTIwaG9vYWphZ2ElMjB1dWVrcyUyMHYlQzMlQTRydmlsaXNla3MlMjB2YWF0ZXBpbGRpa3MuJTIyJTdEJTVEJTdEJTVE\">Suured hooajalised lillev\u00e4ljad, mis muutuvad iga hooajaga uueks v\u00e4rviliseks vaatepildiks.<\/span><\/p>\n","protected":false},"featured_media":22987,"template":"","meta":{"_acf_changed":false},"product_brand":[],"product_cat":[1330],"product_tag":[],"class_list":{"0":"post-23224","1":"product","2":"type-product","3":"status-publish","4":"has-post-thumbnail","6":"product_cat-aiatuurid","8":"first","9":"instock","10":"shipping-taxable","11":"product-type-simple"},"acf":[],"yoast_head":"<!-- This site is optimized with the Yoast SEO plugin v25.1 - https:\/\/yoast.com\/wordpress\/plugins\/seo\/ -->\n<title>Hooajalised Lillev\u00e4ljad | Inspiratsiooniaiad<\/title>\n<meta name=\"robots\" content=\"index, follow, max-snippet:-1, max-image-preview:large, max-video-preview:-1\" \/>\n<link rel=\"canonical\" href=\"https:\/\/inspiratsiooniaiad.ee\/uus\/toode\/hooajalised-lillevaljad\/\" \/>\n<meta property=\"og:locale\" content=\"et_EE\" \/>\n<meta property=\"og:type\" content=\"article\" \/>\n<meta property=\"og:title\" content=\"Hooajalised Lillev\u00e4ljad | Inspiratsiooniaiad\" \/>\n<meta property=\"og:description\" content=\"Suured hooajalised lillev\u00e4ljad, mis muutuvad iga hooajaga uueks v\u00e4rviliseks vaatepildiks.\" \/>\n<meta property=\"og:url\" content=\"https:\/\/inspiratsiooniaiad.ee\/uus\/toode\/hooajalised-lillevaljad\/\" \/>\n<meta property=\"og:site_name\" content=\"Inspiratsiooniaiad\" \/>\n<meta property=\"article:publisher\" content=\"https:\/\/www.facebook.com\/Inspiratsiooniaedadepark\" \/>\n<meta property=\"og:image\" content=\"https:\/\/inspiratsiooniaiad.ee\/uus\/wp-content\/uploads\/2025\/04\/REE_0868-scaled.jpg\" \/>\n\t<meta property=\"og:image:width\" content=\"2560\" \/>\n\t<meta property=\"og:image:height\" content=\"1709\" \/>\n\t<meta property=\"og:image:type\" content=\"image\/jpeg\" \/>\n<meta name=\"twitter:card\" content=\"summary_large_image\" \/>\n<meta name=\"twitter:label1\" content=\"Est. reading time\" \/>\n\t<meta name=\"twitter:data1\" content=\"1 minute\" \/>\n<script type=\"application\/ld+json\" class=\"yoast-schema-graph\">{\"@context\":\"https:\/\/schema.org\",\"@graph\":[{\"@type\":\"WebPage\",\"@id\":\"https:\/\/inspiratsiooniaiad.ee\/uus\/toode\/hooajalised-lillevaljad\/\",\"url\":\"https:\/\/inspiratsiooniaiad.ee\/uus\/toode\/hooajalised-lillevaljad\/\",\"name\":\"Hooajalised Lillev\u00e4ljad | Inspiratsiooniaiad\",\"isPartOf\":{\"@id\":\"https:\/\/inspiratsiooniaiad.ee\/uus\/#website\"},\"primaryImageOfPage\":{\"@id\":\"https:\/\/inspiratsiooniaiad.ee\/uus\/toode\/hooajalised-lillevaljad\/#primaryimage\"},\"image\":{\"@id\":\"https:\/\/inspiratsiooniaiad.ee\/uus\/toode\/hooajalised-lillevaljad\/#primaryimage\"},\"thumbnailUrl\":\"https:\/\/inspiratsiooniaiad.ee\/uus\/wp-content\/uploads\/2025\/04\/REE_0868-scaled.jpg\",\"datePublished\":\"2025-06-19T20:20:19+00:00\",\"breadcrumb\":{\"@id\":\"https:\/\/inspiratsiooniaiad.ee\/uus\/toode\/hooajalised-lillevaljad\/#breadcrumb\"},\"inLanguage\":\"et\",\"potentialAction\":[{\"@type\":\"ReadAction\",\"target\":[\"https:\/\/inspiratsiooniaiad.ee\/uus\/toode\/hooajalised-lillevaljad\/\"]}]},{\"@type\":\"ImageObject\",\"inLanguage\":\"et\",\"@id\":\"https:\/\/inspiratsiooniaiad.ee\/uus\/toode\/hooajalised-lillevaljad\/#primaryimage\",\"url\":\"https:\/\/inspiratsiooniaiad.ee\/uus\/wp-content\/uploads\/2025\/04\/REE_0868-scaled.jpg\",\"contentUrl\":\"https:\/\/inspiratsiooniaiad.ee\/uus\/wp-content\/uploads\/2025\/04\/REE_0868-scaled.jpg\",\"width\":2560,\"height\":1709},{\"@type\":\"BreadcrumbList\",\"@id\":\"https:\/\/inspiratsiooniaiad.ee\/uus\/toode\/hooajalised-lillevaljad\/#breadcrumb\",\"itemListElement\":[{\"@type\":\"ListItem\",\"position\":1,\"name\":\"Home\",\"item\":\"https:\/\/inspiratsiooniaiad.ee\/uus\/\"},{\"@type\":\"ListItem\",\"position\":2,\"name\":\"Tooted\",\"item\":\"https:\/\/inspiratsiooniaiad.ee\/uus\/taimed\/\"},{\"@type\":\"ListItem\",\"position\":3,\"name\":\"Hooajalised Lillev\u00e4ljad\"}]},{\"@type\":\"WebSite\",\"@id\":\"https:\/\/inspiratsiooniaiad.ee\/uus\/#website\",\"url\":\"https:\/\/inspiratsiooniaiad.ee\/uus\/\",\"name\":\"Inspiratsiooniaiad\",\"description\":\"Inspiratsiooniaedade park T&uuml;ril\",\"publisher\":{\"@id\":\"https:\/\/inspiratsiooniaiad.ee\/uus\/#organization\"},\"potentialAction\":[{\"@type\":\"SearchAction\",\"target\":{\"@type\":\"EntryPoint\",\"urlTemplate\":\"https:\/\/inspiratsiooniaiad.ee\/uus\/?s={search_term_string}\"},\"query-input\":{\"@type\":\"PropertyValueSpecification\",\"valueRequired\":true,\"valueName\":\"search_term_string\"}}],\"inLanguage\":\"et\"},{\"@type\":\"Organization\",\"@id\":\"https:\/\/inspiratsiooniaiad.ee\/uus\/#organization\",\"name\":\"Inspiratsiooniaedade Park\",\"alternateName\":\"Inspiratsiooniaiad\",\"url\":\"https:\/\/inspiratsiooniaiad.ee\/uus\/\",\"logo\":{\"@type\":\"ImageObject\",\"inLanguage\":\"et\",\"@id\":\"https:\/\/inspiratsiooniaiad.ee\/uus\/#\/schema\/logo\/image\/\",\"url\":\"https:\/\/inspiratsiooniaiad.ee\/uus\/wp-content\/uploads\/2025\/04\/Inspiratsiooni-500-x-235-px.png\",\"contentUrl\":\"https:\/\/inspiratsiooniaiad.ee\/uus\/wp-content\/uploads\/2025\/04\/Inspiratsiooni-500-x-235-px.png\",\"width\":500,\"height\":235,\"caption\":\"Inspiratsiooniaedade Park\"},\"image\":{\"@id\":\"https:\/\/inspiratsiooniaiad.ee\/uus\/#\/schema\/logo\/image\/\"},\"sameAs\":[\"https:\/\/www.facebook.com\/Inspiratsiooniaedadepark\",\"https:\/\/www.instagram.com\/inspiratsiooniaiad\/\"]}]}<\/script>\n<!-- \/ Yoast SEO plugin. -->","yoast_head_json":{"title":"Hooajalised Lillev\u00e4ljad | Inspiratsiooniaiad","robots":{"index":"index","follow":"follow","max-snippet":"max-snippet:-1","max-image-preview":"max-image-preview:large","max-video-preview":"max-video-preview:-1"},"canonical":"https:\/\/inspiratsiooniaiad.ee\/uus\/toode\/hooajalised-lillevaljad\/","og_locale":"et_EE","og_type":"article","og_title":"Hooajalised Lillev\u00e4ljad | Inspiratsiooniaiad","og_description":"Suured hooajalised lillev\u00e4ljad, mis muutuvad iga hooajaga uueks v\u00e4rviliseks vaatepildiks.","og_url":"https:\/\/inspiratsiooniaiad.ee\/uus\/toode\/hooajalised-lillevaljad\/","og_site_name":"Inspiratsiooniaiad","article_publisher":"https:\/\/www.facebook.com\/Inspiratsiooniaedadepark","og_image":[{"width":2560,"height":1709,"url":"https:\/\/inspiratsiooniaiad.ee\/uus\/wp-content\/uploads\/2025\/04\/REE_0868-scaled.jpg","type":"image\/jpeg"}],"twitter_card":"summary_large_image","twitter_misc":{"Est. reading time":"1 minute"},"schema":{"@context":"https:\/\/schema.org","@graph":[{"@type":"WebPage","@id":"https:\/\/inspiratsiooniaiad.ee\/uus\/toode\/hooajalised-lillevaljad\/","url":"https:\/\/inspiratsiooniaiad.ee\/uus\/toode\/hooajalised-lillevaljad\/","name":"Hooajalised Lillev\u00e4ljad | Inspiratsiooniaiad","isPartOf":{"@id":"https:\/\/inspiratsiooniaiad.ee\/uus\/#website"},"primaryImageOfPage":{"@id":"https:\/\/inspiratsiooniaiad.ee\/uus\/toode\/hooajalised-lillevaljad\/#primaryimage"},"image":{"@id":"https:\/\/inspiratsiooniaiad.ee\/uus\/toode\/hooajalised-lillevaljad\/#primaryimage"},"thumbnailUrl":"https:\/\/inspiratsiooniaiad.ee\/uus\/wp-content\/uploads\/2025\/04\/REE_0868-scaled.jpg","datePublished":"2025-06-19T20:20:19+00:00","breadcrumb":{"@id":"https:\/\/inspiratsiooniaiad.ee\/uus\/toode\/hooajalised-lillevaljad\/#breadcrumb"},"inLanguage":"et","potentialAction":[{"@type":"ReadAction","target":["https:\/\/inspiratsiooniaiad.ee\/uus\/toode\/hooajalised-lillevaljad\/"]}]},{"@type":"ImageObject","inLanguage":"et","@id":"https:\/\/inspiratsiooniaiad.ee\/uus\/toode\/hooajalised-lillevaljad\/#primaryimage","url":"https:\/\/inspiratsiooniaiad.ee\/uus\/wp-content\/uploads\/2025\/04\/REE_0868-scaled.jpg","contentUrl":"https:\/\/inspiratsiooniaiad.ee\/uus\/wp-content\/uploads\/2025\/04\/REE_0868-scaled.jpg","width":2560,"height":1709},{"@type":"BreadcrumbList","@id":"https:\/\/inspiratsiooniaiad.ee\/uus\/toode\/hooajalised-lillevaljad\/#breadcrumb","itemListElement":[{"@type":"ListItem","position":1,"name":"Home","item":"https:\/\/inspiratsiooniaiad.ee\/uus\/"},{"@type":"ListItem","position":2,"name":"Tooted","item":"https:\/\/inspiratsiooniaiad.ee\/uus\/taimed\/"},{"@type":"ListItem","position":3,"name":"Hooajalised Lillev\u00e4ljad"}]},{"@type":"WebSite","@id":"https:\/\/inspiratsiooniaiad.ee\/uus\/#website","url":"https:\/\/inspiratsiooniaiad.ee\/uus\/","name":"Inspiratsiooniaiad","description":"Inspiratsiooniaedade park T&uuml;ril","publisher":{"@id":"https:\/\/inspiratsiooniaiad.ee\/uus\/#organization"},"potentialAction":[{"@type":"SearchAction","target":{"@type":"EntryPoint","urlTemplate":"https:\/\/inspiratsiooniaiad.ee\/uus\/?s={search_term_string}"},"query-input":{"@type":"PropertyValueSpecification","valueRequired":true,"valueName":"search_term_string"}}],"inLanguage":"et"},{"@type":"Organization","@id":"https:\/\/inspiratsiooniaiad.ee\/uus\/#organization","name":"Inspiratsiooniaedade Park","alternateName":"Inspiratsiooniaiad","url":"https:\/\/inspiratsiooniaiad.ee\/uus\/","logo":{"@type":"ImageObject","inLanguage":"et","@id":"https:\/\/inspiratsiooniaiad.ee\/uus\/#\/schema\/logo\/image\/","url":"https:\/\/inspiratsiooniaiad.ee\/uus\/wp-content\/uploads\/2025\/04\/Inspiratsiooni-500-x-235-px.png","contentUrl":"https:\/\/inspiratsiooniaiad.ee\/uus\/wp-content\/uploads\/2025\/04\/Inspiratsiooni-500-x-235-px.png","width":500,"height":235,"caption":"Inspiratsiooniaedade Park"},"image":{"@id":"https:\/\/inspiratsiooniaiad.ee\/uus\/#\/schema\/logo\/image\/"},"sameAs":["https:\/\/www.facebook.com\/Inspiratsiooniaedadepark","https:\/\/www.instagram.com\/inspiratsiooniaiad\/"]}]}},"_links":{"self":[{"href":"https:\/\/inspiratsiooniaiad.ee\/uus\/wp-json\/wp\/v2\/product\/23224","targetHints":{"allow":["GET"]}}],"collection":[{"href":"https:\/\/inspiratsiooniaiad.ee\/uus\/wp-json\/wp\/v2\/product"}],"about":[{"href":"https:\/\/inspiratsiooniaiad.ee\/uus\/wp-json\/wp\/v2\/types\/product"}],"wp:featuredmedia":[{"embeddable":true,"href":"https:\/\/inspiratsiooniaiad.ee\/uus\/wp-json\/wp\/v2\/media\/22987"}],"wp:attachment":[{"href":"https:\/\/inspiratsiooniaiad.ee\/uus\/wp-json\/wp\/v2\/media?parent=23224"}],"wp:term":[{"taxonomy":"product_brand","embeddable":true,"href":"https:\/\/inspiratsiooniaiad.ee\/uus\/wp-json\/wp\/v2\/product_brand?post=23224"},{"taxonomy":"product_cat","embeddable":true,"href":"https:\/\/inspiratsiooniaiad.ee\/uus\/wp-json\/wp\/v2\/product_cat?post=23224"},{"taxonomy":"product_tag","embeddable":true,"href":"https:\/\/inspiratsiooniaiad.ee\/uus\/wp-json\/wp\/v2\/product_tag?post=23224"}],"curies":[{"name":"wp","href":"https:\/\/api.w.org\/{rel}","templated":true}]}}