{"id":23228,"date":"2025-06-19T23:27:53","date_gmt":"2025-06-19T20:27:53","guid":{"rendered":"https:\/\/inspiratsiooniaiad.ee\/uus\/?post_type=product&#038;p=23228"},"modified":"2025-07-23T21:59:10","modified_gmt":"2025-07-23T18:59:10","slug":"aiad-ja-naidisaiad","status":"publish","type":"product","link":"https:\/\/inspiratsiooniaiad.ee\/uus\/toode\/aiad-ja-naidisaiad\/","title":{"rendered":"Eksklusiivne aiatuur T\u00fcri kaunites koduaedades"},"content":{"rendered":"<p data-start=\"116\" data-end=\"197\"><strong data-start=\"116\" data-end=\"195\">Sel aastal pakume aiatuure 13 eriilmelises koduaias T\u00fcril ja T\u00fcri \u00fcmbruses.<\/strong><\/p>\n<p data-start=\"199\" data-end=\"340\">\u00dche tuuri k\u00e4igus k\u00fclastame kolme inspireerivat koduaeda ning lisaks toimub giidiga juhendatud aiak\u00fclastus T\u00fcri j\u00e4rve \u00e4\u00e4res asuvas <em data-start=\"329\" data-end=\"339\">tajuaias<\/em>.<\/p>\n<p data-start=\"342\" data-end=\"690\">Meie n\u00e4idisaedade kollektsioon on suur ja mitmekesine. Siit leiab ideid igasuguse aia jaoks \u2013 alates v\u00e4ikestest linnaaedadest kuni avarate maakodude aedadeni. Iga k\u00fclastatav aed on oman\u00e4oline, l\u00e4bim\u00f5eldult kujundatud ning hoolitsetud, pakkudes rohkelt inspiratsiooni nii taimevaliku, v\u00e4rvilahenduste kui ka funktsionaalsete kujunduselementide osas.<\/p>\n<p data-start=\"692\" data-end=\"703\">Valikus on:<\/p>\n<ul data-start=\"704\" data-end=\"903\">\n<li data-start=\"704\" data-end=\"750\">\n<p data-start=\"706\" data-end=\"750\">topiaarkunsti ja kujundatud vormidega aiad<\/p>\n<\/li>\n<li data-start=\"751\" data-end=\"794\">\n<p data-start=\"753\" data-end=\"794\">permakultuuri p\u00f5him\u00f5tteid j\u00e4rgivad aiad<\/p>\n<\/li>\n<li data-start=\"795\" data-end=\"837\">\n<p data-start=\"797\" data-end=\"837\">v\u00e4ikesed ja funktsionaalsed lahendused<\/p>\n<\/li>\n<li data-start=\"838\" data-end=\"903\">\n<p data-start=\"840\" data-end=\"903\">elurikkust ja \u00f6koloogiat v\u00e4\u00e4rtustavad aiad<br data-start=\"882\" data-end=\"885\" \/>&#8230; ja palju muud!<\/p>\n<\/li>\n<\/ul>\n<p>Aiatuur toimub, kui grupis on v\u00e4hemalt 10 inimest. \u00dche k\u00fclastaja hind 20 \u20ac (sisaldab 3 koduaeda+ juhendatud tajuaia k\u00fclastus).<\/p>\n","protected":false},"excerpt":{"rendered":"<p>Sel aastal pakume aiatuure 13 eriilmelises koduaias T\u00fcril ja T\u00fcri \u00fcmbruses. \u00dche tuuri k\u00e4igus k\u00fclastame kolme inspireerivat koduaeda ning lisaks toimub giidiga juhendatud aiak\u00fclastus T\u00fcri j\u00e4rve \u00e4\u00e4res asuvas tajuaias. Meie n\u00e4idisaedade kollektsioon on suur ja mitmekesine. Siit leiab ideid igasuguse aia jaoks \u2013 alates v\u00e4ikestest linnaaedadest kuni avarate maakodude aedadeni. Iga k\u00fclastatav aed on oman\u00e4oline,&#8230;<\/p>\n","protected":false},"featured_media":22900,"template":"","meta":{"_acf_changed":false},"product_brand":[],"product_cat":[1330],"product_tag":[],"class_list":{"0":"post-23228","1":"product","2":"type-product","3":"status-publish","4":"has-post-thumbnail","6":"product_cat-aiatuurid","8":"first","9":"instock","10":"shipping-taxable","11":"purchasable","12":"product-type-simple"},"acf":[],"yoast_head":"<!-- This site is optimized with the Yoast SEO plugin v25.1 - https:\/\/yoast.com\/wordpress\/plugins\/seo\/ -->\n<title>Eksklusiivne aiatuur T\u00fcri kaunites koduaedades | Inspiratsiooniaiad<\/title>\n<meta name=\"robots\" content=\"index, follow, max-snippet:-1, max-image-preview:large, max-video-preview:-1\" \/>\n<link rel=\"canonical\" href=\"https:\/\/inspiratsiooniaiad.ee\/uus\/toode\/aiad-ja-naidisaiad\/\" \/>\n<meta property=\"og:locale\" content=\"et_EE\" \/>\n<meta property=\"og:type\" content=\"article\" \/>\n<meta property=\"og:title\" content=\"Eksklusiivne aiatuur T\u00fcri kaunites koduaedades | Inspiratsiooniaiad\" \/>\n<meta property=\"og:description\" content=\"Sel aastal pakume aiatuure 13 eriilmelises koduaias T\u00fcril ja T\u00fcri \u00fcmbruses. \u00dche tuuri k\u00e4igus k\u00fclastame kolme inspireerivat koduaeda ning lisaks toimub giidiga juhendatud aiak\u00fclastus T\u00fcri j\u00e4rve \u00e4\u00e4res asuvas tajuaias. Meie n\u00e4idisaedade kollektsioon on suur ja mitmekesine. Siit leiab ideid igasuguse aia jaoks \u2013 alates v\u00e4ikestest linnaaedadest kuni avarate maakodude aedadeni. Iga k\u00fclastatav aed on oman\u00e4oline,...\" \/>\n<meta property=\"og:url\" content=\"https:\/\/inspiratsiooniaiad.ee\/uus\/toode\/aiad-ja-naidisaiad\/\" \/>\n<meta property=\"og:site_name\" content=\"Inspiratsiooniaiad\" \/>\n<meta property=\"article:publisher\" content=\"https:\/\/www.facebook.com\/Inspiratsiooniaedadepark\" \/>\n<meta property=\"article:modified_time\" content=\"2025-07-23T18:59:10+00:00\" \/>\n<meta property=\"og:image\" content=\"https:\/\/inspiratsiooniaiad.ee\/uus\/wp-content\/uploads\/2025\/03\/DSC_8589-1024x684.jpg\" \/>\n\t<meta property=\"og:image:width\" content=\"1024\" \/>\n\t<meta property=\"og:image:height\" content=\"684\" \/>\n\t<meta property=\"og:image:type\" content=\"image\/jpeg\" \/>\n<meta name=\"twitter:card\" content=\"summary_large_image\" \/>\n<meta name=\"twitter:label1\" content=\"Est. reading time\" \/>\n\t<meta name=\"twitter:data1\" content=\"1 minute\" \/>\n<script type=\"application\/ld+json\" class=\"yoast-schema-graph\">{\"@context\":\"https:\/\/schema.org\",\"@graph\":[{\"@type\":\"WebPage\",\"@id\":\"https:\/\/inspiratsiooniaiad.ee\/uus\/toode\/aiad-ja-naidisaiad\/\",\"url\":\"https:\/\/inspiratsiooniaiad.ee\/uus\/toode\/aiad-ja-naidisaiad\/\",\"name\":\"Eksklusiivne aiatuur T\u00fcri kaunites koduaedades | Inspiratsiooniaiad\",\"isPartOf\":{\"@id\":\"https:\/\/inspiratsiooniaiad.ee\/uus\/#website\"},\"primaryImageOfPage\":{\"@id\":\"https:\/\/inspiratsiooniaiad.ee\/uus\/toode\/aiad-ja-naidisaiad\/#primaryimage\"},\"image\":{\"@id\":\"https:\/\/inspiratsiooniaiad.ee\/uus\/toode\/aiad-ja-naidisaiad\/#primaryimage\"},\"thumbnailUrl\":\"https:\/\/inspiratsiooniaiad.ee\/uus\/wp-content\/uploads\/2025\/03\/DSC_8589.jpg\",\"datePublished\":\"2025-06-19T20:27:53+00:00\",\"dateModified\":\"2025-07-23T18:59:10+00:00\",\"breadcrumb\":{\"@id\":\"https:\/\/inspiratsiooniaiad.ee\/uus\/toode\/aiad-ja-naidisaiad\/#breadcrumb\"},\"inLanguage\":\"et\",\"potentialAction\":[{\"@type\":\"ReadAction\",\"target\":[\"https:\/\/inspiratsiooniaiad.ee\/uus\/toode\/aiad-ja-naidisaiad\/\"]}]},{\"@type\":\"ImageObject\",\"inLanguage\":\"et\",\"@id\":\"https:\/\/inspiratsiooniaiad.ee\/uus\/toode\/aiad-ja-naidisaiad\/#primaryimage\",\"url\":\"https:\/\/inspiratsiooniaiad.ee\/uus\/wp-content\/uploads\/2025\/03\/DSC_8589.jpg\",\"contentUrl\":\"https:\/\/inspiratsiooniaiad.ee\/uus\/wp-content\/uploads\/2025\/03\/DSC_8589.jpg\",\"width\":2048,\"height\":1367},{\"@type\":\"BreadcrumbList\",\"@id\":\"https:\/\/inspiratsiooniaiad.ee\/uus\/toode\/aiad-ja-naidisaiad\/#breadcrumb\",\"itemListElement\":[{\"@type\":\"ListItem\",\"position\":1,\"name\":\"Home\",\"item\":\"https:\/\/inspiratsiooniaiad.ee\/uus\/\"},{\"@type\":\"ListItem\",\"position\":2,\"name\":\"Tooted\",\"item\":\"https:\/\/inspiratsiooniaiad.ee\/uus\/taimed\/\"},{\"@type\":\"ListItem\",\"position\":3,\"name\":\"Eksklusiivne aiatuur T\u00fcri kaunites koduaedades\"}]},{\"@type\":\"WebSite\",\"@id\":\"https:\/\/inspiratsiooniaiad.ee\/uus\/#website\",\"url\":\"https:\/\/inspiratsiooniaiad.ee\/uus\/\",\"name\":\"Inspiratsiooniaiad\",\"description\":\"Inspiratsiooniaedade park T&uuml;ril\",\"publisher\":{\"@id\":\"https:\/\/inspiratsiooniaiad.ee\/uus\/#organization\"},\"potentialAction\":[{\"@type\":\"SearchAction\",\"target\":{\"@type\":\"EntryPoint\",\"urlTemplate\":\"https:\/\/inspiratsiooniaiad.ee\/uus\/?s={search_term_string}\"},\"query-input\":{\"@type\":\"PropertyValueSpecification\",\"valueRequired\":true,\"valueName\":\"search_term_string\"}}],\"inLanguage\":\"et\"},{\"@type\":\"Organization\",\"@id\":\"https:\/\/inspiratsiooniaiad.ee\/uus\/#organization\",\"name\":\"Inspiratsiooniaedade Park\",\"alternateName\":\"Inspiratsiooniaiad\",\"url\":\"https:\/\/inspiratsiooniaiad.ee\/uus\/\",\"logo\":{\"@type\":\"ImageObject\",\"inLanguage\":\"et\",\"@id\":\"https:\/\/inspiratsiooniaiad.ee\/uus\/#\/schema\/logo\/image\/\",\"url\":\"https:\/\/inspiratsiooniaiad.ee\/uus\/wp-content\/uploads\/2025\/04\/Inspiratsiooni-500-x-235-px.png\",\"contentUrl\":\"https:\/\/inspiratsiooniaiad.ee\/uus\/wp-content\/uploads\/2025\/04\/Inspiratsiooni-500-x-235-px.png\",\"width\":500,\"height\":235,\"caption\":\"Inspiratsiooniaedade Park\"},\"image\":{\"@id\":\"https:\/\/inspiratsiooniaiad.ee\/uus\/#\/schema\/logo\/image\/\"},\"sameAs\":[\"https:\/\/www.facebook.com\/Inspiratsiooniaedadepark\",\"https:\/\/www.instagram.com\/inspiratsiooniaiad\/\"]}]}<\/script>\n<!-- \/ Yoast SEO plugin. -->","yoast_head_json":{"title":"Eksklusiivne aiatuur T\u00fcri kaunites koduaedades | Inspiratsiooniaiad","robots":{"index":"index","follow":"follow","max-snippet":"max-snippet:-1","max-image-preview":"max-image-preview:large","max-video-preview":"max-video-preview:-1"},"canonical":"https:\/\/inspiratsiooniaiad.ee\/uus\/toode\/aiad-ja-naidisaiad\/","og_locale":"et_EE","og_type":"article","og_title":"Eksklusiivne aiatuur T\u00fcri kaunites koduaedades | Inspiratsiooniaiad","og_description":"Sel aastal pakume aiatuure 13 eriilmelises koduaias T\u00fcril ja T\u00fcri \u00fcmbruses. \u00dche tuuri k\u00e4igus k\u00fclastame kolme inspireerivat koduaeda ning lisaks toimub giidiga juhendatud aiak\u00fclastus T\u00fcri j\u00e4rve \u00e4\u00e4res asuvas tajuaias. Meie n\u00e4idisaedade kollektsioon on suur ja mitmekesine. Siit leiab ideid igasuguse aia jaoks \u2013 alates v\u00e4ikestest linnaaedadest kuni avarate maakodude aedadeni. Iga k\u00fclastatav aed on oman\u00e4oline,...","og_url":"https:\/\/inspiratsiooniaiad.ee\/uus\/toode\/aiad-ja-naidisaiad\/","og_site_name":"Inspiratsiooniaiad","article_publisher":"https:\/\/www.facebook.com\/Inspiratsiooniaedadepark","article_modified_time":"2025-07-23T18:59:10+00:00","og_image":[{"width":1024,"height":684,"url":"https:\/\/inspiratsiooniaiad.ee\/uus\/wp-content\/uploads\/2025\/03\/DSC_8589-1024x684.jpg","type":"image\/jpeg"}],"twitter_card":"summary_large_image","twitter_misc":{"Est. reading time":"1 minute"},"schema":{"@context":"https:\/\/schema.org","@graph":[{"@type":"WebPage","@id":"https:\/\/inspiratsiooniaiad.ee\/uus\/toode\/aiad-ja-naidisaiad\/","url":"https:\/\/inspiratsiooniaiad.ee\/uus\/toode\/aiad-ja-naidisaiad\/","name":"Eksklusiivne aiatuur T\u00fcri kaunites koduaedades | Inspiratsiooniaiad","isPartOf":{"@id":"https:\/\/inspiratsiooniaiad.ee\/uus\/#website"},"primaryImageOfPage":{"@id":"https:\/\/inspiratsiooniaiad.ee\/uus\/toode\/aiad-ja-naidisaiad\/#primaryimage"},"image":{"@id":"https:\/\/inspiratsiooniaiad.ee\/uus\/toode\/aiad-ja-naidisaiad\/#primaryimage"},"thumbnailUrl":"https:\/\/inspiratsiooniaiad.ee\/uus\/wp-content\/uploads\/2025\/03\/DSC_8589.jpg","datePublished":"2025-06-19T20:27:53+00:00","dateModified":"2025-07-23T18:59:10+00:00","breadcrumb":{"@id":"https:\/\/inspiratsiooniaiad.ee\/uus\/toode\/aiad-ja-naidisaiad\/#breadcrumb"},"inLanguage":"et","potentialAction":[{"@type":"ReadAction","target":["https:\/\/inspiratsiooniaiad.ee\/uus\/toode\/aiad-ja-naidisaiad\/"]}]},{"@type":"ImageObject","inLanguage":"et","@id":"https:\/\/inspiratsiooniaiad.ee\/uus\/toode\/aiad-ja-naidisaiad\/#primaryimage","url":"https:\/\/inspiratsiooniaiad.ee\/uus\/wp-content\/uploads\/2025\/03\/DSC_8589.jpg","contentUrl":"https:\/\/inspiratsiooniaiad.ee\/uus\/wp-content\/uploads\/2025\/03\/DSC_8589.jpg","width":2048,"height":1367},{"@type":"BreadcrumbList","@id":"https:\/\/inspiratsiooniaiad.ee\/uus\/toode\/aiad-ja-naidisaiad\/#breadcrumb","itemListElement":[{"@type":"ListItem","position":1,"name":"Home","item":"https:\/\/inspiratsiooniaiad.ee\/uus\/"},{"@type":"ListItem","position":2,"name":"Tooted","item":"https:\/\/inspiratsiooniaiad.ee\/uus\/taimed\/"},{"@type":"ListItem","position":3,"name":"Eksklusiivne aiatuur T\u00fcri kaunites koduaedades"}]},{"@type":"WebSite","@id":"https:\/\/inspiratsiooniaiad.ee\/uus\/#website","url":"https:\/\/inspiratsiooniaiad.ee\/uus\/","name":"Inspiratsiooniaiad","description":"Inspiratsiooniaedade park T&uuml;ril","publisher":{"@id":"https:\/\/inspiratsiooniaiad.ee\/uus\/#organization"},"potentialAction":[{"@type":"SearchAction","target":{"@type":"EntryPoint","urlTemplate":"https:\/\/inspiratsiooniaiad.ee\/uus\/?s={search_term_string}"},"query-input":{"@type":"PropertyValueSpecification","valueRequired":true,"valueName":"search_term_string"}}],"inLanguage":"et"},{"@type":"Organization","@id":"https:\/\/inspiratsiooniaiad.ee\/uus\/#organization","name":"Inspiratsiooniaedade Park","alternateName":"Inspiratsiooniaiad","url":"https:\/\/inspiratsiooniaiad.ee\/uus\/","logo":{"@type":"ImageObject","inLanguage":"et","@id":"https:\/\/inspiratsiooniaiad.ee\/uus\/#\/schema\/logo\/image\/","url":"https:\/\/inspiratsiooniaiad.ee\/uus\/wp-content\/uploads\/2025\/04\/Inspiratsiooni-500-x-235-px.png","contentUrl":"https:\/\/inspiratsiooniaiad.ee\/uus\/wp-content\/uploads\/2025\/04\/Inspiratsiooni-500-x-235-px.png","width":500,"height":235,"caption":"Inspiratsiooniaedade Park"},"image":{"@id":"https:\/\/inspiratsiooniaiad.ee\/uus\/#\/schema\/logo\/image\/"},"sameAs":["https:\/\/www.facebook.com\/Inspiratsiooniaedadepark","https:\/\/www.instagram.com\/inspiratsiooniaiad\/"]}]}},"_links":{"self":[{"href":"https:\/\/inspiratsiooniaiad.ee\/uus\/wp-json\/wp\/v2\/product\/23228","targetHints":{"allow":["GET"]}}],"collection":[{"href":"https:\/\/inspiratsiooniaiad.ee\/uus\/wp-json\/wp\/v2\/product"}],"about":[{"href":"https:\/\/inspiratsiooniaiad.ee\/uus\/wp-json\/wp\/v2\/types\/product"}],"wp:featuredmedia":[{"embeddable":true,"href":"https:\/\/inspiratsiooniaiad.ee\/uus\/wp-json\/wp\/v2\/media\/22900"}],"wp:attachment":[{"href":"https:\/\/inspiratsiooniaiad.ee\/uus\/wp-json\/wp\/v2\/media?parent=23228"}],"wp:term":[{"taxonomy":"product_brand","embeddable":true,"href":"https:\/\/inspiratsiooniaiad.ee\/uus\/wp-json\/wp\/v2\/product_brand?post=23228"},{"taxonomy":"product_cat","embeddable":true,"href":"https:\/\/inspiratsiooniaiad.ee\/uus\/wp-json\/wp\/v2\/product_cat?post=23228"},{"taxonomy":"product_tag","embeddable":true,"href":"https:\/\/inspiratsiooniaiad.ee\/uus\/wp-json\/wp\/v2\/product_tag?post=23228"}],"curies":[{"name":"wp","href":"https:\/\/api.w.org\/{rel}","templated":true}]}}