{"id":23237,"date":"2025-06-19T23:41:24","date_gmt":"2025-06-19T20:41:24","guid":{"rendered":"https:\/\/inspiratsiooniaiad.ee\/uus\/?post_type=product&#038;p=23237"},"modified":"2025-06-19T23:49:43","modified_gmt":"2025-06-19T20:49:43","slug":"kuutlevad-veepiisad","status":"publish","type":"product","link":"https:\/\/inspiratsiooniaiad.ee\/uus\/toode\/kuutlevad-veepiisad\/","title":{"rendered":"K\u00fc\u00fctlevad veepiisad"},"content":{"rendered":"<p>Kaunis looduskivist laotud servaga veesilm, mida \u00fcmbritseb valitud taimestus.<br \/>\nVeepinda ilmestavad suvel \u00f5itsevad kininglikud vesiroosid ja m\u00f5\u00f5kjate lehtedega \u00f5itsejad. Kuivemal kaldal \u00f5ilmitsevad erinevad p\u00fcsikud ja k\u00f5rrelised. \u00d5ieilu j\u00e4tkub kevadest s\u00fcgiseni roosades, sinistes ja valgetes toonides. Kontrastiks on peenrasse eksinud \u00fcksikud kollased v\u00f5i aprikoosikarva \u00f5itsejad.<\/p>\n","protected":false},"excerpt":{"rendered":"<p>Kaunis looduskivist laotud servaga veesilm, mida \u00fcmbritseb valitud taimestus. Veepinda ilmestavad suvel \u00f5itsevad kininglikud vesiroosid ja m\u00f5\u00f5kjate lehtedega \u00f5itsejad. Kuivemal kaldal \u00f5ilmitsevad erinevad p\u00fcsikud ja k\u00f5rrelised. \u00d5ieilu j\u00e4tkub kevadest s\u00fcgiseni roosades, sinistes ja valgetes toonides. Kontrastiks on peenrasse eksinud \u00fcksikud kollased v\u00f5i aprikoosikarva \u00f5itsejad.<\/p>\n","protected":false},"featured_media":22955,"template":"","meta":{"_acf_changed":false},"product_brand":[],"product_cat":[1332,1333],"product_tag":[],"class_list":{"0":"post-23237","1":"product","2":"type-product","3":"status-publish","4":"has-post-thumbnail","6":"product_cat-aiakujundus","7":"product_cat-veesilm-aias","9":"first","10":"outofstock","11":"shipping-taxable","12":"product-type-variable"},"acf":[],"yoast_head":"<!-- This site is optimized with the Yoast SEO plugin v25.1 - https:\/\/yoast.com\/wordpress\/plugins\/seo\/ -->\n<title>K\u00fc\u00fctlevad veepiisad | Inspiratsiooniaiad<\/title>\n<meta name=\"robots\" content=\"index, follow, max-snippet:-1, max-image-preview:large, max-video-preview:-1\" \/>\n<link rel=\"canonical\" href=\"https:\/\/inspiratsiooniaiad.ee\/uus\/toode\/kuutlevad-veepiisad\/\" \/>\n<meta property=\"og:locale\" content=\"et_EE\" \/>\n<meta property=\"og:type\" content=\"article\" \/>\n<meta property=\"og:title\" content=\"K\u00fc\u00fctlevad veepiisad | Inspiratsiooniaiad\" \/>\n<meta property=\"og:description\" content=\"Kaunis looduskivist laotud servaga veesilm, mida \u00fcmbritseb valitud taimestus. Veepinda ilmestavad suvel \u00f5itsevad kininglikud vesiroosid ja m\u00f5\u00f5kjate lehtedega \u00f5itsejad. Kuivemal kaldal \u00f5ilmitsevad erinevad p\u00fcsikud ja k\u00f5rrelised. \u00d5ieilu j\u00e4tkub kevadest s\u00fcgiseni roosades, sinistes ja valgetes toonides. Kontrastiks on peenrasse eksinud \u00fcksikud kollased v\u00f5i aprikoosikarva \u00f5itsejad.\" \/>\n<meta property=\"og:url\" content=\"https:\/\/inspiratsiooniaiad.ee\/uus\/toode\/kuutlevad-veepiisad\/\" \/>\n<meta property=\"og:site_name\" content=\"Inspiratsiooniaiad\" \/>\n<meta property=\"article:publisher\" content=\"https:\/\/www.facebook.com\/Inspiratsiooniaedadepark\" \/>\n<meta property=\"article:modified_time\" content=\"2025-06-19T20:49:43+00:00\" \/>\n<meta property=\"og:image\" content=\"https:\/\/inspiratsiooniaiad.ee\/uus\/wp-content\/uploads\/2025\/04\/Nymphaea-Marliacea-Albida-vesiroos-4.jpg\" \/>\n\t<meta property=\"og:image:width\" content=\"2048\" \/>\n\t<meta property=\"og:image:height\" content=\"1367\" \/>\n\t<meta property=\"og:image:type\" content=\"image\/jpeg\" \/>\n<meta name=\"twitter:card\" content=\"summary_large_image\" \/>\n<meta name=\"twitter:label1\" content=\"Est. reading time\" \/>\n\t<meta name=\"twitter:data1\" content=\"1 minute\" \/>\n<script type=\"application\/ld+json\" class=\"yoast-schema-graph\">{\"@context\":\"https:\/\/schema.org\",\"@graph\":[{\"@type\":\"WebPage\",\"@id\":\"https:\/\/inspiratsiooniaiad.ee\/uus\/toode\/kuutlevad-veepiisad\/\",\"url\":\"https:\/\/inspiratsiooniaiad.ee\/uus\/toode\/kuutlevad-veepiisad\/\",\"name\":\"K\u00fc\u00fctlevad veepiisad | Inspiratsiooniaiad\",\"isPartOf\":{\"@id\":\"https:\/\/inspiratsiooniaiad.ee\/uus\/#website\"},\"primaryImageOfPage\":{\"@id\":\"https:\/\/inspiratsiooniaiad.ee\/uus\/toode\/kuutlevad-veepiisad\/#primaryimage\"},\"image\":{\"@id\":\"https:\/\/inspiratsiooniaiad.ee\/uus\/toode\/kuutlevad-veepiisad\/#primaryimage\"},\"thumbnailUrl\":\"https:\/\/inspiratsiooniaiad.ee\/uus\/wp-content\/uploads\/2025\/04\/Nymphaea-Marliacea-Albida-vesiroos-4.jpg\",\"datePublished\":\"2025-06-19T20:41:24+00:00\",\"dateModified\":\"2025-06-19T20:49:43+00:00\",\"breadcrumb\":{\"@id\":\"https:\/\/inspiratsiooniaiad.ee\/uus\/toode\/kuutlevad-veepiisad\/#breadcrumb\"},\"inLanguage\":\"et\",\"potentialAction\":[{\"@type\":\"ReadAction\",\"target\":[\"https:\/\/inspiratsiooniaiad.ee\/uus\/toode\/kuutlevad-veepiisad\/\"]}]},{\"@type\":\"ImageObject\",\"inLanguage\":\"et\",\"@id\":\"https:\/\/inspiratsiooniaiad.ee\/uus\/toode\/kuutlevad-veepiisad\/#primaryimage\",\"url\":\"https:\/\/inspiratsiooniaiad.ee\/uus\/wp-content\/uploads\/2025\/04\/Nymphaea-Marliacea-Albida-vesiroos-4.jpg\",\"contentUrl\":\"https:\/\/inspiratsiooniaiad.ee\/uus\/wp-content\/uploads\/2025\/04\/Nymphaea-Marliacea-Albida-vesiroos-4.jpg\",\"width\":2048,\"height\":1367},{\"@type\":\"BreadcrumbList\",\"@id\":\"https:\/\/inspiratsiooniaiad.ee\/uus\/toode\/kuutlevad-veepiisad\/#breadcrumb\",\"itemListElement\":[{\"@type\":\"ListItem\",\"position\":1,\"name\":\"Home\",\"item\":\"https:\/\/inspiratsiooniaiad.ee\/uus\/\"},{\"@type\":\"ListItem\",\"position\":2,\"name\":\"Tooted\",\"item\":\"https:\/\/inspiratsiooniaiad.ee\/uus\/taimed\/\"},{\"@type\":\"ListItem\",\"position\":3,\"name\":\"K\u00fc\u00fctlevad veepiisad\"}]},{\"@type\":\"WebSite\",\"@id\":\"https:\/\/inspiratsiooniaiad.ee\/uus\/#website\",\"url\":\"https:\/\/inspiratsiooniaiad.ee\/uus\/\",\"name\":\"Inspiratsiooniaiad\",\"description\":\"Inspiratsiooniaedade park T&uuml;ril\",\"publisher\":{\"@id\":\"https:\/\/inspiratsiooniaiad.ee\/uus\/#organization\"},\"potentialAction\":[{\"@type\":\"SearchAction\",\"target\":{\"@type\":\"EntryPoint\",\"urlTemplate\":\"https:\/\/inspiratsiooniaiad.ee\/uus\/?s={search_term_string}\"},\"query-input\":{\"@type\":\"PropertyValueSpecification\",\"valueRequired\":true,\"valueName\":\"search_term_string\"}}],\"inLanguage\":\"et\"},{\"@type\":\"Organization\",\"@id\":\"https:\/\/inspiratsiooniaiad.ee\/uus\/#organization\",\"name\":\"Inspiratsiooniaedade Park\",\"alternateName\":\"Inspiratsiooniaiad\",\"url\":\"https:\/\/inspiratsiooniaiad.ee\/uus\/\",\"logo\":{\"@type\":\"ImageObject\",\"inLanguage\":\"et\",\"@id\":\"https:\/\/inspiratsiooniaiad.ee\/uus\/#\/schema\/logo\/image\/\",\"url\":\"https:\/\/inspiratsiooniaiad.ee\/uus\/wp-content\/uploads\/2025\/04\/Inspiratsiooni-500-x-235-px.png\",\"contentUrl\":\"https:\/\/inspiratsiooniaiad.ee\/uus\/wp-content\/uploads\/2025\/04\/Inspiratsiooni-500-x-235-px.png\",\"width\":500,\"height\":235,\"caption\":\"Inspiratsiooniaedade Park\"},\"image\":{\"@id\":\"https:\/\/inspiratsiooniaiad.ee\/uus\/#\/schema\/logo\/image\/\"},\"sameAs\":[\"https:\/\/www.facebook.com\/Inspiratsiooniaedadepark\",\"https:\/\/www.instagram.com\/inspiratsiooniaiad\/\"]}]}<\/script>\n<!-- \/ Yoast SEO plugin. -->","yoast_head_json":{"title":"K\u00fc\u00fctlevad veepiisad | Inspiratsiooniaiad","robots":{"index":"index","follow":"follow","max-snippet":"max-snippet:-1","max-image-preview":"max-image-preview:large","max-video-preview":"max-video-preview:-1"},"canonical":"https:\/\/inspiratsiooniaiad.ee\/uus\/toode\/kuutlevad-veepiisad\/","og_locale":"et_EE","og_type":"article","og_title":"K\u00fc\u00fctlevad veepiisad | Inspiratsiooniaiad","og_description":"Kaunis looduskivist laotud servaga veesilm, mida \u00fcmbritseb valitud taimestus. Veepinda ilmestavad suvel \u00f5itsevad kininglikud vesiroosid ja m\u00f5\u00f5kjate lehtedega \u00f5itsejad. Kuivemal kaldal \u00f5ilmitsevad erinevad p\u00fcsikud ja k\u00f5rrelised. \u00d5ieilu j\u00e4tkub kevadest s\u00fcgiseni roosades, sinistes ja valgetes toonides. Kontrastiks on peenrasse eksinud \u00fcksikud kollased v\u00f5i aprikoosikarva \u00f5itsejad.","og_url":"https:\/\/inspiratsiooniaiad.ee\/uus\/toode\/kuutlevad-veepiisad\/","og_site_name":"Inspiratsiooniaiad","article_publisher":"https:\/\/www.facebook.com\/Inspiratsiooniaedadepark","article_modified_time":"2025-06-19T20:49:43+00:00","og_image":[{"width":2048,"height":1367,"url":"https:\/\/inspiratsiooniaiad.ee\/uus\/wp-content\/uploads\/2025\/04\/Nymphaea-Marliacea-Albida-vesiroos-4.jpg","type":"image\/jpeg"}],"twitter_card":"summary_large_image","twitter_misc":{"Est. reading time":"1 minute"},"schema":{"@context":"https:\/\/schema.org","@graph":[{"@type":"WebPage","@id":"https:\/\/inspiratsiooniaiad.ee\/uus\/toode\/kuutlevad-veepiisad\/","url":"https:\/\/inspiratsiooniaiad.ee\/uus\/toode\/kuutlevad-veepiisad\/","name":"K\u00fc\u00fctlevad veepiisad | Inspiratsiooniaiad","isPartOf":{"@id":"https:\/\/inspiratsiooniaiad.ee\/uus\/#website"},"primaryImageOfPage":{"@id":"https:\/\/inspiratsiooniaiad.ee\/uus\/toode\/kuutlevad-veepiisad\/#primaryimage"},"image":{"@id":"https:\/\/inspiratsiooniaiad.ee\/uus\/toode\/kuutlevad-veepiisad\/#primaryimage"},"thumbnailUrl":"https:\/\/inspiratsiooniaiad.ee\/uus\/wp-content\/uploads\/2025\/04\/Nymphaea-Marliacea-Albida-vesiroos-4.jpg","datePublished":"2025-06-19T20:41:24+00:00","dateModified":"2025-06-19T20:49:43+00:00","breadcrumb":{"@id":"https:\/\/inspiratsiooniaiad.ee\/uus\/toode\/kuutlevad-veepiisad\/#breadcrumb"},"inLanguage":"et","potentialAction":[{"@type":"ReadAction","target":["https:\/\/inspiratsiooniaiad.ee\/uus\/toode\/kuutlevad-veepiisad\/"]}]},{"@type":"ImageObject","inLanguage":"et","@id":"https:\/\/inspiratsiooniaiad.ee\/uus\/toode\/kuutlevad-veepiisad\/#primaryimage","url":"https:\/\/inspiratsiooniaiad.ee\/uus\/wp-content\/uploads\/2025\/04\/Nymphaea-Marliacea-Albida-vesiroos-4.jpg","contentUrl":"https:\/\/inspiratsiooniaiad.ee\/uus\/wp-content\/uploads\/2025\/04\/Nymphaea-Marliacea-Albida-vesiroos-4.jpg","width":2048,"height":1367},{"@type":"BreadcrumbList","@id":"https:\/\/inspiratsiooniaiad.ee\/uus\/toode\/kuutlevad-veepiisad\/#breadcrumb","itemListElement":[{"@type":"ListItem","position":1,"name":"Home","item":"https:\/\/inspiratsiooniaiad.ee\/uus\/"},{"@type":"ListItem","position":2,"name":"Tooted","item":"https:\/\/inspiratsiooniaiad.ee\/uus\/taimed\/"},{"@type":"ListItem","position":3,"name":"K\u00fc\u00fctlevad veepiisad"}]},{"@type":"WebSite","@id":"https:\/\/inspiratsiooniaiad.ee\/uus\/#website","url":"https:\/\/inspiratsiooniaiad.ee\/uus\/","name":"Inspiratsiooniaiad","description":"Inspiratsiooniaedade park T&uuml;ril","publisher":{"@id":"https:\/\/inspiratsiooniaiad.ee\/uus\/#organization"},"potentialAction":[{"@type":"SearchAction","target":{"@type":"EntryPoint","urlTemplate":"https:\/\/inspiratsiooniaiad.ee\/uus\/?s={search_term_string}"},"query-input":{"@type":"PropertyValueSpecification","valueRequired":true,"valueName":"search_term_string"}}],"inLanguage":"et"},{"@type":"Organization","@id":"https:\/\/inspiratsiooniaiad.ee\/uus\/#organization","name":"Inspiratsiooniaedade Park","alternateName":"Inspiratsiooniaiad","url":"https:\/\/inspiratsiooniaiad.ee\/uus\/","logo":{"@type":"ImageObject","inLanguage":"et","@id":"https:\/\/inspiratsiooniaiad.ee\/uus\/#\/schema\/logo\/image\/","url":"https:\/\/inspiratsiooniaiad.ee\/uus\/wp-content\/uploads\/2025\/04\/Inspiratsiooni-500-x-235-px.png","contentUrl":"https:\/\/inspiratsiooniaiad.ee\/uus\/wp-content\/uploads\/2025\/04\/Inspiratsiooni-500-x-235-px.png","width":500,"height":235,"caption":"Inspiratsiooniaedade Park"},"image":{"@id":"https:\/\/inspiratsiooniaiad.ee\/uus\/#\/schema\/logo\/image\/"},"sameAs":["https:\/\/www.facebook.com\/Inspiratsiooniaedadepark","https:\/\/www.instagram.com\/inspiratsiooniaiad\/"]}]}},"_links":{"self":[{"href":"https:\/\/inspiratsiooniaiad.ee\/uus\/wp-json\/wp\/v2\/product\/23237","targetHints":{"allow":["GET"]}}],"collection":[{"href":"https:\/\/inspiratsiooniaiad.ee\/uus\/wp-json\/wp\/v2\/product"}],"about":[{"href":"https:\/\/inspiratsiooniaiad.ee\/uus\/wp-json\/wp\/v2\/types\/product"}],"wp:featuredmedia":[{"embeddable":true,"href":"https:\/\/inspiratsiooniaiad.ee\/uus\/wp-json\/wp\/v2\/media\/22955"}],"wp:attachment":[{"href":"https:\/\/inspiratsiooniaiad.ee\/uus\/wp-json\/wp\/v2\/media?parent=23237"}],"wp:term":[{"taxonomy":"product_brand","embeddable":true,"href":"https:\/\/inspiratsiooniaiad.ee\/uus\/wp-json\/wp\/v2\/product_brand?post=23237"},{"taxonomy":"product_cat","embeddable":true,"href":"https:\/\/inspiratsiooniaiad.ee\/uus\/wp-json\/wp\/v2\/product_cat?post=23237"},{"taxonomy":"product_tag","embeddable":true,"href":"https:\/\/inspiratsiooniaiad.ee\/uus\/wp-json\/wp\/v2\/product_tag?post=23237"}],"curies":[{"name":"wp","href":"https:\/\/api.w.org\/{rel}","templated":true}]}}