{"id":4045,"date":"2021-03-24T12:24:13","date_gmt":"2021-03-24T10:24:13","guid":{"rendered":"https:\/\/eliseaed-ee.vserver.zonevs.eu\/toode\/veetaimede-muld-compo-sana-20-l\/"},"modified":"2025-06-19T23:01:03","modified_gmt":"2025-06-19T20:01:03","slug":"veetaimede-muld-compo-sana-20-l","status":"publish","type":"product","link":"https:\/\/inspiratsiooniaiad.ee\/uus\/toode\/veetaimede-muld-compo-sana-20-l\/","title":{"rendered":"Veetaimede muld COMPO SANA\u00ae 20 L"},"content":{"rendered":"<p>Spetsiaalselt vee- ja sootaimedele m\u00f5eldud muld on valmis koheseks kasutamiseks. Tiikide ja veetaimede keskkonna vesi peab olema madalate koostisainete sisaldusega, mist\u00f5ttu COMPO SANA\u00ae veetaimede muld ei sisalda lisav\u00e4etisi. Tagab taimedele optimaalse ja tervisliku keskkonna ning intensiivse \u00f5itsemise, tugevdab juurestiku kasvu, kaitseb haiguste eest.<\/p>\n<p>Kasutamine:<br \/>\nSoovitame kasutada spetsiaalseid veetaimedele m\u00f5eldud plastikust istustukorve, mis tagavad taime stabiiluse ja toetavad kasvu. Et v\u00e4ltida vee h\u00e4gusaks muutumist, soovitame kasutada lisaks veetaimede korvile istutustekstiili (jutekangas, fliis vm). Veetaimede muld hoiab eemal saasteained, tagab hapniku ja hoiab vee puhta ja tervena. Enne vette panemist tuleb muld t\u00e4ielikult m\u00e4rjaks teha. V\u00e4ltimaks mulla v\u00e4ljavoolamist soovitame katta mullakihi \u00f5rnalt kruusaga v\u00f5i kividega.<\/p>\n<p>Koostis: Orgaaniline osa k\u00f5rgsooturvas (lagunemise m\u00e4\u00e4r: H3 \u2013 H8), liiv, savi, lubi ning NPK k\u00f5ik olulised taimedele vajalikud toitained.<br \/>\npH-v\u00e4\u00e4rtus (CaCl2): 5,0-6,5<br \/>\nKaaliumkloriid (KCl) g\/l: &lt; 1 g\/l<\/p>\n<p>Paki kaal ~18-19 kg. Saatmine ainult kulleriga.<\/p>\n","protected":false},"excerpt":{"rendered":"<p>Spetsiaalselt vee- ja sootaimedele m\u00f5eldud muld on valmis koheseks kasutamiseks. Tiikide ja veetaimede keskkonna vesi peab olema madalate koostisainete sisaldusega, mist\u00f5ttu COMPO SANA\u00ae veetaimede muld ei sisalda lisav\u00e4etisi. Tagab taimedele optimaalse ja tervisliku keskkonna ning intensiivse \u00f5itsemise, tugevdab juurestiku kasvu, kaitseb haiguste eest. Kasutamine: Soovitame kasutada spetsiaalseid veetaimedele m\u00f5eldud plastikust istustukorve, mis tagavad taime stabiiluse&#8230;<\/p>\n","protected":false},"featured_media":23216,"template":"","meta":{"_acf_changed":false},"product_brand":[],"product_cat":[1324,501],"product_tag":[],"class_list":{"0":"post-4045","1":"product","2":"type-product","3":"status-publish","4":"has-post-thumbnail","6":"product_cat-muld","7":"product_cat-aiakaubad","9":"first","10":"instock","11":"shipping-taxable","12":"purchasable","13":"product-type-simple"},"acf":[],"yoast_head":"<!-- This site is optimized with the Yoast SEO plugin v25.1 - https:\/\/yoast.com\/wordpress\/plugins\/seo\/ -->\n<title>Veetaimede muld COMPO SANA\u00ae 20 L | Inspiratsiooniaiad<\/title>\n<meta name=\"robots\" content=\"index, follow, max-snippet:-1, max-image-preview:large, max-video-preview:-1\" \/>\n<link rel=\"canonical\" href=\"https:\/\/inspiratsiooniaiad.ee\/uus\/toode\/veetaimede-muld-compo-sana-20-l\/\" \/>\n<meta property=\"og:locale\" content=\"et_EE\" \/>\n<meta property=\"og:type\" content=\"article\" \/>\n<meta property=\"og:title\" content=\"Veetaimede muld COMPO SANA\u00ae 20 L | Inspiratsiooniaiad\" \/>\n<meta property=\"og:description\" content=\"Spetsiaalselt vee- ja sootaimedele m\u00f5eldud muld on valmis koheseks kasutamiseks. Tiikide ja veetaimede keskkonna vesi peab olema madalate koostisainete sisaldusega, mist\u00f5ttu COMPO SANA\u00ae veetaimede muld ei sisalda lisav\u00e4etisi. Tagab taimedele optimaalse ja tervisliku keskkonna ning intensiivse \u00f5itsemise, tugevdab juurestiku kasvu, kaitseb haiguste eest. Kasutamine: Soovitame kasutada spetsiaalseid veetaimedele m\u00f5eldud plastikust istustukorve, mis tagavad taime stabiiluse...\" \/>\n<meta property=\"og:url\" content=\"https:\/\/inspiratsiooniaiad.ee\/uus\/toode\/veetaimede-muld-compo-sana-20-l\/\" \/>\n<meta property=\"og:site_name\" content=\"Inspiratsiooniaiad\" \/>\n<meta property=\"article:publisher\" content=\"https:\/\/www.facebook.com\/Inspiratsiooniaedadepark\" \/>\n<meta property=\"article:modified_time\" content=\"2025-06-19T20:01:03+00:00\" \/>\n<meta property=\"og:image\" content=\"https:\/\/inspiratsiooniaiad.ee\/uus\/wp-content\/uploads\/2021\/03\/Veetaimede-muld-COMPO-SANA\u00ae-20-L.jpg\" \/>\n\t<meta property=\"og:image:width\" content=\"1132\" \/>\n\t<meta property=\"og:image:height\" content=\"1920\" \/>\n\t<meta property=\"og:image:type\" content=\"image\/jpeg\" \/>\n<meta name=\"twitter:card\" content=\"summary_large_image\" \/>\n<meta name=\"twitter:label1\" content=\"Est. reading time\" \/>\n\t<meta name=\"twitter:data1\" content=\"1 minute\" \/>\n<script type=\"application\/ld+json\" class=\"yoast-schema-graph\">{\"@context\":\"https:\/\/schema.org\",\"@graph\":[{\"@type\":\"WebPage\",\"@id\":\"https:\/\/inspiratsiooniaiad.ee\/uus\/toode\/veetaimede-muld-compo-sana-20-l\/\",\"url\":\"https:\/\/inspiratsiooniaiad.ee\/uus\/toode\/veetaimede-muld-compo-sana-20-l\/\",\"name\":\"Veetaimede muld COMPO SANA\u00ae 20 L | Inspiratsiooniaiad\",\"isPartOf\":{\"@id\":\"https:\/\/inspiratsiooniaiad.ee\/uus\/#website\"},\"primaryImageOfPage\":{\"@id\":\"https:\/\/inspiratsiooniaiad.ee\/uus\/toode\/veetaimede-muld-compo-sana-20-l\/#primaryimage\"},\"image\":{\"@id\":\"https:\/\/inspiratsiooniaiad.ee\/uus\/toode\/veetaimede-muld-compo-sana-20-l\/#primaryimage\"},\"thumbnailUrl\":\"https:\/\/inspiratsiooniaiad.ee\/uus\/wp-content\/uploads\/2021\/03\/Veetaimede-muld-COMPO-SANA\u00ae-20-L.jpg\",\"datePublished\":\"2021-03-24T10:24:13+00:00\",\"dateModified\":\"2025-06-19T20:01:03+00:00\",\"breadcrumb\":{\"@id\":\"https:\/\/inspiratsiooniaiad.ee\/uus\/toode\/veetaimede-muld-compo-sana-20-l\/#breadcrumb\"},\"inLanguage\":\"et\",\"potentialAction\":[{\"@type\":\"ReadAction\",\"target\":[\"https:\/\/inspiratsiooniaiad.ee\/uus\/toode\/veetaimede-muld-compo-sana-20-l\/\"]}]},{\"@type\":\"ImageObject\",\"inLanguage\":\"et\",\"@id\":\"https:\/\/inspiratsiooniaiad.ee\/uus\/toode\/veetaimede-muld-compo-sana-20-l\/#primaryimage\",\"url\":\"https:\/\/inspiratsiooniaiad.ee\/uus\/wp-content\/uploads\/2021\/03\/Veetaimede-muld-COMPO-SANA\u00ae-20-L.jpg\",\"contentUrl\":\"https:\/\/inspiratsiooniaiad.ee\/uus\/wp-content\/uploads\/2021\/03\/Veetaimede-muld-COMPO-SANA\u00ae-20-L.jpg\",\"width\":1132,\"height\":1920},{\"@type\":\"BreadcrumbList\",\"@id\":\"https:\/\/inspiratsiooniaiad.ee\/uus\/toode\/veetaimede-muld-compo-sana-20-l\/#breadcrumb\",\"itemListElement\":[{\"@type\":\"ListItem\",\"position\":1,\"name\":\"Home\",\"item\":\"https:\/\/inspiratsiooniaiad.ee\/uus\/\"},{\"@type\":\"ListItem\",\"position\":2,\"name\":\"Tooted\",\"item\":\"https:\/\/inspiratsiooniaiad.ee\/uus\/taimed\/\"},{\"@type\":\"ListItem\",\"position\":3,\"name\":\"Veetaimede muld COMPO SANA\u00ae 20 L\"}]},{\"@type\":\"WebSite\",\"@id\":\"https:\/\/inspiratsiooniaiad.ee\/uus\/#website\",\"url\":\"https:\/\/inspiratsiooniaiad.ee\/uus\/\",\"name\":\"Inspiratsiooniaiad\",\"description\":\"Inspiratsiooniaedade park T&uuml;ril\",\"publisher\":{\"@id\":\"https:\/\/inspiratsiooniaiad.ee\/uus\/#organization\"},\"potentialAction\":[{\"@type\":\"SearchAction\",\"target\":{\"@type\":\"EntryPoint\",\"urlTemplate\":\"https:\/\/inspiratsiooniaiad.ee\/uus\/?s={search_term_string}\"},\"query-input\":{\"@type\":\"PropertyValueSpecification\",\"valueRequired\":true,\"valueName\":\"search_term_string\"}}],\"inLanguage\":\"et\"},{\"@type\":\"Organization\",\"@id\":\"https:\/\/inspiratsiooniaiad.ee\/uus\/#organization\",\"name\":\"Inspiratsiooniaedade Park\",\"alternateName\":\"Inspiratsiooniaiad\",\"url\":\"https:\/\/inspiratsiooniaiad.ee\/uus\/\",\"logo\":{\"@type\":\"ImageObject\",\"inLanguage\":\"et\",\"@id\":\"https:\/\/inspiratsiooniaiad.ee\/uus\/#\/schema\/logo\/image\/\",\"url\":\"https:\/\/inspiratsiooniaiad.ee\/uus\/wp-content\/uploads\/2025\/04\/Inspiratsiooni-500-x-235-px.png\",\"contentUrl\":\"https:\/\/inspiratsiooniaiad.ee\/uus\/wp-content\/uploads\/2025\/04\/Inspiratsiooni-500-x-235-px.png\",\"width\":500,\"height\":235,\"caption\":\"Inspiratsiooniaedade Park\"},\"image\":{\"@id\":\"https:\/\/inspiratsiooniaiad.ee\/uus\/#\/schema\/logo\/image\/\"},\"sameAs\":[\"https:\/\/www.facebook.com\/Inspiratsiooniaedadepark\",\"https:\/\/www.instagram.com\/inspiratsiooniaiad\/\"]}]}<\/script>\n<!-- \/ Yoast SEO plugin. -->","yoast_head_json":{"title":"Veetaimede muld COMPO SANA\u00ae 20 L | Inspiratsiooniaiad","robots":{"index":"index","follow":"follow","max-snippet":"max-snippet:-1","max-image-preview":"max-image-preview:large","max-video-preview":"max-video-preview:-1"},"canonical":"https:\/\/inspiratsiooniaiad.ee\/uus\/toode\/veetaimede-muld-compo-sana-20-l\/","og_locale":"et_EE","og_type":"article","og_title":"Veetaimede muld COMPO SANA\u00ae 20 L | Inspiratsiooniaiad","og_description":"Spetsiaalselt vee- ja sootaimedele m\u00f5eldud muld on valmis koheseks kasutamiseks. Tiikide ja veetaimede keskkonna vesi peab olema madalate koostisainete sisaldusega, mist\u00f5ttu COMPO SANA\u00ae veetaimede muld ei sisalda lisav\u00e4etisi. Tagab taimedele optimaalse ja tervisliku keskkonna ning intensiivse \u00f5itsemise, tugevdab juurestiku kasvu, kaitseb haiguste eest. Kasutamine: Soovitame kasutada spetsiaalseid veetaimedele m\u00f5eldud plastikust istustukorve, mis tagavad taime stabiiluse...","og_url":"https:\/\/inspiratsiooniaiad.ee\/uus\/toode\/veetaimede-muld-compo-sana-20-l\/","og_site_name":"Inspiratsiooniaiad","article_publisher":"https:\/\/www.facebook.com\/Inspiratsiooniaedadepark","article_modified_time":"2025-06-19T20:01:03+00:00","og_image":[{"width":1132,"height":1920,"url":"https:\/\/inspiratsiooniaiad.ee\/uus\/wp-content\/uploads\/2021\/03\/Veetaimede-muld-COMPO-SANA\u00ae-20-L.jpg","type":"image\/jpeg"}],"twitter_card":"summary_large_image","twitter_misc":{"Est. reading time":"1 minute"},"schema":{"@context":"https:\/\/schema.org","@graph":[{"@type":"WebPage","@id":"https:\/\/inspiratsiooniaiad.ee\/uus\/toode\/veetaimede-muld-compo-sana-20-l\/","url":"https:\/\/inspiratsiooniaiad.ee\/uus\/toode\/veetaimede-muld-compo-sana-20-l\/","name":"Veetaimede muld COMPO SANA\u00ae 20 L | Inspiratsiooniaiad","isPartOf":{"@id":"https:\/\/inspiratsiooniaiad.ee\/uus\/#website"},"primaryImageOfPage":{"@id":"https:\/\/inspiratsiooniaiad.ee\/uus\/toode\/veetaimede-muld-compo-sana-20-l\/#primaryimage"},"image":{"@id":"https:\/\/inspiratsiooniaiad.ee\/uus\/toode\/veetaimede-muld-compo-sana-20-l\/#primaryimage"},"thumbnailUrl":"https:\/\/inspiratsiooniaiad.ee\/uus\/wp-content\/uploads\/2021\/03\/Veetaimede-muld-COMPO-SANA\u00ae-20-L.jpg","datePublished":"2021-03-24T10:24:13+00:00","dateModified":"2025-06-19T20:01:03+00:00","breadcrumb":{"@id":"https:\/\/inspiratsiooniaiad.ee\/uus\/toode\/veetaimede-muld-compo-sana-20-l\/#breadcrumb"},"inLanguage":"et","potentialAction":[{"@type":"ReadAction","target":["https:\/\/inspiratsiooniaiad.ee\/uus\/toode\/veetaimede-muld-compo-sana-20-l\/"]}]},{"@type":"ImageObject","inLanguage":"et","@id":"https:\/\/inspiratsiooniaiad.ee\/uus\/toode\/veetaimede-muld-compo-sana-20-l\/#primaryimage","url":"https:\/\/inspiratsiooniaiad.ee\/uus\/wp-content\/uploads\/2021\/03\/Veetaimede-muld-COMPO-SANA\u00ae-20-L.jpg","contentUrl":"https:\/\/inspiratsiooniaiad.ee\/uus\/wp-content\/uploads\/2021\/03\/Veetaimede-muld-COMPO-SANA\u00ae-20-L.jpg","width":1132,"height":1920},{"@type":"BreadcrumbList","@id":"https:\/\/inspiratsiooniaiad.ee\/uus\/toode\/veetaimede-muld-compo-sana-20-l\/#breadcrumb","itemListElement":[{"@type":"ListItem","position":1,"name":"Home","item":"https:\/\/inspiratsiooniaiad.ee\/uus\/"},{"@type":"ListItem","position":2,"name":"Tooted","item":"https:\/\/inspiratsiooniaiad.ee\/uus\/taimed\/"},{"@type":"ListItem","position":3,"name":"Veetaimede muld COMPO SANA\u00ae 20 L"}]},{"@type":"WebSite","@id":"https:\/\/inspiratsiooniaiad.ee\/uus\/#website","url":"https:\/\/inspiratsiooniaiad.ee\/uus\/","name":"Inspiratsiooniaiad","description":"Inspiratsiooniaedade park T&uuml;ril","publisher":{"@id":"https:\/\/inspiratsiooniaiad.ee\/uus\/#organization"},"potentialAction":[{"@type":"SearchAction","target":{"@type":"EntryPoint","urlTemplate":"https:\/\/inspiratsiooniaiad.ee\/uus\/?s={search_term_string}"},"query-input":{"@type":"PropertyValueSpecification","valueRequired":true,"valueName":"search_term_string"}}],"inLanguage":"et"},{"@type":"Organization","@id":"https:\/\/inspiratsiooniaiad.ee\/uus\/#organization","name":"Inspiratsiooniaedade Park","alternateName":"Inspiratsiooniaiad","url":"https:\/\/inspiratsiooniaiad.ee\/uus\/","logo":{"@type":"ImageObject","inLanguage":"et","@id":"https:\/\/inspiratsiooniaiad.ee\/uus\/#\/schema\/logo\/image\/","url":"https:\/\/inspiratsiooniaiad.ee\/uus\/wp-content\/uploads\/2025\/04\/Inspiratsiooni-500-x-235-px.png","contentUrl":"https:\/\/inspiratsiooniaiad.ee\/uus\/wp-content\/uploads\/2025\/04\/Inspiratsiooni-500-x-235-px.png","width":500,"height":235,"caption":"Inspiratsiooniaedade Park"},"image":{"@id":"https:\/\/inspiratsiooniaiad.ee\/uus\/#\/schema\/logo\/image\/"},"sameAs":["https:\/\/www.facebook.com\/Inspiratsiooniaedadepark","https:\/\/www.instagram.com\/inspiratsiooniaiad\/"]}]}},"_links":{"self":[{"href":"https:\/\/inspiratsiooniaiad.ee\/uus\/wp-json\/wp\/v2\/product\/4045","targetHints":{"allow":["GET"]}}],"collection":[{"href":"https:\/\/inspiratsiooniaiad.ee\/uus\/wp-json\/wp\/v2\/product"}],"about":[{"href":"https:\/\/inspiratsiooniaiad.ee\/uus\/wp-json\/wp\/v2\/types\/product"}],"wp:featuredmedia":[{"embeddable":true,"href":"https:\/\/inspiratsiooniaiad.ee\/uus\/wp-json\/wp\/v2\/media\/23216"}],"wp:attachment":[{"href":"https:\/\/inspiratsiooniaiad.ee\/uus\/wp-json\/wp\/v2\/media?parent=4045"}],"wp:term":[{"taxonomy":"product_brand","embeddable":true,"href":"https:\/\/inspiratsiooniaiad.ee\/uus\/wp-json\/wp\/v2\/product_brand?post=4045"},{"taxonomy":"product_cat","embeddable":true,"href":"https:\/\/inspiratsiooniaiad.ee\/uus\/wp-json\/wp\/v2\/product_cat?post=4045"},{"taxonomy":"product_tag","embeddable":true,"href":"https:\/\/inspiratsiooniaiad.ee\/uus\/wp-json\/wp\/v2\/product_tag?post=4045"}],"curies":[{"name":"wp","href":"https:\/\/api.w.org\/{rel}","templated":true}]}}