{"id":7851,"date":"2021-04-16T14:42:22","date_gmt":"2021-04-16T11:42:22","guid":{"rendered":"https:\/\/eliseaed-ee.vserver.zonevs.eu\/toode\/suvelillemuld-30-l-kekkila\/"},"modified":"2025-05-10T21:27:52","modified_gmt":"2025-05-10T18:27:52","slug":"suvelillemuld-30-l-kekkila","status":"publish","type":"product","link":"https:\/\/inspiratsiooniaiad.ee\/uus\/toode\/suvelillemuld-30-l-kekkila\/","title":{"rendered":"suvelillemuld 30 L `Kekkil\u00e4`"},"content":{"rendered":"<p>Suvelillemuld 30 L<br \/>\nKerge, \u00f5huline ja pikaajalise toimega v\u00e4etist sisaldav muld, mis sobib eriti h\u00e4sti pottidesse, amplitesse ja r\u00f5dukastidesse. Mulda on lisatud kastmiskristalle, mis h\u00f5lbustavad kastmist ja taimede veeomastust. Muld koosneb heledast turbast ja erinevatest liivadest.<\/p>\n","protected":false},"excerpt":{"rendered":"<p>Suvelillemuld 30 L Kerge, \u00f5huline ja pikaajalise toimega v\u00e4etist sisaldav muld, mis sobib eriti h\u00e4sti pottidesse, amplitesse ja r\u00f5dukastidesse. Mulda on lisatud kastmiskristalle, mis h\u00f5lbustavad kastmist ja taimede veeomastust. Muld koosneb heledast turbast ja erinevatest liivadest.<\/p>\n","protected":false},"featured_media":22999,"template":"","meta":{"_acf_changed":false},"product_brand":[],"product_cat":[501],"product_tag":[],"class_list":{"0":"post-7851","1":"product","2":"type-product","3":"status-publish","4":"has-post-thumbnail","6":"product_cat-aiakaubad","8":"first","9":"instock","10":"shipping-taxable","11":"purchasable","12":"product-type-simple"},"acf":[],"yoast_head":"<!-- This site is optimized with the Yoast SEO plugin v25.1 - https:\/\/yoast.com\/wordpress\/plugins\/seo\/ -->\n<title>suvelillemuld 30 L `Kekkil\u00e4` | Inspiratsiooniaiad<\/title>\n<meta name=\"robots\" content=\"index, follow, max-snippet:-1, max-image-preview:large, max-video-preview:-1\" \/>\n<link rel=\"canonical\" href=\"https:\/\/inspiratsiooniaiad.ee\/uus\/toode\/suvelillemuld-30-l-kekkila\/\" \/>\n<meta property=\"og:locale\" content=\"et_EE\" \/>\n<meta property=\"og:type\" content=\"article\" \/>\n<meta property=\"og:title\" content=\"suvelillemuld 30 L `Kekkil\u00e4` | Inspiratsiooniaiad\" \/>\n<meta property=\"og:description\" content=\"Suvelillemuld 30 L Kerge, \u00f5huline ja pikaajalise toimega v\u00e4etist sisaldav muld, mis sobib eriti h\u00e4sti pottidesse, amplitesse ja r\u00f5dukastidesse. Mulda on lisatud kastmiskristalle, mis h\u00f5lbustavad kastmist ja taimede veeomastust. Muld koosneb heledast turbast ja erinevatest liivadest.\" \/>\n<meta property=\"og:url\" content=\"https:\/\/inspiratsiooniaiad.ee\/uus\/toode\/suvelillemuld-30-l-kekkila\/\" \/>\n<meta property=\"og:site_name\" content=\"Inspiratsiooniaiad\" \/>\n<meta property=\"article:publisher\" content=\"https:\/\/www.facebook.com\/Inspiratsiooniaedadepark\" \/>\n<meta property=\"article:modified_time\" content=\"2025-05-10T18:27:52+00:00\" \/>\n<meta property=\"og:image\" content=\"https:\/\/inspiratsiooniaiad.ee\/uus\/wp-content\/uploads\/2025\/05\/4742449000185-suvelillemuld.jpg\" \/>\n\t<meta property=\"og:image:width\" content=\"2480\" \/>\n\t<meta property=\"og:image:height\" content=\"2480\" \/>\n\t<meta property=\"og:image:type\" content=\"image\/jpeg\" \/>\n<meta name=\"twitter:card\" content=\"summary_large_image\" \/>\n<meta name=\"twitter:label1\" content=\"Est. reading time\" \/>\n\t<meta name=\"twitter:data1\" content=\"1 minute\" \/>\n<script type=\"application\/ld+json\" class=\"yoast-schema-graph\">{\"@context\":\"https:\/\/schema.org\",\"@graph\":[{\"@type\":\"WebPage\",\"@id\":\"https:\/\/inspiratsiooniaiad.ee\/uus\/toode\/suvelillemuld-30-l-kekkila\/\",\"url\":\"https:\/\/inspiratsiooniaiad.ee\/uus\/toode\/suvelillemuld-30-l-kekkila\/\",\"name\":\"suvelillemuld 30 L `Kekkil\u00e4` | Inspiratsiooniaiad\",\"isPartOf\":{\"@id\":\"https:\/\/inspiratsiooniaiad.ee\/uus\/#website\"},\"primaryImageOfPage\":{\"@id\":\"https:\/\/inspiratsiooniaiad.ee\/uus\/toode\/suvelillemuld-30-l-kekkila\/#primaryimage\"},\"image\":{\"@id\":\"https:\/\/inspiratsiooniaiad.ee\/uus\/toode\/suvelillemuld-30-l-kekkila\/#primaryimage\"},\"thumbnailUrl\":\"https:\/\/inspiratsiooniaiad.ee\/uus\/wp-content\/uploads\/2025\/05\/4742449000185-suvelillemuld.jpg\",\"datePublished\":\"2021-04-16T11:42:22+00:00\",\"dateModified\":\"2025-05-10T18:27:52+00:00\",\"breadcrumb\":{\"@id\":\"https:\/\/inspiratsiooniaiad.ee\/uus\/toode\/suvelillemuld-30-l-kekkila\/#breadcrumb\"},\"inLanguage\":\"et\",\"potentialAction\":[{\"@type\":\"ReadAction\",\"target\":[\"https:\/\/inspiratsiooniaiad.ee\/uus\/toode\/suvelillemuld-30-l-kekkila\/\"]}]},{\"@type\":\"ImageObject\",\"inLanguage\":\"et\",\"@id\":\"https:\/\/inspiratsiooniaiad.ee\/uus\/toode\/suvelillemuld-30-l-kekkila\/#primaryimage\",\"url\":\"https:\/\/inspiratsiooniaiad.ee\/uus\/wp-content\/uploads\/2025\/05\/4742449000185-suvelillemuld.jpg\",\"contentUrl\":\"https:\/\/inspiratsiooniaiad.ee\/uus\/wp-content\/uploads\/2025\/05\/4742449000185-suvelillemuld.jpg\",\"width\":2480,\"height\":2480},{\"@type\":\"BreadcrumbList\",\"@id\":\"https:\/\/inspiratsiooniaiad.ee\/uus\/toode\/suvelillemuld-30-l-kekkila\/#breadcrumb\",\"itemListElement\":[{\"@type\":\"ListItem\",\"position\":1,\"name\":\"Home\",\"item\":\"https:\/\/inspiratsiooniaiad.ee\/uus\/\"},{\"@type\":\"ListItem\",\"position\":2,\"name\":\"Tooted\",\"item\":\"https:\/\/inspiratsiooniaiad.ee\/uus\/taimed\/\"},{\"@type\":\"ListItem\",\"position\":3,\"name\":\"suvelillemuld 30 L `Kekkil\u00e4`\"}]},{\"@type\":\"WebSite\",\"@id\":\"https:\/\/inspiratsiooniaiad.ee\/uus\/#website\",\"url\":\"https:\/\/inspiratsiooniaiad.ee\/uus\/\",\"name\":\"Inspiratsiooniaiad\",\"description\":\"Inspiratsiooniaedade park T&uuml;ril\",\"publisher\":{\"@id\":\"https:\/\/inspiratsiooniaiad.ee\/uus\/#organization\"},\"potentialAction\":[{\"@type\":\"SearchAction\",\"target\":{\"@type\":\"EntryPoint\",\"urlTemplate\":\"https:\/\/inspiratsiooniaiad.ee\/uus\/?s={search_term_string}\"},\"query-input\":{\"@type\":\"PropertyValueSpecification\",\"valueRequired\":true,\"valueName\":\"search_term_string\"}}],\"inLanguage\":\"et\"},{\"@type\":\"Organization\",\"@id\":\"https:\/\/inspiratsiooniaiad.ee\/uus\/#organization\",\"name\":\"Inspiratsiooniaedade Park\",\"alternateName\":\"Inspiratsiooniaiad\",\"url\":\"https:\/\/inspiratsiooniaiad.ee\/uus\/\",\"logo\":{\"@type\":\"ImageObject\",\"inLanguage\":\"et\",\"@id\":\"https:\/\/inspiratsiooniaiad.ee\/uus\/#\/schema\/logo\/image\/\",\"url\":\"https:\/\/inspiratsiooniaiad.ee\/uus\/wp-content\/uploads\/2025\/04\/Inspiratsiooni-500-x-235-px.png\",\"contentUrl\":\"https:\/\/inspiratsiooniaiad.ee\/uus\/wp-content\/uploads\/2025\/04\/Inspiratsiooni-500-x-235-px.png\",\"width\":500,\"height\":235,\"caption\":\"Inspiratsiooniaedade Park\"},\"image\":{\"@id\":\"https:\/\/inspiratsiooniaiad.ee\/uus\/#\/schema\/logo\/image\/\"},\"sameAs\":[\"https:\/\/www.facebook.com\/Inspiratsiooniaedadepark\",\"https:\/\/www.instagram.com\/inspiratsiooniaiad\/\"]}]}<\/script>\n<!-- \/ Yoast SEO plugin. -->","yoast_head_json":{"title":"suvelillemuld 30 L `Kekkil\u00e4` | Inspiratsiooniaiad","robots":{"index":"index","follow":"follow","max-snippet":"max-snippet:-1","max-image-preview":"max-image-preview:large","max-video-preview":"max-video-preview:-1"},"canonical":"https:\/\/inspiratsiooniaiad.ee\/uus\/toode\/suvelillemuld-30-l-kekkila\/","og_locale":"et_EE","og_type":"article","og_title":"suvelillemuld 30 L `Kekkil\u00e4` | Inspiratsiooniaiad","og_description":"Suvelillemuld 30 L Kerge, \u00f5huline ja pikaajalise toimega v\u00e4etist sisaldav muld, mis sobib eriti h\u00e4sti pottidesse, amplitesse ja r\u00f5dukastidesse. Mulda on lisatud kastmiskristalle, mis h\u00f5lbustavad kastmist ja taimede veeomastust. Muld koosneb heledast turbast ja erinevatest liivadest.","og_url":"https:\/\/inspiratsiooniaiad.ee\/uus\/toode\/suvelillemuld-30-l-kekkila\/","og_site_name":"Inspiratsiooniaiad","article_publisher":"https:\/\/www.facebook.com\/Inspiratsiooniaedadepark","article_modified_time":"2025-05-10T18:27:52+00:00","og_image":[{"width":2480,"height":2480,"url":"https:\/\/inspiratsiooniaiad.ee\/uus\/wp-content\/uploads\/2025\/05\/4742449000185-suvelillemuld.jpg","type":"image\/jpeg"}],"twitter_card":"summary_large_image","twitter_misc":{"Est. reading time":"1 minute"},"schema":{"@context":"https:\/\/schema.org","@graph":[{"@type":"WebPage","@id":"https:\/\/inspiratsiooniaiad.ee\/uus\/toode\/suvelillemuld-30-l-kekkila\/","url":"https:\/\/inspiratsiooniaiad.ee\/uus\/toode\/suvelillemuld-30-l-kekkila\/","name":"suvelillemuld 30 L `Kekkil\u00e4` | Inspiratsiooniaiad","isPartOf":{"@id":"https:\/\/inspiratsiooniaiad.ee\/uus\/#website"},"primaryImageOfPage":{"@id":"https:\/\/inspiratsiooniaiad.ee\/uus\/toode\/suvelillemuld-30-l-kekkila\/#primaryimage"},"image":{"@id":"https:\/\/inspiratsiooniaiad.ee\/uus\/toode\/suvelillemuld-30-l-kekkila\/#primaryimage"},"thumbnailUrl":"https:\/\/inspiratsiooniaiad.ee\/uus\/wp-content\/uploads\/2025\/05\/4742449000185-suvelillemuld.jpg","datePublished":"2021-04-16T11:42:22+00:00","dateModified":"2025-05-10T18:27:52+00:00","breadcrumb":{"@id":"https:\/\/inspiratsiooniaiad.ee\/uus\/toode\/suvelillemuld-30-l-kekkila\/#breadcrumb"},"inLanguage":"et","potentialAction":[{"@type":"ReadAction","target":["https:\/\/inspiratsiooniaiad.ee\/uus\/toode\/suvelillemuld-30-l-kekkila\/"]}]},{"@type":"ImageObject","inLanguage":"et","@id":"https:\/\/inspiratsiooniaiad.ee\/uus\/toode\/suvelillemuld-30-l-kekkila\/#primaryimage","url":"https:\/\/inspiratsiooniaiad.ee\/uus\/wp-content\/uploads\/2025\/05\/4742449000185-suvelillemuld.jpg","contentUrl":"https:\/\/inspiratsiooniaiad.ee\/uus\/wp-content\/uploads\/2025\/05\/4742449000185-suvelillemuld.jpg","width":2480,"height":2480},{"@type":"BreadcrumbList","@id":"https:\/\/inspiratsiooniaiad.ee\/uus\/toode\/suvelillemuld-30-l-kekkila\/#breadcrumb","itemListElement":[{"@type":"ListItem","position":1,"name":"Home","item":"https:\/\/inspiratsiooniaiad.ee\/uus\/"},{"@type":"ListItem","position":2,"name":"Tooted","item":"https:\/\/inspiratsiooniaiad.ee\/uus\/taimed\/"},{"@type":"ListItem","position":3,"name":"suvelillemuld 30 L `Kekkil\u00e4`"}]},{"@type":"WebSite","@id":"https:\/\/inspiratsiooniaiad.ee\/uus\/#website","url":"https:\/\/inspiratsiooniaiad.ee\/uus\/","name":"Inspiratsiooniaiad","description":"Inspiratsiooniaedade park T&uuml;ril","publisher":{"@id":"https:\/\/inspiratsiooniaiad.ee\/uus\/#organization"},"potentialAction":[{"@type":"SearchAction","target":{"@type":"EntryPoint","urlTemplate":"https:\/\/inspiratsiooniaiad.ee\/uus\/?s={search_term_string}"},"query-input":{"@type":"PropertyValueSpecification","valueRequired":true,"valueName":"search_term_string"}}],"inLanguage":"et"},{"@type":"Organization","@id":"https:\/\/inspiratsiooniaiad.ee\/uus\/#organization","name":"Inspiratsiooniaedade Park","alternateName":"Inspiratsiooniaiad","url":"https:\/\/inspiratsiooniaiad.ee\/uus\/","logo":{"@type":"ImageObject","inLanguage":"et","@id":"https:\/\/inspiratsiooniaiad.ee\/uus\/#\/schema\/logo\/image\/","url":"https:\/\/inspiratsiooniaiad.ee\/uus\/wp-content\/uploads\/2025\/04\/Inspiratsiooni-500-x-235-px.png","contentUrl":"https:\/\/inspiratsiooniaiad.ee\/uus\/wp-content\/uploads\/2025\/04\/Inspiratsiooni-500-x-235-px.png","width":500,"height":235,"caption":"Inspiratsiooniaedade Park"},"image":{"@id":"https:\/\/inspiratsiooniaiad.ee\/uus\/#\/schema\/logo\/image\/"},"sameAs":["https:\/\/www.facebook.com\/Inspiratsiooniaedadepark","https:\/\/www.instagram.com\/inspiratsiooniaiad\/"]}]}},"_links":{"self":[{"href":"https:\/\/inspiratsiooniaiad.ee\/uus\/wp-json\/wp\/v2\/product\/7851","targetHints":{"allow":["GET"]}}],"collection":[{"href":"https:\/\/inspiratsiooniaiad.ee\/uus\/wp-json\/wp\/v2\/product"}],"about":[{"href":"https:\/\/inspiratsiooniaiad.ee\/uus\/wp-json\/wp\/v2\/types\/product"}],"wp:featuredmedia":[{"embeddable":true,"href":"https:\/\/inspiratsiooniaiad.ee\/uus\/wp-json\/wp\/v2\/media\/22999"}],"wp:attachment":[{"href":"https:\/\/inspiratsiooniaiad.ee\/uus\/wp-json\/wp\/v2\/media?parent=7851"}],"wp:term":[{"taxonomy":"product_brand","embeddable":true,"href":"https:\/\/inspiratsiooniaiad.ee\/uus\/wp-json\/wp\/v2\/product_brand?post=7851"},{"taxonomy":"product_cat","embeddable":true,"href":"https:\/\/inspiratsiooniaiad.ee\/uus\/wp-json\/wp\/v2\/product_cat?post=7851"},{"taxonomy":"product_tag","embeddable":true,"href":"https:\/\/inspiratsiooniaiad.ee\/uus\/wp-json\/wp\/v2\/product_tag?post=7851"}],"curies":[{"name":"wp","href":"https:\/\/api.w.org\/{rel}","templated":true}]}}