{"id":7897,"date":"2021-04-16T14:42:38","date_gmt":"2021-04-16T11:42:38","guid":{"rendered":"https:\/\/eliseaed-ee.vserver.zonevs.eu\/toode\/kergkruus-25l\/"},"modified":"2025-06-19T22:52:34","modified_gmt":"2025-06-19T19:52:34","slug":"kergkruus-25l","status":"publish","type":"product","link":"https:\/\/inspiratsiooniaiad.ee\/uus\/toode\/kergkruus-25l\/","title":{"rendered":"kergkruus 25L"},"content":{"rendered":"<p>Kergkruus on heaks abiliseks taimede hooldamisel. Sellega saad poti p\u00f5hja saladrenaa\u017ei luua. M\u00f5ningate altkastmispottide puhul on see lausa v\u00e4ltimatu. Kergkruusaga saab drenaa\u017ei teha ka r\u00f5dukastidesse. Suurtesse \u00f5uepottidesse tasub panna k\u00f5vasti kergkruusa. Siis on potte kergem liigutada.<\/p>\n","protected":false},"excerpt":{"rendered":"<p>Kergkruus on heaks abiliseks taimede hooldamisel. Sellega saad poti p\u00f5hja saladrenaa\u017ei luua. M\u00f5ningate altkastmispottide puhul on see lausa v\u00e4ltimatu. Kergkruusaga saab drenaa\u017ei teha ka r\u00f5dukastidesse. Suurtesse \u00f5uepottidesse tasub panna k\u00f5vasti kergkruusa. Siis on potte kergem liigutada.<\/p>\n","protected":false},"featured_media":23209,"template":"","meta":{"_acf_changed":false},"product_brand":[],"product_cat":[1326,501],"product_tag":[],"class_list":{"0":"post-7897","1":"product","2":"type-product","3":"status-publish","4":"has-post-thumbnail","6":"product_cat-kruus","7":"product_cat-aiakaubad","9":"first","10":"outofstock","11":"shipping-taxable","12":"purchasable","13":"product-type-simple"},"acf":[],"yoast_head":"<!-- This site is optimized with the Yoast SEO plugin v25.1 - https:\/\/yoast.com\/wordpress\/plugins\/seo\/ -->\n<title>kergkruus 25L | Inspiratsiooniaiad<\/title>\n<meta name=\"robots\" content=\"index, follow, max-snippet:-1, max-image-preview:large, max-video-preview:-1\" \/>\n<link rel=\"canonical\" href=\"https:\/\/inspiratsiooniaiad.ee\/uus\/toode\/kergkruus-25l\/\" \/>\n<meta property=\"og:locale\" content=\"et_EE\" \/>\n<meta property=\"og:type\" content=\"article\" \/>\n<meta property=\"og:title\" content=\"kergkruus 25L | Inspiratsiooniaiad\" \/>\n<meta property=\"og:description\" content=\"Kergkruus on heaks abiliseks taimede hooldamisel. Sellega saad poti p\u00f5hja saladrenaa\u017ei luua. M\u00f5ningate altkastmispottide puhul on see lausa v\u00e4ltimatu. Kergkruusaga saab drenaa\u017ei teha ka r\u00f5dukastidesse. Suurtesse \u00f5uepottidesse tasub panna k\u00f5vasti kergkruusa. Siis on potte kergem liigutada.\" \/>\n<meta property=\"og:url\" content=\"https:\/\/inspiratsiooniaiad.ee\/uus\/toode\/kergkruus-25l\/\" \/>\n<meta property=\"og:site_name\" content=\"Inspiratsiooniaiad\" \/>\n<meta property=\"article:publisher\" content=\"https:\/\/www.facebook.com\/Inspiratsiooniaedadepark\" \/>\n<meta property=\"article:modified_time\" content=\"2025-06-19T19:52:34+00:00\" \/>\n<meta property=\"og:image\" content=\"https:\/\/inspiratsiooniaiad.ee\/uus\/wp-content\/uploads\/2021\/04\/kergkruus-25L.jpg\" \/>\n\t<meta property=\"og:image:width\" content=\"344\" \/>\n\t<meta property=\"og:image:height\" content=\"250\" \/>\n\t<meta property=\"og:image:type\" content=\"image\/jpeg\" \/>\n<meta name=\"twitter:card\" content=\"summary_large_image\" \/>\n<meta name=\"twitter:label1\" content=\"Est. reading time\" \/>\n\t<meta name=\"twitter:data1\" content=\"1 minute\" \/>\n<script type=\"application\/ld+json\" class=\"yoast-schema-graph\">{\"@context\":\"https:\/\/schema.org\",\"@graph\":[{\"@type\":\"WebPage\",\"@id\":\"https:\/\/inspiratsiooniaiad.ee\/uus\/toode\/kergkruus-25l\/\",\"url\":\"https:\/\/inspiratsiooniaiad.ee\/uus\/toode\/kergkruus-25l\/\",\"name\":\"kergkruus 25L | Inspiratsiooniaiad\",\"isPartOf\":{\"@id\":\"https:\/\/inspiratsiooniaiad.ee\/uus\/#website\"},\"primaryImageOfPage\":{\"@id\":\"https:\/\/inspiratsiooniaiad.ee\/uus\/toode\/kergkruus-25l\/#primaryimage\"},\"image\":{\"@id\":\"https:\/\/inspiratsiooniaiad.ee\/uus\/toode\/kergkruus-25l\/#primaryimage\"},\"thumbnailUrl\":\"https:\/\/inspiratsiooniaiad.ee\/uus\/wp-content\/uploads\/2021\/04\/kergkruus-25L.jpg\",\"datePublished\":\"2021-04-16T11:42:38+00:00\",\"dateModified\":\"2025-06-19T19:52:34+00:00\",\"breadcrumb\":{\"@id\":\"https:\/\/inspiratsiooniaiad.ee\/uus\/toode\/kergkruus-25l\/#breadcrumb\"},\"inLanguage\":\"et\",\"potentialAction\":[{\"@type\":\"ReadAction\",\"target\":[\"https:\/\/inspiratsiooniaiad.ee\/uus\/toode\/kergkruus-25l\/\"]}]},{\"@type\":\"ImageObject\",\"inLanguage\":\"et\",\"@id\":\"https:\/\/inspiratsiooniaiad.ee\/uus\/toode\/kergkruus-25l\/#primaryimage\",\"url\":\"https:\/\/inspiratsiooniaiad.ee\/uus\/wp-content\/uploads\/2021\/04\/kergkruus-25L.jpg\",\"contentUrl\":\"https:\/\/inspiratsiooniaiad.ee\/uus\/wp-content\/uploads\/2021\/04\/kergkruus-25L.jpg\",\"width\":344,\"height\":250},{\"@type\":\"BreadcrumbList\",\"@id\":\"https:\/\/inspiratsiooniaiad.ee\/uus\/toode\/kergkruus-25l\/#breadcrumb\",\"itemListElement\":[{\"@type\":\"ListItem\",\"position\":1,\"name\":\"Home\",\"item\":\"https:\/\/inspiratsiooniaiad.ee\/uus\/\"},{\"@type\":\"ListItem\",\"position\":2,\"name\":\"Tooted\",\"item\":\"https:\/\/inspiratsiooniaiad.ee\/uus\/taimed\/\"},{\"@type\":\"ListItem\",\"position\":3,\"name\":\"kergkruus 25L\"}]},{\"@type\":\"WebSite\",\"@id\":\"https:\/\/inspiratsiooniaiad.ee\/uus\/#website\",\"url\":\"https:\/\/inspiratsiooniaiad.ee\/uus\/\",\"name\":\"Inspiratsiooniaiad\",\"description\":\"Inspiratsiooniaedade park T&uuml;ril\",\"publisher\":{\"@id\":\"https:\/\/inspiratsiooniaiad.ee\/uus\/#organization\"},\"potentialAction\":[{\"@type\":\"SearchAction\",\"target\":{\"@type\":\"EntryPoint\",\"urlTemplate\":\"https:\/\/inspiratsiooniaiad.ee\/uus\/?s={search_term_string}\"},\"query-input\":{\"@type\":\"PropertyValueSpecification\",\"valueRequired\":true,\"valueName\":\"search_term_string\"}}],\"inLanguage\":\"et\"},{\"@type\":\"Organization\",\"@id\":\"https:\/\/inspiratsiooniaiad.ee\/uus\/#organization\",\"name\":\"Inspiratsiooniaedade Park\",\"alternateName\":\"Inspiratsiooniaiad\",\"url\":\"https:\/\/inspiratsiooniaiad.ee\/uus\/\",\"logo\":{\"@type\":\"ImageObject\",\"inLanguage\":\"et\",\"@id\":\"https:\/\/inspiratsiooniaiad.ee\/uus\/#\/schema\/logo\/image\/\",\"url\":\"https:\/\/inspiratsiooniaiad.ee\/uus\/wp-content\/uploads\/2025\/04\/Inspiratsiooni-500-x-235-px.png\",\"contentUrl\":\"https:\/\/inspiratsiooniaiad.ee\/uus\/wp-content\/uploads\/2025\/04\/Inspiratsiooni-500-x-235-px.png\",\"width\":500,\"height\":235,\"caption\":\"Inspiratsiooniaedade Park\"},\"image\":{\"@id\":\"https:\/\/inspiratsiooniaiad.ee\/uus\/#\/schema\/logo\/image\/\"},\"sameAs\":[\"https:\/\/www.facebook.com\/Inspiratsiooniaedadepark\",\"https:\/\/www.instagram.com\/inspiratsiooniaiad\/\"]}]}<\/script>\n<!-- \/ Yoast SEO plugin. -->","yoast_head_json":{"title":"kergkruus 25L | Inspiratsiooniaiad","robots":{"index":"index","follow":"follow","max-snippet":"max-snippet:-1","max-image-preview":"max-image-preview:large","max-video-preview":"max-video-preview:-1"},"canonical":"https:\/\/inspiratsiooniaiad.ee\/uus\/toode\/kergkruus-25l\/","og_locale":"et_EE","og_type":"article","og_title":"kergkruus 25L | Inspiratsiooniaiad","og_description":"Kergkruus on heaks abiliseks taimede hooldamisel. Sellega saad poti p\u00f5hja saladrenaa\u017ei luua. M\u00f5ningate altkastmispottide puhul on see lausa v\u00e4ltimatu. Kergkruusaga saab drenaa\u017ei teha ka r\u00f5dukastidesse. Suurtesse \u00f5uepottidesse tasub panna k\u00f5vasti kergkruusa. Siis on potte kergem liigutada.","og_url":"https:\/\/inspiratsiooniaiad.ee\/uus\/toode\/kergkruus-25l\/","og_site_name":"Inspiratsiooniaiad","article_publisher":"https:\/\/www.facebook.com\/Inspiratsiooniaedadepark","article_modified_time":"2025-06-19T19:52:34+00:00","og_image":[{"width":344,"height":250,"url":"https:\/\/inspiratsiooniaiad.ee\/uus\/wp-content\/uploads\/2021\/04\/kergkruus-25L.jpg","type":"image\/jpeg"}],"twitter_card":"summary_large_image","twitter_misc":{"Est. reading time":"1 minute"},"schema":{"@context":"https:\/\/schema.org","@graph":[{"@type":"WebPage","@id":"https:\/\/inspiratsiooniaiad.ee\/uus\/toode\/kergkruus-25l\/","url":"https:\/\/inspiratsiooniaiad.ee\/uus\/toode\/kergkruus-25l\/","name":"kergkruus 25L | Inspiratsiooniaiad","isPartOf":{"@id":"https:\/\/inspiratsiooniaiad.ee\/uus\/#website"},"primaryImageOfPage":{"@id":"https:\/\/inspiratsiooniaiad.ee\/uus\/toode\/kergkruus-25l\/#primaryimage"},"image":{"@id":"https:\/\/inspiratsiooniaiad.ee\/uus\/toode\/kergkruus-25l\/#primaryimage"},"thumbnailUrl":"https:\/\/inspiratsiooniaiad.ee\/uus\/wp-content\/uploads\/2021\/04\/kergkruus-25L.jpg","datePublished":"2021-04-16T11:42:38+00:00","dateModified":"2025-06-19T19:52:34+00:00","breadcrumb":{"@id":"https:\/\/inspiratsiooniaiad.ee\/uus\/toode\/kergkruus-25l\/#breadcrumb"},"inLanguage":"et","potentialAction":[{"@type":"ReadAction","target":["https:\/\/inspiratsiooniaiad.ee\/uus\/toode\/kergkruus-25l\/"]}]},{"@type":"ImageObject","inLanguage":"et","@id":"https:\/\/inspiratsiooniaiad.ee\/uus\/toode\/kergkruus-25l\/#primaryimage","url":"https:\/\/inspiratsiooniaiad.ee\/uus\/wp-content\/uploads\/2021\/04\/kergkruus-25L.jpg","contentUrl":"https:\/\/inspiratsiooniaiad.ee\/uus\/wp-content\/uploads\/2021\/04\/kergkruus-25L.jpg","width":344,"height":250},{"@type":"BreadcrumbList","@id":"https:\/\/inspiratsiooniaiad.ee\/uus\/toode\/kergkruus-25l\/#breadcrumb","itemListElement":[{"@type":"ListItem","position":1,"name":"Home","item":"https:\/\/inspiratsiooniaiad.ee\/uus\/"},{"@type":"ListItem","position":2,"name":"Tooted","item":"https:\/\/inspiratsiooniaiad.ee\/uus\/taimed\/"},{"@type":"ListItem","position":3,"name":"kergkruus 25L"}]},{"@type":"WebSite","@id":"https:\/\/inspiratsiooniaiad.ee\/uus\/#website","url":"https:\/\/inspiratsiooniaiad.ee\/uus\/","name":"Inspiratsiooniaiad","description":"Inspiratsiooniaedade park T&uuml;ril","publisher":{"@id":"https:\/\/inspiratsiooniaiad.ee\/uus\/#organization"},"potentialAction":[{"@type":"SearchAction","target":{"@type":"EntryPoint","urlTemplate":"https:\/\/inspiratsiooniaiad.ee\/uus\/?s={search_term_string}"},"query-input":{"@type":"PropertyValueSpecification","valueRequired":true,"valueName":"search_term_string"}}],"inLanguage":"et"},{"@type":"Organization","@id":"https:\/\/inspiratsiooniaiad.ee\/uus\/#organization","name":"Inspiratsiooniaedade Park","alternateName":"Inspiratsiooniaiad","url":"https:\/\/inspiratsiooniaiad.ee\/uus\/","logo":{"@type":"ImageObject","inLanguage":"et","@id":"https:\/\/inspiratsiooniaiad.ee\/uus\/#\/schema\/logo\/image\/","url":"https:\/\/inspiratsiooniaiad.ee\/uus\/wp-content\/uploads\/2025\/04\/Inspiratsiooni-500-x-235-px.png","contentUrl":"https:\/\/inspiratsiooniaiad.ee\/uus\/wp-content\/uploads\/2025\/04\/Inspiratsiooni-500-x-235-px.png","width":500,"height":235,"caption":"Inspiratsiooniaedade Park"},"image":{"@id":"https:\/\/inspiratsiooniaiad.ee\/uus\/#\/schema\/logo\/image\/"},"sameAs":["https:\/\/www.facebook.com\/Inspiratsiooniaedadepark","https:\/\/www.instagram.com\/inspiratsiooniaiad\/"]}]}},"_links":{"self":[{"href":"https:\/\/inspiratsiooniaiad.ee\/uus\/wp-json\/wp\/v2\/product\/7897","targetHints":{"allow":["GET"]}}],"collection":[{"href":"https:\/\/inspiratsiooniaiad.ee\/uus\/wp-json\/wp\/v2\/product"}],"about":[{"href":"https:\/\/inspiratsiooniaiad.ee\/uus\/wp-json\/wp\/v2\/types\/product"}],"wp:featuredmedia":[{"embeddable":true,"href":"https:\/\/inspiratsiooniaiad.ee\/uus\/wp-json\/wp\/v2\/media\/23209"}],"wp:attachment":[{"href":"https:\/\/inspiratsiooniaiad.ee\/uus\/wp-json\/wp\/v2\/media?parent=7897"}],"wp:term":[{"taxonomy":"product_brand","embeddable":true,"href":"https:\/\/inspiratsiooniaiad.ee\/uus\/wp-json\/wp\/v2\/product_brand?post=7897"},{"taxonomy":"product_cat","embeddable":true,"href":"https:\/\/inspiratsiooniaiad.ee\/uus\/wp-json\/wp\/v2\/product_cat?post=7897"},{"taxonomy":"product_tag","embeddable":true,"href":"https:\/\/inspiratsiooniaiad.ee\/uus\/wp-json\/wp\/v2\/product_tag?post=7897"}],"curies":[{"name":"wp","href":"https:\/\/api.w.org\/{rel}","templated":true}]}}